{"id":17276,"date":"2026-02-24T10:07:28","date_gmt":"2026-02-24T09:07:28","guid":{"rendered":"https:\/\/barcodedata.ch\/?post_type=product&#038;p=17276"},"modified":"2026-03-01T23:31:59","modified_gmt":"2026-03-01T22:31:59","slug":"power-supply-pour-opticon-ebs-40-ebs-50","status":"publish","type":"product","link":"https:\/\/barcodedata.ch\/en\/product\/power-supply-pour-opticon-ebs-40-ebs-50\/","title":{"rendered":"Power Supply EBS"},"content":{"rendered":"<p data-start=\"246\" data-end=\"743\">Le <strong data-start=\"249\" data-end=\"287\">power supply (bloc d\u2019alimentation)<\/strong> pour \u00a0<strong data-start=\"315\" data-end=\"333\">Opticon EBS-50<\/strong> est un accessoire essentiel qui permet de fournir <strong data-start=\"384\" data-end=\"445\">l\u2019\u00e9nergie \u00e9lectrique n\u00e9cessaire au fonctionnement continu<\/strong> de ces stations de base pour syst\u00e8me d\u2019\u00e9tiquettes \u00e9lectroniques ESL (<em data-start=\"515\" data-end=\"540\">Electronic Shelf Labels<\/em>). Le mod\u00e8le requi\u00e8re un <strong data-start=\"574\" data-end=\"636\">adaptateur externe conforme aux sp\u00e9cifications \u00e9lectriques<\/strong> afin d\u2019assurer une alimentation stable et s\u00e9curis\u00e9e du mat\u00e9riel ESL.<\/p>\n<p data-start=\"246\" data-end=\"743\">Le <strong data-start=\"2965\" data-end=\"3003\">bloc d\u2019alimentation<\/strong> pour Opticon \u00a0<strong data-start=\"3087\" data-end=\"3097\">EBS-50<\/strong>\u00a0doit fournir <strong data-start=\"3114\" data-end=\"3139\">9 V\u201316 V DC \u00e0 ~200 mA<\/strong> (<em data-start=\"3141\" data-end=\"3145\">ou<\/em> \u00eatre aliment\u00e9 via <strong data-start=\"3164\" data-end=\"3179\">PoE Class 3<\/strong> si disponible). Ces alimentations assurent une <strong data-start=\"3227\" data-end=\"3287\">alimentation stable et continue des stations de base ESL<\/strong>, garantissant une communication fiable avec les \u00e9tiquettes \u00e9lectroniques.<\/p>","protected":false},"excerpt":{"rendered":"<p>Le <strong data-start=\"249\" data-end=\"287\">power supply (bloc d\u2019alimentation)<\/strong> pour <strong data-start=\"315\" data-end=\"333\">Opticon EBS-50<\/strong> est un accessoire essentiel qui permet de fournir <strong data-start=\"384\" data-end=\"445\">l\u2019\u00e9nergie \u00e9lectrique n\u00e9cessaire au fonctionnement continu<\/strong> du station de base pour syst\u00e8me d\u2019\u00e9tiquettes \u00e9lectroniques ESL (<em data-start=\"515\" data-end=\"540\">Electronic Shelf Labels<\/em>). Le mod\u00e8le requi\u00e8re un <strong data-start=\"574\" data-end=\"636\">adaptateur externe conforme aux sp\u00e9cifications \u00e9lectriques<\/strong> afin d\u2019assurer une alimentation stable et s\u00e9curis\u00e9e du mat\u00e9riel ESL.<\/p>","protected":false},"featured_media":0,"template":"","meta":[],"product_brand":[193],"product_cat":[195],"product_tag":[],"class_list":{"0":"post-17276","1":"product","2":"type-product","3":"status-publish","5":"product_brand-opticon","6":"product_cat-accessoires","8":"first","9":"instock","10":"taxable","11":"shipping-taxable","12":"purchasable","13":"product-type-simple"},"_links":{"self":[{"href":"https:\/\/barcodedata.ch\/en\/wp-json\/wp\/v2\/product\/17276","targetHints":{"allow":["GET"]}}],"collection":[{"href":"https:\/\/barcodedata.ch\/en\/wp-json\/wp\/v2\/product"}],"about":[{"href":"https:\/\/barcodedata.ch\/en\/wp-json\/wp\/v2\/types\/product"}],"version-history":[{"count":4,"href":"https:\/\/barcodedata.ch\/en\/wp-json\/wp\/v2\/product\/17276\/revisions"}],"predecessor-version":[{"id":17332,"href":"https:\/\/barcodedata.ch\/en\/wp-json\/wp\/v2\/product\/17276\/revisions\/17332"}],"wp:attachment":[{"href":"https:\/\/barcodedata.ch\/en\/wp-json\/wp\/v2\/media?parent=17276"}],"wp:term":[{"taxonomy":"product_brand","embeddable":true,"href":"https:\/\/barcodedata.ch\/en\/wp-json\/wp\/v2\/product_brand?post=17276"},{"taxonomy":"product_cat","embeddable":true,"href":"https:\/\/barcodedata.ch\/en\/wp-json\/wp\/v2\/product_cat?post=17276"},{"taxonomy":"product_tag","embeddable":true,"href":"https:\/\/barcodedata.ch\/en\/wp-json\/wp\/v2\/product_tag?post=17276"}],"curies":[{"name":"wp","href":"https:\/\/api.w.org\/{rel}","templated":true}]}}