{"id":17270,"date":"2026-02-23T23:39:18","date_gmt":"2026-02-23T22:39:18","guid":{"rendered":"https:\/\/barcodedata.ch\/?post_type=product&#038;p=17270"},"modified":"2026-02-23T23:39:18","modified_gmt":"2026-02-23T22:39:18","slug":"cable-usb-c-usb-type-c","status":"publish","type":"product","link":"https:\/\/barcodedata.ch\/en\/product\/cable-usb-c-usb-type-c\/","title":{"rendered":"C\u00e2ble USB-C (USB Type-C)"},"content":{"rendered":"<p data-start=\"247\" data-end=\"766\">Un <strong data-start=\"250\" data-end=\"265\">c\u00e2ble USB-C<\/strong> (ou <strong data-start=\"270\" data-end=\"284\">USB Type-C<\/strong>) est un c\u00e2ble de connexion moderne dot\u00e9 de connecteurs <strong data-start=\"340\" data-end=\"361\">USB-C r\u00e9versibles<\/strong> aux deux extr\u00e9mit\u00e9s \u2014 cela signifie qu\u2019il peut \u00eatre branch\u00e9 <strong data-start=\"422\" data-end=\"450\">dans n\u2019importe quel sens<\/strong> (pas de \u201chaut\/bas\u201d). Le standard <strong data-start=\"484\" data-end=\"493\">USB-C<\/strong> remplace peu \u00e0 peu les anciennes prises USB-A, Micro-USB ou Mini-USB, et supporte \u00e0 la fois <strong data-start=\"586\" data-end=\"613\">le transfert de donn\u00e9es<\/strong>, <strong data-start=\"615\" data-end=\"644\">l\u2019alimentation \u00e9lectrique<\/strong> (y compris la charge rapide) et parfois m\u00eame <strong data-start=\"690\" data-end=\"727\">l\u2019audio\/vid\u00e9o selon les appareils<\/strong>.<\/p>\n<p data-start=\"768\" data-end=\"1005\">Ce type de c\u00e2ble est devenu la r\u00e9f\u00e9rence sur les appareils modernes tels que <strong data-start=\"845\" data-end=\"917\">smartphones, tablettes, ordinateurs portables, disques durs externes<\/strong>, mais aussi certains accessoires comme <strong data-start=\"957\" data-end=\"1004\">scanners, hubs USB ou terminaux de paiement<\/strong>.<\/p>","protected":false},"excerpt":{"rendered":"<p>Un <strong data-start=\"3738\" data-end=\"3753\">c\u00e2ble USB-C<\/strong> est un c\u00e2ble moderne r\u00e9versible pour <strong data-start=\"3791\" data-end=\"3866\">charger, transf\u00e9rer des donn\u00e9es et parfois transmettre de l\u2019audio\/vid\u00e9o<\/strong> sur des appareils \u00e9quip\u00e9s de ports USB-C \u2014 une solution universelle pour la connectivit\u00e9 et l\u2019\u00e9nergie.<\/p>","protected":false},"featured_media":17017,"template":"","meta":[],"product_brand":[],"product_cat":[195],"product_tag":[],"class_list":{"0":"post-17270","1":"product","2":"type-product","3":"status-publish","4":"has-post-thumbnail","6":"product_cat-accessoires","8":"first","9":"instock","10":"taxable","11":"shipping-taxable","12":"purchasable","13":"product-type-simple"},"_links":{"self":[{"href":"https:\/\/barcodedata.ch\/en\/wp-json\/wp\/v2\/product\/17270","targetHints":{"allow":["GET"]}}],"collection":[{"href":"https:\/\/barcodedata.ch\/en\/wp-json\/wp\/v2\/product"}],"about":[{"href":"https:\/\/barcodedata.ch\/en\/wp-json\/wp\/v2\/types\/product"}],"version-history":[{"count":1,"href":"https:\/\/barcodedata.ch\/en\/wp-json\/wp\/v2\/product\/17270\/revisions"}],"predecessor-version":[{"id":17271,"href":"https:\/\/barcodedata.ch\/en\/wp-json\/wp\/v2\/product\/17270\/revisions\/17271"}],"wp:featuredmedia":[{"embeddable":true,"href":"https:\/\/barcodedata.ch\/en\/wp-json\/wp\/v2\/media\/17017"}],"wp:attachment":[{"href":"https:\/\/barcodedata.ch\/en\/wp-json\/wp\/v2\/media?parent=17270"}],"wp:term":[{"taxonomy":"product_brand","embeddable":true,"href":"https:\/\/barcodedata.ch\/en\/wp-json\/wp\/v2\/product_brand?post=17270"},{"taxonomy":"product_cat","embeddable":true,"href":"https:\/\/barcodedata.ch\/en\/wp-json\/wp\/v2\/product_cat?post=17270"},{"taxonomy":"product_tag","embeddable":true,"href":"https:\/\/barcodedata.ch\/en\/wp-json\/wp\/v2\/product_tag?post=17270"}],"curies":[{"name":"wp","href":"https:\/\/api.w.org\/{rel}","templated":true}]}}