{"id":17260,"date":"2026-02-23T22:37:28","date_gmt":"2026-02-23T21:37:28","guid":{"rendered":"https:\/\/barcodedata.ch\/?post_type=product&#038;p=17260"},"modified":"2026-02-23T22:37:28","modified_gmt":"2026-02-23T21:37:28","slug":"cable-usb-pour-p-250","status":"publish","type":"product","link":"https:\/\/barcodedata.ch\/en\/product\/cable-usb-pour-p-250\/","title":{"rendered":"C\u00e2ble USB pour P-250"},"content":{"rendered":"<p data-start=\"167\" data-end=\"591\">Le <strong data-start=\"170\" data-end=\"202\">c\u00e2ble USB pour Opticon P-250<\/strong> est un <strong data-start=\"210\" data-end=\"241\">accessoire officiel Opticon<\/strong> con\u00e7u pour connecter le <strong data-start=\"266\" data-end=\"288\">scanner fixe P-250<\/strong> \u00e0 un ordinateur ou un syst\u00e8me h\u00f4te via interface USB (mode HID ou VCP). Il permet une <strong data-start=\"375\" data-end=\"409\">transmission de donn\u00e9es fiable<\/strong> et l\u2019<strong data-start=\"415\" data-end=\"442\">alimentation du scanner<\/strong> lorsque celui-ci est utilis\u00e9 dans des applications telles que points de vente, kiosques ou syst\u00e8mes embarqu\u00e9s.<\/p>\n<p data-start=\"593\" data-end=\"820\">Ce c\u00e2ble est <strong data-start=\"606\" data-end=\"614\">noir<\/strong>, avec une longueur pratique (~2 m) et des <strong data-start=\"657\" data-end=\"680\">connecteurs adapt\u00e9s<\/strong> pour faire le lien entre la prise RJ50 du scanner et un port USB-A standard sur l\u2019ordinateur\/syst\u00e8me.<\/p>","protected":false},"excerpt":{"rendered":"<p>le <strong data-start=\"3038\" data-end=\"3077\">c\u00e2ble USB noir Opticon (r\u00e9f. 15264)<\/strong> est l\u2019accessoire essentiel pour connecter ton <strong data-start=\"3124\" data-end=\"3133\">P-250<\/strong> via USB, offrant alimentation et transfert de donn\u00e9es en <strong data-start=\"3191\" data-end=\"3210\">mode HID ou VCP<\/strong> selon ton besoin.<\/p>","protected":false},"featured_media":17261,"template":"","meta":[],"product_brand":[193],"product_cat":[195],"product_tag":[],"class_list":{"0":"post-17260","1":"product","2":"type-product","3":"status-publish","4":"has-post-thumbnail","6":"product_brand-opticon","7":"product_cat-accessoires","9":"first","10":"instock","11":"taxable","12":"shipping-taxable","13":"purchasable","14":"product-type-simple"},"_links":{"self":[{"href":"https:\/\/barcodedata.ch\/en\/wp-json\/wp\/v2\/product\/17260","targetHints":{"allow":["GET"]}}],"collection":[{"href":"https:\/\/barcodedata.ch\/en\/wp-json\/wp\/v2\/product"}],"about":[{"href":"https:\/\/barcodedata.ch\/en\/wp-json\/wp\/v2\/types\/product"}],"version-history":[{"count":1,"href":"https:\/\/barcodedata.ch\/en\/wp-json\/wp\/v2\/product\/17260\/revisions"}],"predecessor-version":[{"id":17262,"href":"https:\/\/barcodedata.ch\/en\/wp-json\/wp\/v2\/product\/17260\/revisions\/17262"}],"wp:featuredmedia":[{"embeddable":true,"href":"https:\/\/barcodedata.ch\/en\/wp-json\/wp\/v2\/media\/17261"}],"wp:attachment":[{"href":"https:\/\/barcodedata.ch\/en\/wp-json\/wp\/v2\/media?parent=17260"}],"wp:term":[{"taxonomy":"product_brand","embeddable":true,"href":"https:\/\/barcodedata.ch\/en\/wp-json\/wp\/v2\/product_brand?post=17260"},{"taxonomy":"product_cat","embeddable":true,"href":"https:\/\/barcodedata.ch\/en\/wp-json\/wp\/v2\/product_cat?post=17260"},{"taxonomy":"product_tag","embeddable":true,"href":"https:\/\/barcodedata.ch\/en\/wp-json\/wp\/v2\/product_tag?post=17260"}],"curies":[{"name":"wp","href":"https:\/\/api.w.org\/{rel}","templated":true}]}}