{"id":17253,"date":"2026-02-23T22:24:10","date_gmt":"2026-02-23T21:24:10","guid":{"rendered":"https:\/\/barcodedata.ch\/?post_type=product&#038;p=17253"},"modified":"2026-03-23T22:26:31","modified_gmt":"2026-03-23T21:26:31","slug":"p-250","status":"publish","type":"product","link":"https:\/\/barcodedata.ch\/en\/product\/p-250\/","title":{"rendered":"P-250"},"content":{"rendered":"<p data-start=\"244\" data-end=\"671\">Le <strong data-start=\"247\" data-end=\"264\">Opticon P-250<\/strong> est un <strong data-start=\"272\" data-end=\"315\">scanner \u00e0 montage fixe 2D (fixed mount)<\/strong> con\u00e7u pour la lecture automatique et mains-libres de <strong data-start=\"369\" data-end=\"394\">codes-barres 1D et 2D<\/strong>, y compris sur supports papier ou \u00e9crans. Il combine un <strong data-start=\"451\" data-end=\"484\">capteur CMOS haute r\u00e9solution<\/strong> avec un traitement rapide jusqu\u2019\u00e0 <strong data-start=\"519\" data-end=\"545\">120 images par seconde<\/strong>, garantissant une capture fiable m\u00eame dans des environnements \u00e0 fort volume de passage.<\/p>\n<p data-start=\"673\" data-end=\"1017\">Ce mod\u00e8le est livr\u00e9 avec <strong data-start=\"698\" data-end=\"726\">interfaces USB et RS-232<\/strong>, offrant <strong data-start=\"736\" data-end=\"764\">flexibilit\u00e9 de connexion<\/strong> \u00e0 des syst\u00e8mes POS, automates, kiosques ou applications industrielles. Gr\u00e2ce \u00e0 sa <strong data-start=\"847\" data-end=\"871\">lentille grand angle<\/strong> et \u00e0 ses LED d\u2019\u00e9clairage r\u00e9glables, il capture les codes dans une large plage de distances et orientations.<\/p>","protected":false},"excerpt":{"rendered":"<p data-start=\"4200\" data-end=\"4508\">Le <strong data-start=\"4206\" data-end=\"4223\">Opticon P-250<\/strong> est un <strong data-start=\"4231\" data-end=\"4275\">scanner fixe 2D CMOS hautes performances<\/strong>, avec lecture jusqu\u2019\u00e0 <strong data-start=\"4298\" data-end=\"4309\">120 fps<\/strong>, interfaces <strong data-start=\"4322\" data-end=\"4349\">USB (HID\/VCP) et RS-232<\/strong>, lentille grand angle et \u00e9clairage LED r\u00e9glable \u2014 id\u00e9al pour <strong data-start=\"4411\" data-end=\"4467\">POS, kiosques, production industrielle et logistique<\/strong>.<\/p>","protected":false},"featured_media":16289,"template":"","meta":[],"product_brand":[193],"product_cat":[171,182],"product_tag":[],"class_list":{"0":"post-17253","1":"product","2":"type-product","3":"status-publish","4":"has-post-thumbnail","6":"product_brand-opticon","7":"product_cat-lecteurs-fixes","8":"product_cat-lecteurs-fixes-2d","10":"first","11":"instock","12":"taxable","13":"shipping-taxable","14":"purchasable","15":"product-type-simple"},"_links":{"self":[{"href":"https:\/\/barcodedata.ch\/en\/wp-json\/wp\/v2\/product\/17253","targetHints":{"allow":["GET"]}}],"collection":[{"href":"https:\/\/barcodedata.ch\/en\/wp-json\/wp\/v2\/product"}],"about":[{"href":"https:\/\/barcodedata.ch\/en\/wp-json\/wp\/v2\/types\/product"}],"version-history":[{"count":1,"href":"https:\/\/barcodedata.ch\/en\/wp-json\/wp\/v2\/product\/17253\/revisions"}],"predecessor-version":[{"id":17259,"href":"https:\/\/barcodedata.ch\/en\/wp-json\/wp\/v2\/product\/17253\/revisions\/17259"}],"wp:featuredmedia":[{"embeddable":true,"href":"https:\/\/barcodedata.ch\/en\/wp-json\/wp\/v2\/media\/16289"}],"wp:attachment":[{"href":"https:\/\/barcodedata.ch\/en\/wp-json\/wp\/v2\/media?parent=17253"}],"wp:term":[{"taxonomy":"product_brand","embeddable":true,"href":"https:\/\/barcodedata.ch\/en\/wp-json\/wp\/v2\/product_brand?post=17253"},{"taxonomy":"product_cat","embeddable":true,"href":"https:\/\/barcodedata.ch\/en\/wp-json\/wp\/v2\/product_cat?post=17253"},{"taxonomy":"product_tag","embeddable":true,"href":"https:\/\/barcodedata.ch\/en\/wp-json\/wp\/v2\/product_tag?post=17253"}],"curies":[{"name":"wp","href":"https:\/\/api.w.org\/{rel}","templated":true}]}}