{"id":17204,"date":"2026-02-22T23:32:42","date_gmt":"2026-02-22T22:32:42","guid":{"rendered":"https:\/\/barcodedata.ch\/?post_type=product&#038;p=17204"},"modified":"2026-03-23T22:26:42","modified_gmt":"2026-03-23T21:26:42","slug":"mdi-4700","status":"publish","type":"product","link":"https:\/\/barcodedata.ch\/en\/product\/mdi-4700\/","title":{"rendered":"MDI-4700"},"content":{"rendered":"<p data-start=\"231\" data-end=\"604\">Le <strong data-start=\"234\" data-end=\"254\">Opticon MDI-4700<\/strong> est un <strong data-start=\"262\" data-end=\"328\">scan engine (module de lecture d\u2019images 2D CMOS) haut de gamme<\/strong>, con\u00e7u pour les int\u00e9grateurs qui souhaitent ajouter <strong data-start=\"381\" data-end=\"456\">une capacit\u00e9 de lecture rapide et pr\u00e9cise de codes-barres 1D, 2D et OCR<\/strong> dans leurs propres produits OEM (terminaux mobiles, kiosques, syst\u00e8mes embarqu\u00e9s, lecteurs de billets, etc.).<\/p>\n<p data-start=\"606\" data-end=\"895\">Avec son <strong data-start=\"615\" data-end=\"667\">profil ultra-fin de seulement ~10 mm d\u2019\u00e9paisseur<\/strong>, une puissance de traitement \u00e9lev\u00e9e et des capacit\u00e9s de lecture avanc\u00e9es, il facilite l\u2019int\u00e9gration dans les appareils o\u00f9 l\u2019espace est limit\u00e9 mais o\u00f9 la performance de scan est essentielle.<\/p>","protected":false},"excerpt":{"rendered":"<p>Le <strong data-start=\"5710\" data-end=\"5730\">Opticon MDI-4700<\/strong> est un <strong data-start=\"5738\" data-end=\"5782\">module scan engine 2D CMOS ultra-compact<\/strong> avec decodeur int\u00e9gr\u00e9, con\u00e7u pour une int\u00e9gration OEM dans des appareils modernes et performants, capable de lire rapidement une large gamme de codes-barres et de donn\u00e9es avec un minimum d\u2019encombrement.<\/p>","protected":false},"featured_media":17205,"template":"","meta":[],"product_brand":[193],"product_cat":[172,184],"product_tag":[],"class_list":{"0":"post-17204","1":"product","2":"type-product","3":"status-publish","4":"has-post-thumbnail","6":"product_brand-opticon","7":"product_cat-lecteurs-oem","8":"product_cat-lecteurs-oem-2d","10":"first","11":"instock","12":"taxable","13":"shipping-taxable","14":"purchasable","15":"product-type-simple"},"_links":{"self":[{"href":"https:\/\/barcodedata.ch\/en\/wp-json\/wp\/v2\/product\/17204","targetHints":{"allow":["GET"]}}],"collection":[{"href":"https:\/\/barcodedata.ch\/en\/wp-json\/wp\/v2\/product"}],"about":[{"href":"https:\/\/barcodedata.ch\/en\/wp-json\/wp\/v2\/types\/product"}],"version-history":[{"count":1,"href":"https:\/\/barcodedata.ch\/en\/wp-json\/wp\/v2\/product\/17204\/revisions"}],"predecessor-version":[{"id":17213,"href":"https:\/\/barcodedata.ch\/en\/wp-json\/wp\/v2\/product\/17204\/revisions\/17213"}],"wp:featuredmedia":[{"embeddable":true,"href":"https:\/\/barcodedata.ch\/en\/wp-json\/wp\/v2\/media\/17205"}],"wp:attachment":[{"href":"https:\/\/barcodedata.ch\/en\/wp-json\/wp\/v2\/media?parent=17204"}],"wp:term":[{"taxonomy":"product_brand","embeddable":true,"href":"https:\/\/barcodedata.ch\/en\/wp-json\/wp\/v2\/product_brand?post=17204"},{"taxonomy":"product_cat","embeddable":true,"href":"https:\/\/barcodedata.ch\/en\/wp-json\/wp\/v2\/product_cat?post=17204"},{"taxonomy":"product_tag","embeddable":true,"href":"https:\/\/barcodedata.ch\/en\/wp-json\/wp\/v2\/product_tag?post=17204"}],"curies":[{"name":"wp","href":"https:\/\/api.w.org\/{rel}","templated":true}]}}