{"id":17192,"date":"2026-02-22T23:00:31","date_gmt":"2026-02-22T22:00:31","guid":{"rendered":"https:\/\/barcodedata.ch\/?post_type=product&#038;p=17192"},"modified":"2026-03-22T01:35:10","modified_gmt":"2026-03-22T00:35:10","slug":"msl-1400","status":"publish","type":"product","link":"https:\/\/barcodedata.ch\/en\/product\/msl-1400\/","title":{"rendered":"MSL-1400"},"content":{"rendered":"<p data-start=\"238\" data-end=\"724\">Le <strong data-start=\"241\" data-end=\"261\">Opticon MSL-1400<\/strong> est un <strong data-start=\"269\" data-end=\"317\">moteur de lecture laser 1D OEM (<em data-start=\"303\" data-end=\"314\">Undecoded<\/em>)<\/strong> con\u00e7u pour les int\u00e9grateurs et fabricants qui souhaitent ajouter une <strong data-start=\"387\" data-end=\"497\">fonction de capture de codes-barres rapide dans leurs propres produits \u00e9lectroniques ou syst\u00e8mes embarqu\u00e9s<\/strong>. Ce module tr\u00e8s compact combine un <strong data-start=\"533\" data-end=\"557\">laser visible 650 nm<\/strong>, une <strong data-start=\"563\" data-end=\"601\">lecture bi-directionnelle efficace<\/strong> et une conception l\u00e9g\u00e8re facilitant son <strong data-start=\"642\" data-end=\"685\">int\u00e9gration dans des espaces restreints<\/strong>.<\/p>\n<p data-start=\"726\" data-end=\"975\">L\u2019interface de sortie g\u00e9n\u00e8re un <strong data-start=\"758\" data-end=\"796\">signal num\u00e9rique brut (TTl serial)<\/strong> pr\u00eat \u00e0 \u00eatre trait\u00e9 par une \u00e9lectronique h\u00f4te, ce qui en fait une <strong data-start=\"862\" data-end=\"892\">solution flexible pour OEM<\/strong>, bornes, terminaux ou appareils industriels.<\/p>","protected":false},"excerpt":{"rendered":"<p><strong data-start=\"4728\" data-end=\"4748\">Opticon MSL-1400<\/strong> est un <em data-start=\"4751\" data-end=\"4910\">module laser de scan 1D OEM non d\u00e9cod\u00e9, compact, rapide (100 scans\/sec), signal TTL via FFC, id\u00e9al pour int\u00e9gration dans produits \u00e9lectroniques personnalis\u00e9s<\/em><\/p>","protected":false},"featured_media":17193,"template":"","meta":[],"product_brand":[193],"product_cat":[172,183],"product_tag":[],"class_list":{"0":"post-17192","1":"product","2":"type-product","3":"status-publish","4":"has-post-thumbnail","6":"product_brand-opticon","7":"product_cat-lecteurs-oem","8":"product_cat-lecteurs-oem-1d","10":"first","11":"instock","12":"taxable","13":"shipping-taxable","14":"purchasable","15":"product-type-simple"},"_links":{"self":[{"href":"https:\/\/barcodedata.ch\/en\/wp-json\/wp\/v2\/product\/17192","targetHints":{"allow":["GET"]}}],"collection":[{"href":"https:\/\/barcodedata.ch\/en\/wp-json\/wp\/v2\/product"}],"about":[{"href":"https:\/\/barcodedata.ch\/en\/wp-json\/wp\/v2\/types\/product"}],"version-history":[{"count":1,"href":"https:\/\/barcodedata.ch\/en\/wp-json\/wp\/v2\/product\/17192\/revisions"}],"predecessor-version":[{"id":17197,"href":"https:\/\/barcodedata.ch\/en\/wp-json\/wp\/v2\/product\/17192\/revisions\/17197"}],"wp:featuredmedia":[{"embeddable":true,"href":"https:\/\/barcodedata.ch\/en\/wp-json\/wp\/v2\/media\/17193"}],"wp:attachment":[{"href":"https:\/\/barcodedata.ch\/en\/wp-json\/wp\/v2\/media?parent=17192"}],"wp:term":[{"taxonomy":"product_brand","embeddable":true,"href":"https:\/\/barcodedata.ch\/en\/wp-json\/wp\/v2\/product_brand?post=17192"},{"taxonomy":"product_cat","embeddable":true,"href":"https:\/\/barcodedata.ch\/en\/wp-json\/wp\/v2\/product_cat?post=17192"},{"taxonomy":"product_tag","embeddable":true,"href":"https:\/\/barcodedata.ch\/en\/wp-json\/wp\/v2\/product_tag?post=17192"}],"curies":[{"name":"wp","href":"https:\/\/api.w.org\/{rel}","templated":true}]}}