{"id":17189,"date":"2026-02-22T22:52:10","date_gmt":"2026-02-22T21:52:10","guid":{"rendered":"https:\/\/barcodedata.ch\/?post_type=product&#038;p=17189"},"modified":"2026-02-28T18:00:38","modified_gmt":"2026-02-28T17:00:38","slug":"cable-ffc-flat-flexible-cable","status":"publish","type":"product","link":"https:\/\/barcodedata.ch\/en\/product\/cable-ffc-flat-flexible-cable\/","title":{"rendered":"C\u00e2ble FFC (Flat Flexible Cable)"},"content":{"rendered":"<p data-start=\"277\" data-end=\"771\">Le <strong data-start=\"280\" data-end=\"317\">c\u00e2ble <em data-start=\"288\" data-end=\"293\">FFC<\/em> (Flat Flexible Cable)<\/strong> destin\u00e9 au <strong data-start=\"329\" data-end=\"349\">Opticon MDL-2001<\/strong> est un <strong data-start=\"357\" data-end=\"392\">c\u00e2ble plat \u00e0 contacts flexibles<\/strong>, utilis\u00e9 pour connecter le <strong data-start=\"420\" data-end=\"454\">moteur de lecture laser 1D OEM<\/strong> MDL-2001 \u00e0 une <strong data-start=\"470\" data-end=\"514\">carte \u00e9lectronique h\u00f4te ou un contr\u00f4leur<\/strong>. Ce c\u00e2ble est essentiel parce que le MDL-2001 n\u2019a pas de connecteur standard mont\u00e9 sur carte : sa communication (donn\u00e9es et alimentation) se fait par un <strong data-start=\"668\" data-end=\"724\">connecteur 12 broches FFC Zero-Insertion-Force (ZIF)<\/strong> int\u00e9gr\u00e9.<\/p>\n<p data-start=\"773\" data-end=\"1037\">Un <strong data-start=\"776\" data-end=\"789\">c\u00e2ble FFC<\/strong> est typiquement une <strong data-start=\"810\" data-end=\"842\">nappe plate fine et flexible<\/strong>, qui permet une connexion compacte entre le moteur de lecture Opticon et la PCB de l\u2019appareil OEM sans ajouter d\u2019encombrement ni de connectique encombrante.<\/p>","protected":false},"excerpt":{"rendered":"<p>Le <strong data-start=\"280\" data-end=\"317\">c\u00e2ble <em data-start=\"288\" data-end=\"293\">FFC<\/em> (Flat Flexible Cable)<\/strong> destin\u00e9 au <strong data-start=\"329\" data-end=\"349\">Opticon MDL-2001<\/strong> est un <strong data-start=\"357\" data-end=\"392\">c\u00e2ble plat \u00e0 contacts flexibles<\/strong>, utilis\u00e9 pour connecter le <strong data-start=\"420\" data-end=\"454\">moteur de lecture laser 1D OEM<\/strong> MDL-2001 \u00e0 une <strong data-start=\"470\" data-end=\"514\">carte \u00e9lectronique h\u00f4te ou un contr\u00f4leur<\/strong>. Ce c\u00e2ble est essentiel parce que le MDL-2001 n\u2019a pas de connecteur standard mont\u00e9 sur carte : sa communication (donn\u00e9es et alimentation) se fait par un <strong data-start=\"668\" data-end=\"724\">connecteur 12 broches FFC Zero-Insertion-Force (ZIF)<\/strong> int\u00e9gr\u00e9.<\/p>","protected":false},"featured_media":17190,"template":"","meta":[],"product_brand":[193],"product_cat":[195],"product_tag":[],"class_list":{"0":"post-17189","1":"product","2":"type-product","3":"status-publish","4":"has-post-thumbnail","6":"product_brand-opticon","7":"product_cat-accessoires","9":"first","10":"instock","11":"taxable","12":"shipping-taxable","13":"purchasable","14":"product-type-simple"},"_links":{"self":[{"href":"https:\/\/barcodedata.ch\/en\/wp-json\/wp\/v2\/product\/17189","targetHints":{"allow":["GET"]}}],"collection":[{"href":"https:\/\/barcodedata.ch\/en\/wp-json\/wp\/v2\/product"}],"about":[{"href":"https:\/\/barcodedata.ch\/en\/wp-json\/wp\/v2\/types\/product"}],"version-history":[{"count":1,"href":"https:\/\/barcodedata.ch\/en\/wp-json\/wp\/v2\/product\/17189\/revisions"}],"predecessor-version":[{"id":17191,"href":"https:\/\/barcodedata.ch\/en\/wp-json\/wp\/v2\/product\/17189\/revisions\/17191"}],"wp:featuredmedia":[{"embeddable":true,"href":"https:\/\/barcodedata.ch\/en\/wp-json\/wp\/v2\/media\/17190"}],"wp:attachment":[{"href":"https:\/\/barcodedata.ch\/en\/wp-json\/wp\/v2\/media?parent=17189"}],"wp:term":[{"taxonomy":"product_brand","embeddable":true,"href":"https:\/\/barcodedata.ch\/en\/wp-json\/wp\/v2\/product_brand?post=17189"},{"taxonomy":"product_cat","embeddable":true,"href":"https:\/\/barcodedata.ch\/en\/wp-json\/wp\/v2\/product_cat?post=17189"},{"taxonomy":"product_tag","embeddable":true,"href":"https:\/\/barcodedata.ch\/en\/wp-json\/wp\/v2\/product_tag?post=17189"}],"curies":[{"name":"wp","href":"https:\/\/api.w.org\/{rel}","templated":true}]}}