{"id":17179,"date":"2026-02-22T22:13:07","date_gmt":"2026-02-22T21:13:07","guid":{"rendered":"https:\/\/barcodedata.ch\/?post_type=product&#038;p=17179"},"modified":"2026-03-22T01:35:42","modified_gmt":"2026-03-22T00:35:42","slug":"mdl-1500","status":"publish","type":"product","link":"https:\/\/barcodedata.ch\/en\/product\/mdl-1500\/","title":{"rendered":"MDL-1500"},"content":{"rendered":"<p>Le <strong data-start=\"222\" data-end=\"242\">Opticon MDL-1500<\/strong> est un <strong data-start=\"250\" data-end=\"331\">moteur de lecture de code-barres laser 1D ultra-compact avec d\u00e9codeur int\u00e9gr\u00e9<\/strong>, sp\u00e9cialement con\u00e7u pour \u00eatre int\u00e9gr\u00e9 dans des appareils portables ou fixes tels que <strong data-start=\"417\" data-end=\"513\">terminaux OEM, appareils m\u00e9dicaux, kiosques, syst\u00e8mes embarqu\u00e9s ou dispositifs personnalis\u00e9s<\/strong>. Ce module garantit une <strong data-start=\"538\" data-end=\"586\">lecture rapide, fiable et \u00e9conome en \u00e9nergie<\/strong> des codes-barres lin\u00e9aires, tout en offrant une <strong data-start=\"635\" data-end=\"661\">facilit\u00e9 d\u2019int\u00e9gration<\/strong> gr\u00e2ce \u00e0 sa conception plate et l\u00e9g\u00e8re.<\/p>","protected":false},"excerpt":{"rendered":"<p>Le <strong data-start=\"222\" data-end=\"242\">Opticon MDL-1500<\/strong> est un <strong data-start=\"250\" data-end=\"331\">moteur de lecture de code-barres laser 1D ultra-compact avec d\u00e9codeur int\u00e9gr\u00e9<\/strong>, sp\u00e9cialement con\u00e7u pour \u00eatre int\u00e9gr\u00e9 dans des appareils portables ou fixes tels que <strong data-start=\"417\" data-end=\"513\">terminaux OEM, appareils m\u00e9dicaux, kiosques, syst\u00e8mes embarqu\u00e9s ou dispositifs personnalis\u00e9s<\/strong>. Ce module garantit une <strong data-start=\"538\" data-end=\"586\">lecture rapide, fiable et \u00e9conome en \u00e9nergie<\/strong> des codes-barres lin\u00e9aires, tout en offrant une <strong data-start=\"635\" data-end=\"661\">facilit\u00e9 d\u2019int\u00e9gration<\/strong> gr\u00e2ce \u00e0 sa conception plate et l\u00e9g\u00e8re.<\/p>","protected":false},"featured_media":17180,"template":"","meta":[],"product_brand":[193],"product_cat":[172,183],"product_tag":[],"class_list":{"0":"post-17179","1":"product","2":"type-product","3":"status-publish","4":"has-post-thumbnail","6":"product_brand-opticon","7":"product_cat-lecteurs-oem","8":"product_cat-lecteurs-oem-1d","10":"first","11":"instock","12":"taxable","13":"shipping-taxable","14":"purchasable","15":"product-type-simple"},"_links":{"self":[{"href":"https:\/\/barcodedata.ch\/en\/wp-json\/wp\/v2\/product\/17179","targetHints":{"allow":["GET"]}}],"collection":[{"href":"https:\/\/barcodedata.ch\/en\/wp-json\/wp\/v2\/product"}],"about":[{"href":"https:\/\/barcodedata.ch\/en\/wp-json\/wp\/v2\/types\/product"}],"version-history":[{"count":1,"href":"https:\/\/barcodedata.ch\/en\/wp-json\/wp\/v2\/product\/17179\/revisions"}],"predecessor-version":[{"id":17182,"href":"https:\/\/barcodedata.ch\/en\/wp-json\/wp\/v2\/product\/17179\/revisions\/17182"}],"wp:featuredmedia":[{"embeddable":true,"href":"https:\/\/barcodedata.ch\/en\/wp-json\/wp\/v2\/media\/17180"}],"wp:attachment":[{"href":"https:\/\/barcodedata.ch\/en\/wp-json\/wp\/v2\/media?parent=17179"}],"wp:term":[{"taxonomy":"product_brand","embeddable":true,"href":"https:\/\/barcodedata.ch\/en\/wp-json\/wp\/v2\/product_brand?post=17179"},{"taxonomy":"product_cat","embeddable":true,"href":"https:\/\/barcodedata.ch\/en\/wp-json\/wp\/v2\/product_cat?post=17179"},{"taxonomy":"product_tag","embeddable":true,"href":"https:\/\/barcodedata.ch\/en\/wp-json\/wp\/v2\/product_tag?post=17179"}],"curies":[{"name":"wp","href":"https:\/\/api.w.org\/{rel}","templated":true}]}}