{"id":17175,"date":"2026-02-22T21:06:03","date_gmt":"2026-02-22T20:06:03","guid":{"rendered":"https:\/\/barcodedata.ch\/?post_type=product&#038;p=17175"},"modified":"2026-03-22T01:35:56","modified_gmt":"2026-03-22T00:35:56","slug":"mdl-1000","status":"publish","type":"product","link":"https:\/\/barcodedata.ch\/en\/product\/mdl-1000\/","title":{"rendered":"MDL-1000"},"content":{"rendered":"<p>Le <strong data-start=\"201\" data-end=\"221\">Opticon MDL-1000<\/strong> est un <strong data-start=\"229\" data-end=\"292\">moteur de lecture de codes-barres laser 1D de petite taille<\/strong>, con\u00e7u pour \u00eatre int\u00e9gr\u00e9 dans des <strong data-start=\"327\" data-end=\"363\">appareils portables ou fixes OEM<\/strong> (smartphones industriels, terminaux, dispositifs m\u00e9dicaux, kiosques, etc.). Il combine une <strong data-start=\"455\" data-end=\"485\">diode laser visible 650 nm<\/strong>, un syst\u00e8me de <em data-start=\"501\" data-end=\"523\">scan bi-directionnel<\/em> et un <strong data-start=\"530\" data-end=\"550\">d\u00e9codeur interne<\/strong>, offrant une solution compl\u00e8te et fiable pour la lecture de codes-barres 1D dans des espaces <strong data-start=\"644\" data-end=\"663\">tr\u00e8s contraints<\/strong>.<\/p>","protected":false},"excerpt":{"rendered":"<p>Le <strong data-start=\"201\" data-end=\"221\">Opticon MDL-1000<\/strong> est un <strong data-start=\"229\" data-end=\"292\">moteur de lecture de codes-barres laser 1D de petite taille<\/strong>, con\u00e7u pour \u00eatre int\u00e9gr\u00e9 dans des <strong data-start=\"327\" data-end=\"363\">appareils portables ou fixes OEM<\/strong> (smartphones industriels, terminaux, dispositifs m\u00e9dicaux, kiosques, etc.). Il combine une <strong data-start=\"455\" data-end=\"485\">diode laser visible 650 nm<\/strong>, un syst\u00e8me de <em data-start=\"501\" data-end=\"523\">scan bi-directionnel<\/em> et un <strong data-start=\"530\" data-end=\"550\">d\u00e9codeur interne<\/strong>, offrant une solution compl\u00e8te et fiable pour la lecture de codes-barres 1D dans des espaces <strong data-start=\"644\" data-end=\"663\">tr\u00e8s contraints<\/strong>.<\/p>","protected":false},"featured_media":17176,"template":"","meta":[],"product_brand":[193],"product_cat":[172,183],"product_tag":[],"class_list":{"0":"post-17175","1":"product","2":"type-product","3":"status-publish","4":"has-post-thumbnail","6":"product_brand-opticon","7":"product_cat-lecteurs-oem","8":"product_cat-lecteurs-oem-1d","10":"first","11":"instock","12":"taxable","13":"shipping-taxable","14":"purchasable","15":"product-type-simple"},"_links":{"self":[{"href":"https:\/\/barcodedata.ch\/en\/wp-json\/wp\/v2\/product\/17175","targetHints":{"allow":["GET"]}}],"collection":[{"href":"https:\/\/barcodedata.ch\/en\/wp-json\/wp\/v2\/product"}],"about":[{"href":"https:\/\/barcodedata.ch\/en\/wp-json\/wp\/v2\/types\/product"}],"version-history":[{"count":1,"href":"https:\/\/barcodedata.ch\/en\/wp-json\/wp\/v2\/product\/17175\/revisions"}],"predecessor-version":[{"id":17178,"href":"https:\/\/barcodedata.ch\/en\/wp-json\/wp\/v2\/product\/17175\/revisions\/17178"}],"wp:featuredmedia":[{"embeddable":true,"href":"https:\/\/barcodedata.ch\/en\/wp-json\/wp\/v2\/media\/17176"}],"wp:attachment":[{"href":"https:\/\/barcodedata.ch\/en\/wp-json\/wp\/v2\/media?parent=17175"}],"wp:term":[{"taxonomy":"product_brand","embeddable":true,"href":"https:\/\/barcodedata.ch\/en\/wp-json\/wp\/v2\/product_brand?post=17175"},{"taxonomy":"product_cat","embeddable":true,"href":"https:\/\/barcodedata.ch\/en\/wp-json\/wp\/v2\/product_cat?post=17175"},{"taxonomy":"product_tag","embeddable":true,"href":"https:\/\/barcodedata.ch\/en\/wp-json\/wp\/v2\/product_tag?post=17175"}],"curies":[{"name":"wp","href":"https:\/\/api.w.org\/{rel}","templated":true}]}}