{"id":17170,"date":"2026-02-22T20:22:06","date_gmt":"2026-02-22T19:22:06","guid":{"rendered":"https:\/\/barcodedata.ch\/?post_type=product&#038;p=17170"},"modified":"2026-03-22T01:36:14","modified_gmt":"2026-03-22T00:36:14","slug":"mek-3100","status":"publish","type":"product","link":"https:\/\/barcodedata.ch\/en\/product\/mek-3100\/","title":{"rendered":"MEK-3100"},"content":{"rendered":"<p data-start=\"231\" data-end=\"769\">Le <strong data-start=\"234\" data-end=\"254\">Opticon\u202fMEK\u20113100<\/strong> est un <strong data-start=\"262\" data-end=\"343\">kit de d\u00e9veloppement universel pour moteurs de lecture (scan engines) Opticon<\/strong>, con\u00e7u pour <strong data-start=\"356\" data-end=\"402\">tester et \u00e9valuer rapidement et facilement<\/strong> les modules de scan sans avoir besoin de d\u00e9velopper des circuits \u00e9lectroniques ou des c\u00e2bles sp\u00e9cifiques. Il comprend tous les <strong data-start=\"530\" data-end=\"609\">accessoires n\u00e9cessaires pour connecter un moteur de lecture \u00e0 un ordinateur<\/strong>, en facilitant ainsi l\u2019exploration, la programmation et l\u2019int\u00e9gration des scan engines dans des produits OEM ou int\u00e9gr\u00e9s.<\/p>\n<p data-start=\"771\" data-end=\"1072\">Ce testkit est particuli\u00e8rement utile pour les ing\u00e9nieurs, d\u00e9veloppeurs et int\u00e9grateurs qui souhaitent <strong data-start=\"874\" data-end=\"944\">d\u00e9buter imm\u00e9diatement le prototypage ou l\u2019\u00e9valuation fonctionnelle<\/strong> d\u2019un moteur de lecture Opticon, sans concevoir eux\u2011m\u00eames une interface hardware complexe.<\/p>","protected":false},"excerpt":{"rendered":"<p>Le <strong data-start=\"5089\" data-end=\"5117\">Opticon MEK\u20113100 Testkit<\/strong> est un <strong data-start=\"5125\" data-end=\"5191\">kit de d\u00e9veloppement universel pour moteurs de lecture Opticon<\/strong>, avec c\u00e2bles USB\/RS\u2011232, alimentation et accessoires inclus, con\u00e7u pour <strong data-start=\"5264\" data-end=\"5328\">tester, \u00e9valuer et prototyper rapidement des modules de scan<\/strong> sans d\u00e9veloppement hardware d\u00e9di\u00e9.<\/p>","protected":false},"featured_media":17172,"template":"","meta":[],"product_brand":[193],"product_cat":[172,184],"product_tag":[],"class_list":{"0":"post-17170","1":"product","2":"type-product","3":"status-publish","4":"has-post-thumbnail","6":"product_brand-opticon","7":"product_cat-lecteurs-oem","8":"product_cat-lecteurs-oem-2d","10":"first","11":"instock","12":"taxable","13":"shipping-taxable","14":"purchasable","15":"product-type-simple"},"_links":{"self":[{"href":"https:\/\/barcodedata.ch\/en\/wp-json\/wp\/v2\/product\/17170","targetHints":{"allow":["GET"]}}],"collection":[{"href":"https:\/\/barcodedata.ch\/en\/wp-json\/wp\/v2\/product"}],"about":[{"href":"https:\/\/barcodedata.ch\/en\/wp-json\/wp\/v2\/types\/product"}],"version-history":[{"count":1,"href":"https:\/\/barcodedata.ch\/en\/wp-json\/wp\/v2\/product\/17170\/revisions"}],"predecessor-version":[{"id":17174,"href":"https:\/\/barcodedata.ch\/en\/wp-json\/wp\/v2\/product\/17170\/revisions\/17174"}],"wp:featuredmedia":[{"embeddable":true,"href":"https:\/\/barcodedata.ch\/en\/wp-json\/wp\/v2\/media\/17172"}],"wp:attachment":[{"href":"https:\/\/barcodedata.ch\/en\/wp-json\/wp\/v2\/media?parent=17170"}],"wp:term":[{"taxonomy":"product_brand","embeddable":true,"href":"https:\/\/barcodedata.ch\/en\/wp-json\/wp\/v2\/product_brand?post=17170"},{"taxonomy":"product_cat","embeddable":true,"href":"https:\/\/barcodedata.ch\/en\/wp-json\/wp\/v2\/product_cat?post=17170"},{"taxonomy":"product_tag","embeddable":true,"href":"https:\/\/barcodedata.ch\/en\/wp-json\/wp\/v2\/product_tag?post=17170"}],"curies":[{"name":"wp","href":"https:\/\/api.w.org\/{rel}","templated":true}]}}