{"id":17158,"date":"2026-02-21T17:55:38","date_gmt":"2026-02-21T16:55:38","guid":{"rendered":"https:\/\/barcodedata.ch\/?post_type=product&#038;p=17158"},"modified":"2026-03-22T00:55:17","modified_gmt":"2026-03-21T23:55:17","slug":"crd-5000","status":"publish","type":"product","link":"https:\/\/barcodedata.ch\/en\/product\/crd-5000\/","title":{"rendered":"CRD-5000"},"content":{"rendered":"<p data-start=\"331\" data-end=\"696\">Le <strong data-start=\"334\" data-end=\"354\">Opticon CRD-5000<\/strong> est une <strong data-start=\"363\" data-end=\"393\">station d\u2019accueil (cradle)<\/strong> con\u00e7ue pour <strong data-start=\"406\" data-end=\"449\">recharger les terminaux mobiles Opticon<\/strong> et assurer la <strong data-start=\"464\" data-end=\"518\">transmission de donn\u00e9es vers un PC ou syst\u00e8me h\u00f4te<\/strong>. Il s\u2019agit d\u2019un accessoire indispensable pour les programmes de collecte de donn\u00e9es en mode <em data-start=\"611\" data-end=\"618\">batch<\/em>, car il permet de <strong data-start=\"637\" data-end=\"695\">recharger l\u2019appareil tout en synchronisant les donn\u00e9es<\/strong>.<\/p>\n<p data-start=\"698\" data-end=\"912\">Le CRD-5000 combine <strong data-start=\"718\" data-end=\"748\">connectivit\u00e9 USB et RS-232<\/strong> avec une interface simple, fiable et robuste, id\u00e9ale pour des environnements professionnels comme la logistique, le retail, les entrep\u00f4ts ou les points de service.<\/p>","protected":false},"excerpt":{"rendered":"<p data-start=\"698\" data-end=\"912\">Le CRD-5000 combine <strong data-start=\"718\" data-end=\"748\">connectivit\u00e9 USB et RS-232<\/strong> avec une interface simple, fiable et robuste, id\u00e9ale pour des environnements professionnels comme la logistique, le retail, les entrep\u00f4ts ou les points de service.<\/p>\n<p data-start=\"698\" data-end=\"912\"><strong><span style=\"color: #ff0000;\">Quantit\u00e9 minimale de commande :\u00a0<\/span><\/strong><span style=\"color: #ff0000;\">\u00e0 confirmer. Veuillez nous contacter pour plus d&rsquo;informations.<\/span><\/p>","protected":false},"featured_media":17159,"template":"","meta":[],"product_brand":[193],"product_cat":[195],"product_tag":[],"class_list":{"0":"post-17158","1":"product","2":"type-product","3":"status-publish","4":"has-post-thumbnail","6":"product_brand-opticon","7":"product_cat-accessoires","9":"first","10":"instock","11":"taxable","12":"shipping-taxable","13":"purchasable","14":"product-type-simple"},"_links":{"self":[{"href":"https:\/\/barcodedata.ch\/en\/wp-json\/wp\/v2\/product\/17158","targetHints":{"allow":["GET"]}}],"collection":[{"href":"https:\/\/barcodedata.ch\/en\/wp-json\/wp\/v2\/product"}],"about":[{"href":"https:\/\/barcodedata.ch\/en\/wp-json\/wp\/v2\/types\/product"}],"version-history":[{"count":2,"href":"https:\/\/barcodedata.ch\/en\/wp-json\/wp\/v2\/product\/17158\/revisions"}],"predecessor-version":[{"id":17672,"href":"https:\/\/barcodedata.ch\/en\/wp-json\/wp\/v2\/product\/17158\/revisions\/17672"}],"wp:featuredmedia":[{"embeddable":true,"href":"https:\/\/barcodedata.ch\/en\/wp-json\/wp\/v2\/media\/17159"}],"wp:attachment":[{"href":"https:\/\/barcodedata.ch\/en\/wp-json\/wp\/v2\/media?parent=17158"}],"wp:term":[{"taxonomy":"product_brand","embeddable":true,"href":"https:\/\/barcodedata.ch\/en\/wp-json\/wp\/v2\/product_brand?post=17158"},{"taxonomy":"product_cat","embeddable":true,"href":"https:\/\/barcodedata.ch\/en\/wp-json\/wp\/v2\/product_cat?post=17158"},{"taxonomy":"product_tag","embeddable":true,"href":"https:\/\/barcodedata.ch\/en\/wp-json\/wp\/v2\/product_tag?post=17158"}],"curies":[{"name":"wp","href":"https:\/\/api.w.org\/{rel}","templated":true}]}}