{"id":17147,"date":"2026-02-21T17:27:59","date_gmt":"2026-02-21T16:27:59","guid":{"rendered":"https:\/\/barcodedata.ch\/?post_type=product&#038;p=17147"},"modified":"2026-03-22T00:53:38","modified_gmt":"2026-03-21T23:53:38","slug":"oph-5000i","status":"publish","type":"product","link":"https:\/\/barcodedata.ch\/en\/product\/oph-5000i\/","title":{"rendered":"OPH-5000i"},"content":{"rendered":"<p data-start=\"289\" data-end=\"763\">Le <strong data-start=\"292\" data-end=\"313\">Opticon OPH-5000i<\/strong> est un <strong data-start=\"321\" data-end=\"372\">terminal mobile robuste avec scanner 2D int\u00e9gr\u00e9<\/strong>, con\u00e7u pour r\u00e9pondre aux besoins des professionnels en mati\u00e8re de collecte de donn\u00e9es rapide, fiable et mobile. Ce terminal compact allie <strong data-start=\"511\" data-end=\"558\">lecture de codes-barres 1D\/2D haute vitesse<\/strong>, <strong data-start=\"560\" data-end=\"593\">connectivit\u00e9 sans fil avanc\u00e9e<\/strong>, une <strong data-start=\"599\" data-end=\"634\">interface utilisateur intuitive<\/strong> et une <strong data-start=\"642\" data-end=\"668\">autonomie longue dur\u00e9e<\/strong>, le tout dans un format l\u00e9ger similaire \u00e0 un smartphone.<\/p>\n<p data-start=\"765\" data-end=\"1071\">Gr\u00e2ce \u00e0 son design ergonomique, son <strong data-start=\"801\" data-end=\"833\">clavier num\u00e9rique 22 touches<\/strong> et son \u00e9cran couleur lumineux, l\u2019OPH-5000i est facile \u00e0 utiliser m\u00eame pendant de longues sessions de travail. Il est id\u00e9al pour la gestion d\u2019actifs, les inventaires, la logistique et la vente mobile.<\/p>","protected":false},"excerpt":{"rendered":"<p><strong data-start=\"5265\" data-end=\"5286\">Opticon OPH-5000i<\/strong> est un terminal mobile batch avec scanner 2D, Wi-Fi, Bluetooth &amp; NFC, clavier 22 touches, \u00e9cran couleur, longue autonomie, robuste IP54 \u2014 id\u00e9al pour inventaire, logistique, assets et ventes mobiles.<\/p>\n<p><strong><span style=\"color: #ff0000;\">Quantit\u00e9 minimale de commande :\u00a0<\/span><\/strong><span style=\"color: #ff0000;\">\u00e0 confirmer. Veuillez nous contacter pour plus d&rsquo;informations.<\/span><\/p>","protected":false},"featured_media":17150,"template":"","meta":[],"product_brand":[193],"product_cat":[161,169,180],"product_tag":[],"class_list":{"0":"post-17147","1":"product","2":"type-product","3":"status-publish","4":"has-post-thumbnail","6":"product_brand-opticon","7":"product_cat-terminaux-mobiles","8":"product_cat-terminaux-portables-batch","9":"product_cat-terminaux-portables-batch-2d","11":"first","12":"instock","13":"taxable","14":"shipping-taxable","15":"purchasable","16":"product-type-simple"},"_links":{"self":[{"href":"https:\/\/barcodedata.ch\/en\/wp-json\/wp\/v2\/product\/17147","targetHints":{"allow":["GET"]}}],"collection":[{"href":"https:\/\/barcodedata.ch\/en\/wp-json\/wp\/v2\/product"}],"about":[{"href":"https:\/\/barcodedata.ch\/en\/wp-json\/wp\/v2\/types\/product"}],"version-history":[{"count":3,"href":"https:\/\/barcodedata.ch\/en\/wp-json\/wp\/v2\/product\/17147\/revisions"}],"predecessor-version":[{"id":17671,"href":"https:\/\/barcodedata.ch\/en\/wp-json\/wp\/v2\/product\/17147\/revisions\/17671"}],"wp:featuredmedia":[{"embeddable":true,"href":"https:\/\/barcodedata.ch\/en\/wp-json\/wp\/v2\/media\/17150"}],"wp:attachment":[{"href":"https:\/\/barcodedata.ch\/en\/wp-json\/wp\/v2\/media?parent=17147"}],"wp:term":[{"taxonomy":"product_brand","embeddable":true,"href":"https:\/\/barcodedata.ch\/en\/wp-json\/wp\/v2\/product_brand?post=17147"},{"taxonomy":"product_cat","embeddable":true,"href":"https:\/\/barcodedata.ch\/en\/wp-json\/wp\/v2\/product_cat?post=17147"},{"taxonomy":"product_tag","embeddable":true,"href":"https:\/\/barcodedata.ch\/en\/wp-json\/wp\/v2\/product_tag?post=17147"}],"curies":[{"name":"wp","href":"https:\/\/api.w.org\/{rel}","templated":true}]}}