{"id":17143,"date":"2026-02-21T17:10:19","date_gmt":"2026-02-21T16:10:19","guid":{"rendered":"https:\/\/barcodedata.ch\/?post_type=product&#038;p=17143"},"modified":"2026-02-21T17:14:46","modified_gmt":"2026-02-21T16:14:46","slug":"crd-9723ru","status":"publish","type":"product","link":"https:\/\/barcodedata.ch\/en\/product\/crd-9723ru\/","title":{"rendered":"CRD-9723RU"},"content":{"rendered":"<p>Le <strong data-start=\"227\" data-end=\"249\">Opticon CRD-9723RU<\/strong> est un <strong data-start=\"257\" data-end=\"287\">cradle (station d\u2019accueil)<\/strong> combinant <strong data-start=\"298\" data-end=\"351\">fonction de charge et de communication de donn\u00e9es<\/strong> pour terminaux portables Opticon de s\u00e9ries compatibles (notamment <strong data-start=\"418\" data-end=\"430\">OPL-97xx<\/strong>, <strong data-start=\"432\" data-end=\"444\">OPL-9815<\/strong> et <strong data-start=\"448\" data-end=\"457\">PX-36<\/strong>). Lorsqu\u2019un terminal est ins\u00e9r\u00e9 dans ce cradle, la batterie du terminal se recharge automatiquement et les donn\u00e9es stock\u00e9es peuvent \u00eatre <strong data-start=\"595\" data-end=\"639\">transmises vers un PC ou syst\u00e8me central<\/strong> via <strong data-start=\"644\" data-end=\"661\">USB ou RS-232<\/strong>. Il utilise \u00e9galement une interface <strong data-start=\"698\" data-end=\"706\">IrDA<\/strong> pour la transmission entre le terminal et le cradle lorsque l\u2019appareil est dock\u00e9.<\/p>","protected":false},"excerpt":{"rendered":"<p>Le <strong data-start=\"227\" data-end=\"249\">Opticon CRD-9723RU<\/strong> est un <strong data-start=\"257\" data-end=\"287\">cradle (station d\u2019accueil)<\/strong> combinant <strong data-start=\"298\" data-end=\"351\">fonction de charge et de communication de donn\u00e9es<\/strong> pour terminaux portables Opticon de s\u00e9ries compatibles (notamment <strong data-start=\"418\" data-end=\"430\">OPL-97xx<\/strong>, <strong data-start=\"432\" data-end=\"444\">OPL-9815<\/strong> et <strong data-start=\"448\" data-end=\"457\">PX-36<\/strong>). Lorsqu\u2019un terminal est ins\u00e9r\u00e9 dans ce cradle, la batterie du terminal se recharge automatiquement et les donn\u00e9es stock\u00e9es peuvent \u00eatre <strong data-start=\"595\" data-end=\"639\">transmises vers un PC ou syst\u00e8me central<\/strong> via <strong data-start=\"644\" data-end=\"661\">USB ou RS-232<\/strong>. Il utilise \u00e9galement une interface <strong data-start=\"698\" data-end=\"706\">IrDA<\/strong> pour la transmission entre le terminal et le cradle lorsque l\u2019appareil est dock\u00e9.<\/p>","protected":false},"featured_media":17144,"template":"","meta":[],"product_brand":[],"product_cat":[195],"product_tag":[],"class_list":{"0":"post-17143","1":"product","2":"type-product","3":"status-publish","4":"has-post-thumbnail","6":"product_cat-accessoires","8":"first","9":"instock","10":"taxable","11":"shipping-taxable","12":"purchasable","13":"product-type-simple"},"_links":{"self":[{"href":"https:\/\/barcodedata.ch\/en\/wp-json\/wp\/v2\/product\/17143","targetHints":{"allow":["GET"]}}],"collection":[{"href":"https:\/\/barcodedata.ch\/en\/wp-json\/wp\/v2\/product"}],"about":[{"href":"https:\/\/barcodedata.ch\/en\/wp-json\/wp\/v2\/types\/product"}],"version-history":[{"count":1,"href":"https:\/\/barcodedata.ch\/en\/wp-json\/wp\/v2\/product\/17143\/revisions"}],"predecessor-version":[{"id":17146,"href":"https:\/\/barcodedata.ch\/en\/wp-json\/wp\/v2\/product\/17143\/revisions\/17146"}],"wp:featuredmedia":[{"embeddable":true,"href":"https:\/\/barcodedata.ch\/en\/wp-json\/wp\/v2\/media\/17144"}],"wp:attachment":[{"href":"https:\/\/barcodedata.ch\/en\/wp-json\/wp\/v2\/media?parent=17143"}],"wp:term":[{"taxonomy":"product_brand","embeddable":true,"href":"https:\/\/barcodedata.ch\/en\/wp-json\/wp\/v2\/product_brand?post=17143"},{"taxonomy":"product_cat","embeddable":true,"href":"https:\/\/barcodedata.ch\/en\/wp-json\/wp\/v2\/product_cat?post=17143"},{"taxonomy":"product_tag","embeddable":true,"href":"https:\/\/barcodedata.ch\/en\/wp-json\/wp\/v2\/product_tag?post=17143"}],"curies":[{"name":"wp","href":"https:\/\/api.w.org\/{rel}","templated":true}]}}