{"id":17135,"date":"2026-02-21T16:49:02","date_gmt":"2026-02-21T15:49:02","guid":{"rendered":"https:\/\/barcodedata.ch\/?post_type=product&#038;p=17135"},"modified":"2026-03-15T20:47:03","modified_gmt":"2026-03-15T19:47:03","slug":"opl-9815","status":"publish","type":"product","link":"https:\/\/barcodedata.ch\/en\/product\/opl-9815\/","title":{"rendered":"OPL-9815"},"content":{"rendered":"<p data-start=\"183\" data-end=\"677\">Le <strong data-start=\"186\" data-end=\"206\">Opticon OPL-9815<\/strong> est un <strong data-start=\"214\" data-end=\"256\">terminal mobile de collecte de donn\u00e9es<\/strong> \u00e9quip\u00e9 d\u2019un <strong data-start=\"269\" data-end=\"289\">scanner laser 1D<\/strong>, d\u2019un module <strong data-start=\"303\" data-end=\"318\">GPS int\u00e9gr\u00e9<\/strong> et d\u2019un <strong data-start=\"327\" data-end=\"349\">clavier 18 touches<\/strong> pour la saisie de donn\u00e9es avanc\u00e9e. Con\u00e7u pour des environnements professionnels, il combine la <strong data-start=\"445\" data-end=\"479\">capture rapide de codes-barres<\/strong>, la <strong data-start=\"484\" data-end=\"527\">position g\u00e9ographique (coordonn\u00e9es GPS)<\/strong> et l\u2019<strong data-start=\"533\" data-end=\"547\">horodatage<\/strong>, ce qui permet d\u2019<strong data-start=\"565\" data-end=\"638\">enregistrer des donn\u00e9es localement avec pr\u00e9cision de temps et de lieu<\/strong>.<\/p>\n<p data-start=\"679\" data-end=\"1009\">Ce terminal est id\u00e9al pour la <strong data-start=\"709\" data-end=\"817\">gestion d\u2019inventaire, la logistique d\u2019entrep\u00f4ts, la gestion d\u2019actifs et les applications de vente mobile<\/strong>, o\u00f9 il peut fonctionner de mani\u00e8re autonome ou se connecter \u00e0 un syst\u00e8me h\u00f4te via Bluetooth ou une station de recharge-communication (vendue s\u00e9par\u00e9ment)<\/p>","protected":false},"excerpt":{"rendered":"<p>Le <strong data-start=\"186\" data-end=\"206\">Opticon OPL-9815<\/strong> est un <strong data-start=\"214\" data-end=\"256\">terminal mobile de collecte de donn\u00e9es<\/strong> \u00e9quip\u00e9 d\u2019un <strong data-start=\"269\" data-end=\"289\">scanner laser 1D<\/strong>, d\u2019un module <strong data-start=\"303\" data-end=\"318\">GPS int\u00e9gr\u00e9<\/strong> et d\u2019un <strong data-start=\"327\" data-end=\"349\">clavier 18 touches<\/strong> pour la saisie de donn\u00e9es avanc\u00e9e. Con\u00e7u pour des environnements professionnels, il combine la <strong data-start=\"445\" data-end=\"479\">capture rapide de codes-barres<\/strong>, la <strong data-start=\"484\" data-end=\"527\">position g\u00e9ographique (coordonn\u00e9es GPS)<\/strong> et l\u2019<strong data-start=\"533\" data-end=\"547\">horodatage<\/strong>, ce qui permet d\u2019<strong data-start=\"565\" data-end=\"638\">enregistrer des donn\u00e9es localement avec pr\u00e9cision de temps et de lieu<\/strong>.<\/p>","protected":false},"featured_media":17139,"template":"","meta":[],"product_brand":[193],"product_cat":[161,169,179],"product_tag":[],"class_list":{"0":"post-17135","1":"product","2":"type-product","3":"status-publish","4":"has-post-thumbnail","6":"product_brand-opticon","7":"product_cat-terminaux-mobiles","8":"product_cat-terminaux-portables-batch","9":"product_cat-terminaux-portables-batch-1d","11":"first","12":"instock","13":"taxable","14":"shipping-taxable","15":"purchasable","16":"product-type-simple"},"_links":{"self":[{"href":"https:\/\/barcodedata.ch\/en\/wp-json\/wp\/v2\/product\/17135","targetHints":{"allow":["GET"]}}],"collection":[{"href":"https:\/\/barcodedata.ch\/en\/wp-json\/wp\/v2\/product"}],"about":[{"href":"https:\/\/barcodedata.ch\/en\/wp-json\/wp\/v2\/types\/product"}],"version-history":[{"count":1,"href":"https:\/\/barcodedata.ch\/en\/wp-json\/wp\/v2\/product\/17135\/revisions"}],"predecessor-version":[{"id":17141,"href":"https:\/\/barcodedata.ch\/en\/wp-json\/wp\/v2\/product\/17135\/revisions\/17141"}],"wp:featuredmedia":[{"embeddable":true,"href":"https:\/\/barcodedata.ch\/en\/wp-json\/wp\/v2\/media\/17139"}],"wp:attachment":[{"href":"https:\/\/barcodedata.ch\/en\/wp-json\/wp\/v2\/media?parent=17135"}],"wp:term":[{"taxonomy":"product_brand","embeddable":true,"href":"https:\/\/barcodedata.ch\/en\/wp-json\/wp\/v2\/product_brand?post=17135"},{"taxonomy":"product_cat","embeddable":true,"href":"https:\/\/barcodedata.ch\/en\/wp-json\/wp\/v2\/product_cat?post=17135"},{"taxonomy":"product_tag","embeddable":true,"href":"https:\/\/barcodedata.ch\/en\/wp-json\/wp\/v2\/product_tag?post=17135"}],"curies":[{"name":"wp","href":"https:\/\/api.w.org\/{rel}","templated":true}]}}