{"id":17132,"date":"2026-02-21T15:55:40","date_gmt":"2026-02-21T14:55:40","guid":{"rendered":"https:\/\/barcodedata.ch\/?post_type=product&#038;p=17132"},"modified":"2026-02-21T16:23:03","modified_gmt":"2026-02-21T15:23:03","slug":"standard-battery-pour-oph-3001","status":"publish","type":"product","link":"https:\/\/barcodedata.ch\/en\/product\/standard-battery-pour-oph-3001\/","title":{"rendered":"Standard Battery pour OPH-3001"},"content":{"rendered":"<p data-start=\"276\" data-end=\"677\">La <strong data-start=\"279\" data-end=\"322\">batterie standard pour Opticon OPH-3001<\/strong> est une <strong data-start=\"331\" data-end=\"368\">batterie rechargeable Lithium-Ion<\/strong> sp\u00e9cifiquement con\u00e7ue pour alimenter le <strong data-start=\"409\" data-end=\"439\">terminal portable OPH-3001<\/strong>. Elle constitue la <strong data-start=\"459\" data-end=\"490\">source d\u2019\u00e9nergie principale<\/strong> de l\u2019appareil, fournissant une <strong data-start=\"522\" data-end=\"545\">autonomie prolong\u00e9e<\/strong> pour les sessions de scan, la saisie de donn\u00e9es et l\u2019utilisation d\u2019applications embarqu\u00e9es, sans n\u00e9cessit\u00e9 de recharge fr\u00e9quente.<\/p>\n<p data-start=\"679\" data-end=\"980\">Con\u00e7ue pour un usage professionnel, cette batterie est int\u00e9gr\u00e9e dans le terminal et peut \u00eatre <strong data-start=\"773\" data-end=\"797\">remplac\u00e9e facilement<\/strong> lorsqu\u2019elle montre des signes d\u2019usure. Elle offre une performance fiable m\u00eame dans des environnements exigeants comme la logistique, le retail, les entrep\u00f4ts ou les services terrain.<\/p>","protected":false},"excerpt":{"rendered":"<p>La <strong data-start=\"279\" data-end=\"322\">batterie standard pour Opticon OPH-3001<\/strong> est une <strong data-start=\"331\" data-end=\"368\">batterie rechargeable Lithium-Ion<\/strong> sp\u00e9cifiquement con\u00e7ue pour alimenter le <strong data-start=\"409\" data-end=\"439\">terminal portable OPH-3001<\/strong>. Elle constitue la <strong data-start=\"459\" data-end=\"490\">source d\u2019\u00e9nergie principale<\/strong> de l\u2019appareil, fournissant une <strong data-start=\"522\" data-end=\"545\">autonomie prolong\u00e9e<\/strong> pour les sessions de scan, la saisie de donn\u00e9es et l\u2019utilisation d\u2019applications embarqu\u00e9es, sans n\u00e9cessit\u00e9 de recharge fr\u00e9quente.<\/p>","protected":false},"featured_media":17129,"template":"","meta":[],"product_brand":[193],"product_cat":[195],"product_tag":[],"class_list":{"0":"post-17132","1":"product","2":"type-product","3":"status-publish","4":"has-post-thumbnail","6":"product_brand-opticon","7":"product_cat-accessoires","9":"first","10":"instock","11":"taxable","12":"shipping-taxable","13":"purchasable","14":"product-type-simple"},"_links":{"self":[{"href":"https:\/\/barcodedata.ch\/en\/wp-json\/wp\/v2\/product\/17132","targetHints":{"allow":["GET"]}}],"collection":[{"href":"https:\/\/barcodedata.ch\/en\/wp-json\/wp\/v2\/product"}],"about":[{"href":"https:\/\/barcodedata.ch\/en\/wp-json\/wp\/v2\/types\/product"}],"version-history":[{"count":2,"href":"https:\/\/barcodedata.ch\/en\/wp-json\/wp\/v2\/product\/17132\/revisions"}],"predecessor-version":[{"id":17134,"href":"https:\/\/barcodedata.ch\/en\/wp-json\/wp\/v2\/product\/17132\/revisions\/17134"}],"wp:featuredmedia":[{"embeddable":true,"href":"https:\/\/barcodedata.ch\/en\/wp-json\/wp\/v2\/media\/17129"}],"wp:attachment":[{"href":"https:\/\/barcodedata.ch\/en\/wp-json\/wp\/v2\/media?parent=17132"}],"wp:term":[{"taxonomy":"product_brand","embeddable":true,"href":"https:\/\/barcodedata.ch\/en\/wp-json\/wp\/v2\/product_brand?post=17132"},{"taxonomy":"product_cat","embeddable":true,"href":"https:\/\/barcodedata.ch\/en\/wp-json\/wp\/v2\/product_cat?post=17132"},{"taxonomy":"product_tag","embeddable":true,"href":"https:\/\/barcodedata.ch\/en\/wp-json\/wp\/v2\/product_tag?post=17132"}],"curies":[{"name":"wp","href":"https:\/\/api.w.org\/{rel}","templated":true}]}}