{"id":17124,"date":"2026-02-21T15:45:27","date_gmt":"2026-02-21T14:45:27","guid":{"rendered":"https:\/\/barcodedata.ch\/?post_type=product&#038;p=17124"},"modified":"2026-03-15T21:58:45","modified_gmt":"2026-03-15T20:58:45","slug":"oph-3001","status":"publish","type":"product","link":"https:\/\/barcodedata.ch\/en\/product\/oph-3001\/","title":{"rendered":"OPH-3001"},"content":{"rendered":"<p data-start=\"264\" data-end=\"559\">Le <strong data-start=\"267\" data-end=\"287\">Opticon OPH\u20113001<\/strong> est un <strong data-start=\"295\" data-end=\"352\">terminal mobile robuste avec scanner laser 1D int\u00e9gr\u00e9<\/strong>, con\u00e7u pour rendre la capture de donn\u00e9es <strong data-start=\"394\" data-end=\"427\">rapide, confortable et fiable<\/strong>, m\u00eame lorsque les t\u00e2ches de num\u00e9risation sont fr\u00e9quentes\u202fdans un environnement professionnel.<\/p>\n<p data-start=\"561\" data-end=\"911\">Avec son <strong data-start=\"570\" data-end=\"592\">design ergonomique<\/strong>, sa <strong data-start=\"597\" data-end=\"614\">poign\u00e9e douce<\/strong>, une <strong data-start=\"620\" data-end=\"647\">t\u00eate de lecture courb\u00e9e<\/strong> pour r\u00e9duire la fatigue du poignet et un <strong data-start=\"689\" data-end=\"715\">\u00e9cran couleur lumineux<\/strong>, il offre une exp\u00e9rience utilisateur agr\u00e9able tout en \u00e9tant capable d\u2019ex\u00e9cuter des applications complexes gr\u00e2ce \u00e0 son syst\u00e8me programmable et au SDK Opticon.<\/p>\n<p data-start=\"913\" data-end=\"1197\">Ce terminal est id\u00e9al pour les entreprises qui ont besoin d\u2019un appareil capable de <strong data-start=\"996\" data-end=\"1035\">collecter des donn\u00e9es en mode batch<\/strong>, de les stocker localement puis de les <strong data-start=\"1075\" data-end=\"1114\">transf\u00e9rer vers un PC ou un serveur<\/strong> via USB ou une station d\u2019accueil compatible.<\/p>","protected":false},"excerpt":{"rendered":"<p>Le <strong data-start=\"267\" data-end=\"287\">Opticon OPH\u20113001<\/strong> est un <strong data-start=\"295\" data-end=\"352\">terminal mobile robuste avec scanner laser 1D int\u00e9gr\u00e9<\/strong>, con\u00e7u pour rendre la capture de donn\u00e9es <strong data-start=\"394\" data-end=\"427\">rapide, confortable et fiable<\/strong>, m\u00eame lorsque les t\u00e2ches de num\u00e9risation sont fr\u00e9quentes\u202fdans un environnement professionnel.<\/p>","protected":false},"featured_media":17127,"template":"","meta":[],"product_brand":[193],"product_cat":[161,169,179],"product_tag":[],"class_list":{"0":"post-17124","1":"product","2":"type-product","3":"status-publish","4":"has-post-thumbnail","6":"product_brand-opticon","7":"product_cat-terminaux-mobiles","8":"product_cat-terminaux-portables-batch","9":"product_cat-terminaux-portables-batch-1d","11":"first","12":"instock","13":"taxable","14":"shipping-taxable","15":"purchasable","16":"product-type-simple"},"_links":{"self":[{"href":"https:\/\/barcodedata.ch\/en\/wp-json\/wp\/v2\/product\/17124","targetHints":{"allow":["GET"]}}],"collection":[{"href":"https:\/\/barcodedata.ch\/en\/wp-json\/wp\/v2\/product"}],"about":[{"href":"https:\/\/barcodedata.ch\/en\/wp-json\/wp\/v2\/types\/product"}],"version-history":[{"count":2,"href":"https:\/\/barcodedata.ch\/en\/wp-json\/wp\/v2\/product\/17124\/revisions"}],"predecessor-version":[{"id":17131,"href":"https:\/\/barcodedata.ch\/en\/wp-json\/wp\/v2\/product\/17124\/revisions\/17131"}],"wp:featuredmedia":[{"embeddable":true,"href":"https:\/\/barcodedata.ch\/en\/wp-json\/wp\/v2\/media\/17127"}],"wp:attachment":[{"href":"https:\/\/barcodedata.ch\/en\/wp-json\/wp\/v2\/media?parent=17124"}],"wp:term":[{"taxonomy":"product_brand","embeddable":true,"href":"https:\/\/barcodedata.ch\/en\/wp-json\/wp\/v2\/product_brand?post=17124"},{"taxonomy":"product_cat","embeddable":true,"href":"https:\/\/barcodedata.ch\/en\/wp-json\/wp\/v2\/product_cat?post=17124"},{"taxonomy":"product_tag","embeddable":true,"href":"https:\/\/barcodedata.ch\/en\/wp-json\/wp\/v2\/product_tag?post=17124"}],"curies":[{"name":"wp","href":"https:\/\/api.w.org\/{rel}","templated":true}]}}