{"id":17121,"date":"2026-02-21T15:13:39","date_gmt":"2026-02-21T14:13:39","guid":{"rendered":"https:\/\/barcodedata.ch\/?post_type=product&#038;p=17121"},"modified":"2026-02-21T15:25:14","modified_gmt":"2026-02-21T14:25:14","slug":"cable-ethernet","status":"publish","type":"product","link":"https:\/\/barcodedata.ch\/en\/product\/cable-ethernet\/","title":{"rendered":"C\u00e2ble Ethernet"},"content":{"rendered":"<p data-start=\"194\" data-end=\"499\">Le <strong data-start=\"197\" data-end=\"222\">c\u00e2ble Ethernet (RJ45)<\/strong> est un c\u00e2ble r\u00e9seau standard con\u00e7u pour <strong data-start=\"263\" data-end=\"299\">connecter des \u00e9quipements r\u00e9seau<\/strong> tels que des ordinateurs, des cradles de terminaux Opticon (CRD\u20111004\/CRD\u20111006), des imprimantes r\u00e9seau ou des switches. Il permet une <strong data-start=\"434\" data-end=\"478\">transmission rapide et fiable de donn\u00e9es<\/strong> sur des r\u00e9seaux LAN.<\/p>\n<p data-start=\"501\" data-end=\"792\">Ce c\u00e2ble est id\u00e9al pour <strong data-start=\"585\" data-end=\"625\">\u00e9tablir une connexion filaire stable<\/strong> entre ton \u00e9quipement et le r\u00e9seau ou le PC h\u00f4te, garantissant <strong data-start=\"688\" data-end=\"750\">la synchronisation de donn\u00e9es et la communication continue<\/strong> dans des environnements professionnels.<\/p>","protected":false},"excerpt":{"rendered":"<p>Le <strong data-start=\"197\" data-end=\"222\">c\u00e2ble Ethernet (RJ45)<\/strong> est un c\u00e2ble r\u00e9seau standard con\u00e7u pour <strong data-start=\"263\" data-end=\"299\">connecter des \u00e9quipements r\u00e9seau<\/strong> tels que des ordinateurs, des cradles de terminaux Opticon (CRD\u20111004\/CRD\u20111006), des imprimantes r\u00e9seau ou des switches. Il permet une <strong data-start=\"434\" data-end=\"478\">transmission rapide et fiable de donn\u00e9es<\/strong> sur des r\u00e9seaux LAN.<\/p>","protected":false},"featured_media":17122,"template":"","meta":[],"product_brand":[],"product_cat":[195],"product_tag":[],"class_list":{"0":"post-17121","1":"product","2":"type-product","3":"status-publish","4":"has-post-thumbnail","6":"product_cat-accessoires","8":"first","9":"instock","10":"taxable","11":"shipping-taxable","12":"purchasable","13":"product-type-simple"},"_links":{"self":[{"href":"https:\/\/barcodedata.ch\/en\/wp-json\/wp\/v2\/product\/17121","targetHints":{"allow":["GET"]}}],"collection":[{"href":"https:\/\/barcodedata.ch\/en\/wp-json\/wp\/v2\/product"}],"about":[{"href":"https:\/\/barcodedata.ch\/en\/wp-json\/wp\/v2\/types\/product"}],"version-history":[{"count":1,"href":"https:\/\/barcodedata.ch\/en\/wp-json\/wp\/v2\/product\/17121\/revisions"}],"predecessor-version":[{"id":17123,"href":"https:\/\/barcodedata.ch\/en\/wp-json\/wp\/v2\/product\/17121\/revisions\/17123"}],"wp:featuredmedia":[{"embeddable":true,"href":"https:\/\/barcodedata.ch\/en\/wp-json\/wp\/v2\/media\/17122"}],"wp:attachment":[{"href":"https:\/\/barcodedata.ch\/en\/wp-json\/wp\/v2\/media?parent=17121"}],"wp:term":[{"taxonomy":"product_brand","embeddable":true,"href":"https:\/\/barcodedata.ch\/en\/wp-json\/wp\/v2\/product_brand?post=17121"},{"taxonomy":"product_cat","embeddable":true,"href":"https:\/\/barcodedata.ch\/en\/wp-json\/wp\/v2\/product_cat?post=17121"},{"taxonomy":"product_tag","embeddable":true,"href":"https:\/\/barcodedata.ch\/en\/wp-json\/wp\/v2\/product_tag?post=17121"}],"curies":[{"name":"wp","href":"https:\/\/api.w.org\/{rel}","templated":true}]}}