{"id":17118,"date":"2026-02-21T14:28:56","date_gmt":"2026-02-21T13:28:56","guid":{"rendered":"https:\/\/barcodedata.ch\/?post_type=product&#038;p=17118"},"modified":"2026-02-21T14:28:56","modified_gmt":"2026-02-21T13:28:56","slug":"crd-1004","status":"publish","type":"product","link":"https:\/\/barcodedata.ch\/en\/product\/crd-1004\/","title":{"rendered":"CRD-1004"},"content":{"rendered":"<p data-start=\"250\" data-end=\"693\">Le <strong data-start=\"253\" data-end=\"273\">Opticon CRD\u20111004<\/strong> est un <strong data-start=\"281\" data-end=\"311\">cradle (station d\u2019accueil)<\/strong> combinant <strong data-start=\"322\" data-end=\"346\">recharge de terminal<\/strong>, <strong data-start=\"348\" data-end=\"382\">charge de batterie de rechange<\/strong> et <strong data-start=\"386\" data-end=\"416\">communication avec un h\u00f4te<\/strong> via <strong data-start=\"421\" data-end=\"440\">USB ou Ethernet<\/strong>. Il a \u00e9t\u00e9 sp\u00e9cifiquement con\u00e7u pour les terminaux <strong data-start=\"491\" data-end=\"511\">Opticon OPH\u20111005<\/strong> et <strong data-start=\"515\" data-end=\"527\">OPH\u20111004<\/strong>, souvent utilis\u00e9s en mode <em data-start=\"554\" data-end=\"561\">batch<\/em>, o\u00f9 les donn\u00e9es collect\u00e9es sont stock\u00e9es localement puis transf\u00e9r\u00e9es vers un syst\u00e8me central.<\/p>\n<p data-start=\"695\" data-end=\"1043\">Ce cradle simplifie le flux de travail\u202f: il pr\u00e9pare simultan\u00e9ment le terminal et une batterie de secours pour une prochaine utilisation, tout en permettant la synchronisation rapide des donn\u00e9es. Son int\u00e9gration <strong data-start=\"906\" data-end=\"927\">Ethernet 100\u202fMbit<\/strong> et USB offre une grande flexibilit\u00e9 selon l\u2019infrastructure r\u00e9seau disponible.<\/p>","protected":false},"excerpt":{"rendered":"<p>Le <strong data-start=\"253\" data-end=\"273\">Opticon CRD\u20111004<\/strong> est un <strong data-start=\"281\" data-end=\"311\">cradle (station d\u2019accueil)<\/strong> combinant <strong data-start=\"322\" data-end=\"346\">recharge de terminal<\/strong>, <strong data-start=\"348\" data-end=\"382\">charge de batterie de rechange<\/strong> et <strong data-start=\"386\" data-end=\"416\">communication avec un h\u00f4te<\/strong> via <strong data-start=\"421\" data-end=\"440\">USB ou Ethernet<\/strong>. Il a \u00e9t\u00e9 sp\u00e9cifiquement con\u00e7u pour les terminaux <strong data-start=\"491\" data-end=\"511\">Opticon OPH\u20111005<\/strong> et <strong data-start=\"515\" data-end=\"527\">OPH\u20111004<\/strong>, souvent utilis\u00e9s en mode <em data-start=\"554\" data-end=\"561\">batch<\/em>, o\u00f9 les donn\u00e9es collect\u00e9es sont stock\u00e9es localement puis transf\u00e9r\u00e9es vers un syst\u00e8me central.<\/p>","protected":false},"featured_media":17119,"template":"","meta":[],"product_brand":[193],"product_cat":[195],"product_tag":[],"class_list":{"0":"post-17118","1":"product","2":"type-product","3":"status-publish","4":"has-post-thumbnail","6":"product_brand-opticon","7":"product_cat-accessoires","9":"first","10":"instock","11":"taxable","12":"shipping-taxable","13":"purchasable","14":"product-type-simple"},"_links":{"self":[{"href":"https:\/\/barcodedata.ch\/en\/wp-json\/wp\/v2\/product\/17118","targetHints":{"allow":["GET"]}}],"collection":[{"href":"https:\/\/barcodedata.ch\/en\/wp-json\/wp\/v2\/product"}],"about":[{"href":"https:\/\/barcodedata.ch\/en\/wp-json\/wp\/v2\/types\/product"}],"version-history":[{"count":1,"href":"https:\/\/barcodedata.ch\/en\/wp-json\/wp\/v2\/product\/17118\/revisions"}],"predecessor-version":[{"id":17120,"href":"https:\/\/barcodedata.ch\/en\/wp-json\/wp\/v2\/product\/17118\/revisions\/17120"}],"wp:featuredmedia":[{"embeddable":true,"href":"https:\/\/barcodedata.ch\/en\/wp-json\/wp\/v2\/media\/17119"}],"wp:attachment":[{"href":"https:\/\/barcodedata.ch\/en\/wp-json\/wp\/v2\/media?parent=17118"}],"wp:term":[{"taxonomy":"product_brand","embeddable":true,"href":"https:\/\/barcodedata.ch\/en\/wp-json\/wp\/v2\/product_brand?post=17118"},{"taxonomy":"product_cat","embeddable":true,"href":"https:\/\/barcodedata.ch\/en\/wp-json\/wp\/v2\/product_cat?post=17118"},{"taxonomy":"product_tag","embeddable":true,"href":"https:\/\/barcodedata.ch\/en\/wp-json\/wp\/v2\/product_tag?post=17118"}],"curies":[{"name":"wp","href":"https:\/\/api.w.org\/{rel}","templated":true}]}}