{"id":17114,"date":"2026-02-21T14:03:58","date_gmt":"2026-02-21T13:03:58","guid":{"rendered":"https:\/\/barcodedata.ch\/?post_type=product&#038;p=17114"},"modified":"2026-02-21T14:03:58","modified_gmt":"2026-02-21T13:03:58","slug":"cable-usb-2-0-type-a-b","status":"publish","type":"product","link":"https:\/\/barcodedata.ch\/en\/product\/cable-usb-2-0-type-a-b\/","title":{"rendered":"c\u00e2ble USB 2.0 type A-B"},"content":{"rendered":"<p data-start=\"164\" data-end=\"598\">Le <strong data-start=\"167\" data-end=\"205\">c\u00e2ble USB 2.0 type A-B (m\u00e2le\/m\u00e2le)<\/strong> est un <strong data-start=\"213\" data-end=\"261\">c\u00e2ble de donn\u00e9es et d\u2019alimentation universel<\/strong> con\u00e7u pour relier des appareils \u00e9quip\u00e9s d\u2019un port USB Type-B \u00e0 un h\u00f4te \u00e9quip\u00e9 d\u2019un port USB Type-A. Ce type de c\u00e2ble est couramment utilis\u00e9 pour connecter des <strong data-start=\"421\" data-end=\"509\">cradles de charge\/communication, imprimantes, scanners, batteries externes, hubs USB<\/strong> et d\u2019autres p\u00e9riph\u00e9riques \u00e0 un <strong data-start=\"541\" data-end=\"597\">ordinateur, une station de charge ou un terminal POS<\/strong>.<\/p>\n<p data-start=\"600\" data-end=\"919\">Compatible avec la norme <strong data-start=\"625\" data-end=\"636\">USB 2.0<\/strong>, ce c\u00e2ble permet une <strong data-start=\"658\" data-end=\"719\">transmission de donn\u00e9es bidirectionnelle jusqu\u2019\u00e0 480 Mbps<\/strong>, ainsi qu\u2019une <strong data-start=\"734\" data-end=\"761\">alimentation \u00e9lectrique<\/strong> des appareils compatibles USB. Sa construction robuste offre <strong data-start=\"823\" data-end=\"861\">fiabilit\u00e9, r\u00e9sistance aux torsions<\/strong> et durabilit\u00e9 m\u00eame lors d\u2019un usage fr\u00e9quent au quotidien.<\/p>","protected":false},"excerpt":{"rendered":"<p>Le <strong data-start=\"167\" data-end=\"205\">c\u00e2ble USB 2.0 type A-B (m\u00e2le\/m\u00e2le)<\/strong> est un <strong data-start=\"213\" data-end=\"261\">c\u00e2ble de donn\u00e9es et d\u2019alimentation universel<\/strong> con\u00e7u pour relier des appareils \u00e9quip\u00e9s d\u2019un port USB Type-B \u00e0 un h\u00f4te \u00e9quip\u00e9 d\u2019un port USB Type-A. Ce type de c\u00e2ble est couramment utilis\u00e9 pour connecter des <strong data-start=\"421\" data-end=\"509\">cradles de charge\/communication, imprimantes, scanners, batteries externes, hubs USB<\/strong> et d\u2019autres p\u00e9riph\u00e9riques \u00e0 un <strong data-start=\"541\" data-end=\"597\">ordinateur, une station de charge ou un terminal POS<\/strong>.<\/p>","protected":false},"featured_media":17115,"template":"","meta":[],"product_brand":[193],"product_cat":[195],"product_tag":[],"class_list":{"0":"post-17114","1":"product","2":"type-product","3":"status-publish","4":"has-post-thumbnail","6":"product_brand-opticon","7":"product_cat-accessoires","9":"first","10":"instock","11":"taxable","12":"shipping-taxable","13":"purchasable","14":"product-type-simple"},"_links":{"self":[{"href":"https:\/\/barcodedata.ch\/en\/wp-json\/wp\/v2\/product\/17114","targetHints":{"allow":["GET"]}}],"collection":[{"href":"https:\/\/barcodedata.ch\/en\/wp-json\/wp\/v2\/product"}],"about":[{"href":"https:\/\/barcodedata.ch\/en\/wp-json\/wp\/v2\/types\/product"}],"version-history":[{"count":1,"href":"https:\/\/barcodedata.ch\/en\/wp-json\/wp\/v2\/product\/17114\/revisions"}],"predecessor-version":[{"id":17117,"href":"https:\/\/barcodedata.ch\/en\/wp-json\/wp\/v2\/product\/17114\/revisions\/17117"}],"wp:featuredmedia":[{"embeddable":true,"href":"https:\/\/barcodedata.ch\/en\/wp-json\/wp\/v2\/media\/17115"}],"wp:attachment":[{"href":"https:\/\/barcodedata.ch\/en\/wp-json\/wp\/v2\/media?parent=17114"}],"wp:term":[{"taxonomy":"product_brand","embeddable":true,"href":"https:\/\/barcodedata.ch\/en\/wp-json\/wp\/v2\/product_brand?post=17114"},{"taxonomy":"product_cat","embeddable":true,"href":"https:\/\/barcodedata.ch\/en\/wp-json\/wp\/v2\/product_cat?post=17114"},{"taxonomy":"product_tag","embeddable":true,"href":"https:\/\/barcodedata.ch\/en\/wp-json\/wp\/v2\/product_tag?post=17114"}],"curies":[{"name":"wp","href":"https:\/\/api.w.org\/{rel}","templated":true}]}}