{"id":17108,"date":"2026-02-21T13:36:32","date_gmt":"2026-02-21T12:36:32","guid":{"rendered":"https:\/\/barcodedata.ch\/?post_type=product&#038;p=17108"},"modified":"2026-02-21T13:47:08","modified_gmt":"2026-02-21T12:47:08","slug":"crd-1006","status":"publish","type":"product","link":"https:\/\/barcodedata.ch\/en\/product\/crd-1006\/","title":{"rendered":"CRD-1006"},"content":{"rendered":"<p data-start=\"206\" data-end=\"619\">Le <strong data-start=\"209\" data-end=\"229\">Opticon CRD-1006<\/strong> est un <strong data-start=\"237\" data-end=\"276\">socle de charge et de communication<\/strong> sp\u00e9cialement con\u00e7u pour les terminaux mobiles <strong data-start=\"323\" data-end=\"343\">Opticon OPH-1005<\/strong> (et \u00e9galement compatible avec l\u2019OPH-1004). Il permet de <strong data-start=\"400\" data-end=\"445\">recharger la batterie interne du terminal<\/strong>, de <strong data-start=\"450\" data-end=\"486\">charger une batterie de rechange<\/strong> et de <strong data-start=\"493\" data-end=\"519\">transf\u00e9rer les donn\u00e9es<\/strong> stock\u00e9es vers un PC ou un syst\u00e8me h\u00f4te via <strong data-start=\"563\" data-end=\"580\">USB ou RS-232<\/strong>.<\/p>\n<p data-start=\"621\" data-end=\"911\">Ce cradle est une solution indispensable dans les environnements o\u00f9 les terminaux sont utilis\u00e9s en mode <em data-start=\"725\" data-end=\"732\">batch<\/em> : il combine la <strong data-start=\"749\" data-end=\"816\">recharge fiable de l\u2019appareil et la synchronisation des donn\u00e9es<\/strong>, tout en proposant une construction robuste et compacte.<\/p>","protected":false},"excerpt":{"rendered":"<p>le <strong data-start=\"5136\" data-end=\"5156\">Opticon CRD-1006<\/strong> est l\u2019<strong data-start=\"5163\" data-end=\"5217\">outil de recharge et de transfert de donn\u00e9es id\u00e9al<\/strong> lorsque tu utilises les terminaux <strong data-start=\"5252\" data-end=\"5276\">OPH-1005 ou OPH-1004<\/strong> dans des environnements de travail o\u00f9 la mobilit\u00e9 <em data-start=\"5327\" data-end=\"5334\">batch<\/em> et la communication fiable sont essentielles.<\/p>","protected":false},"featured_media":17109,"template":"","meta":[],"product_brand":[],"product_cat":[195],"product_tag":[],"class_list":{"0":"post-17108","1":"product","2":"type-product","3":"status-publish","4":"has-post-thumbnail","6":"product_cat-accessoires","8":"first","9":"instock","10":"taxable","11":"shipping-taxable","12":"purchasable","13":"product-type-simple"},"_links":{"self":[{"href":"https:\/\/barcodedata.ch\/en\/wp-json\/wp\/v2\/product\/17108","targetHints":{"allow":["GET"]}}],"collection":[{"href":"https:\/\/barcodedata.ch\/en\/wp-json\/wp\/v2\/product"}],"about":[{"href":"https:\/\/barcodedata.ch\/en\/wp-json\/wp\/v2\/types\/product"}],"version-history":[{"count":2,"href":"https:\/\/barcodedata.ch\/en\/wp-json\/wp\/v2\/product\/17108\/revisions"}],"predecessor-version":[{"id":17113,"href":"https:\/\/barcodedata.ch\/en\/wp-json\/wp\/v2\/product\/17108\/revisions\/17113"}],"wp:featuredmedia":[{"embeddable":true,"href":"https:\/\/barcodedata.ch\/en\/wp-json\/wp\/v2\/media\/17109"}],"wp:attachment":[{"href":"https:\/\/barcodedata.ch\/en\/wp-json\/wp\/v2\/media?parent=17108"}],"wp:term":[{"taxonomy":"product_brand","embeddable":true,"href":"https:\/\/barcodedata.ch\/en\/wp-json\/wp\/v2\/product_brand?post=17108"},{"taxonomy":"product_cat","embeddable":true,"href":"https:\/\/barcodedata.ch\/en\/wp-json\/wp\/v2\/product_cat?post=17108"},{"taxonomy":"product_tag","embeddable":true,"href":"https:\/\/barcodedata.ch\/en\/wp-json\/wp\/v2\/product_tag?post=17108"}],"curies":[{"name":"wp","href":"https:\/\/api.w.org\/{rel}","templated":true}]}}