{"id":17101,"date":"2026-02-21T13:04:45","date_gmt":"2026-02-21T12:04:45","guid":{"rendered":"https:\/\/barcodedata.ch\/?post_type=product&#038;p=17101"},"modified":"2026-02-21T13:04:45","modified_gmt":"2026-02-21T12:04:45","slug":"wrist-strap","status":"publish","type":"product","link":"https:\/\/barcodedata.ch\/en\/product\/wrist-strap\/","title":{"rendered":"Wrist Strap"},"content":{"rendered":"<p data-start=\"320\" data-end=\"777\">Le <strong data-start=\"323\" data-end=\"358\">Wrist Strap (sangle de poignet)<\/strong> est un <strong data-start=\"366\" data-end=\"401\">accessoire de maintien s\u00e9curis\u00e9<\/strong> con\u00e7u pour se fixer autour du poignet afin d\u2019\u00e9viter les <strong data-start=\"458\" data-end=\"482\">chutes accidentelles<\/strong> d\u2019appareils portables tels que les scanners ou terminaux Opticon. L\u00e9ger, confortable et facile \u00e0 installer, il offre une <strong data-start=\"604\" data-end=\"684\">protection suppl\u00e9mentaire lors de l\u2019utilisation de ton appareil en mouvement<\/strong>, en particulier quand tu dois scanner fr\u00e9quemment ou utiliser ton terminal d\u2019une seule main.<\/p>\n<p data-start=\"779\" data-end=\"966\">Id\u00e9al pour les environnements dynamiques ou les d\u00e9placements fr\u00e9quents, le Wrist Strap am\u00e9liore la <strong data-start=\"878\" data-end=\"898\">s\u00e9curit\u00e9 d\u2019usage<\/strong> en r\u00e9duisant les risques de dommages li\u00e9s aux chutes accidentelles.<\/p>","protected":false},"excerpt":{"rendered":"<p>Le <strong data-start=\"323\" data-end=\"358\">Wrist Strap (sangle de poignet)<\/strong> est un <strong data-start=\"366\" data-end=\"401\">accessoire de maintien s\u00e9curis\u00e9<\/strong> con\u00e7u pour se fixer autour du poignet afin d\u2019\u00e9viter les <strong data-start=\"458\" data-end=\"482\">chutes accidentelles<\/strong> d\u2019appareils portables tels que les scanners ou terminaux Opticon. L\u00e9ger, confortable et facile \u00e0 installer, il offre une <strong data-start=\"604\" data-end=\"684\">protection suppl\u00e9mentaire lors de l\u2019utilisation de ton appareil en mouvement<\/strong>, en particulier quand tu dois scanner fr\u00e9quemment ou utiliser ton terminal d\u2019une seule main.<\/p>","protected":false},"featured_media":0,"template":"","meta":[],"product_brand":[],"product_cat":[195],"product_tag":[],"class_list":{"0":"post-17101","1":"product","2":"type-product","3":"status-publish","5":"product_cat-accessoires","7":"first","8":"instock","9":"taxable","10":"shipping-taxable","11":"purchasable","12":"product-type-simple"},"_links":{"self":[{"href":"https:\/\/barcodedata.ch\/en\/wp-json\/wp\/v2\/product\/17101","targetHints":{"allow":["GET"]}}],"collection":[{"href":"https:\/\/barcodedata.ch\/en\/wp-json\/wp\/v2\/product"}],"about":[{"href":"https:\/\/barcodedata.ch\/en\/wp-json\/wp\/v2\/types\/product"}],"version-history":[{"count":1,"href":"https:\/\/barcodedata.ch\/en\/wp-json\/wp\/v2\/product\/17101\/revisions"}],"predecessor-version":[{"id":17102,"href":"https:\/\/barcodedata.ch\/en\/wp-json\/wp\/v2\/product\/17101\/revisions\/17102"}],"wp:attachment":[{"href":"https:\/\/barcodedata.ch\/en\/wp-json\/wp\/v2\/media?parent=17101"}],"wp:term":[{"taxonomy":"product_brand","embeddable":true,"href":"https:\/\/barcodedata.ch\/en\/wp-json\/wp\/v2\/product_brand?post=17101"},{"taxonomy":"product_cat","embeddable":true,"href":"https:\/\/barcodedata.ch\/en\/wp-json\/wp\/v2\/product_cat?post=17101"},{"taxonomy":"product_tag","embeddable":true,"href":"https:\/\/barcodedata.ch\/en\/wp-json\/wp\/v2\/product_tag?post=17101"}],"curies":[{"name":"wp","href":"https:\/\/api.w.org\/{rel}","templated":true}]}}