{"id":17096,"date":"2026-02-21T12:45:49","date_gmt":"2026-02-21T11:45:49","guid":{"rendered":"https:\/\/barcodedata.ch\/?post_type=product&#038;p=17096"},"modified":"2026-03-15T22:08:39","modified_gmt":"2026-03-15T21:08:39","slug":"oph-1005","status":"publish","type":"product","link":"https:\/\/barcodedata.ch\/en\/product\/oph-1005\/","title":{"rendered":"OPH-1005"},"content":{"rendered":"<p data-start=\"238\" data-end=\"730\">Le <strong data-start=\"241\" data-end=\"261\">Opticon OPH-1005<\/strong> est un <strong data-start=\"269\" data-end=\"320\">terminal mobile rugged de type <em data-start=\"302\" data-end=\"318\">batch computer<\/em><\/strong> \u00e9quip\u00e9 d\u2019un <strong data-start=\"333\" data-end=\"367\">scanner laser 1D haute vitesse<\/strong>, id\u00e9al pour une collecte de donn\u00e9es autonome dans des environnements professionnels. Il combine un <strong data-start=\"467\" data-end=\"501\">scanner de codes-barres rapide<\/strong>, une <strong data-start=\"507\" data-end=\"542\">affichage couleur facile \u00e0 lire<\/strong> et un <strong data-start=\"549\" data-end=\"581\">clavier tactile \u00e0 23 touches<\/strong> dans une conception <strong data-start=\"602\" data-end=\"631\">compacte, l\u00e9g\u00e8re (\u2248140 g)<\/strong> et robuste, capable de r\u00e9sister aux chocs et \u00e0 la poussi\u00e8re.<\/p>\n<p data-start=\"732\" data-end=\"1123\">Ce terminal permet de <strong data-start=\"754\" data-end=\"797\">stocker les donn\u00e9es scann\u00e9es localement<\/strong> puis de les <strong data-start=\"810\" data-end=\"866\">transf\u00e9rer ult\u00e9rieurement \u00e0 un PC ou syst\u00e8me central<\/strong> via une station de charge\/communication (cradle) compatible (vendue s\u00e9par\u00e9ment). Il offre de plus une <strong data-start=\"969\" data-end=\"1018\">programmabilit\u00e9 avanc\u00e9e gr\u00e2ce \u00e0 un SDK fourni<\/strong>, ce qui le rend personnalisable pour des applications sp\u00e9cifiques.<\/p>","protected":false},"excerpt":{"rendered":"<p>Le <strong data-start=\"241\" data-end=\"261\">Opticon OPH-1005<\/strong> est un <strong data-start=\"269\" data-end=\"320\">terminal mobile rugged de type <em data-start=\"302\" data-end=\"318\">batch computer<\/em><\/strong> \u00e9quip\u00e9 d\u2019un <strong data-start=\"333\" data-end=\"367\">scanner laser 1D haute vitesse<\/strong>, id\u00e9al pour une collecte de donn\u00e9es autonome dans des environnements professionnels. Il combine un <strong data-start=\"467\" data-end=\"501\">scanner de codes-barres rapide<\/strong>, une <strong data-start=\"507\" data-end=\"542\">affichage couleur facile \u00e0 lire<\/strong> et un <strong data-start=\"549\" data-end=\"581\">clavier tactile \u00e0 23 touches<\/strong> dans une conception <strong data-start=\"602\" data-end=\"631\">compacte, l\u00e9g\u00e8re (\u2248140 g)<\/strong> et robuste, capable de r\u00e9sister aux chocs et \u00e0 la poussi\u00e8re.<\/p>","protected":false},"featured_media":17098,"template":"","meta":[],"product_brand":[193],"product_cat":[161,169,179],"product_tag":[],"class_list":{"0":"post-17096","1":"product","2":"type-product","3":"status-publish","4":"has-post-thumbnail","6":"product_brand-opticon","7":"product_cat-terminaux-mobiles","8":"product_cat-terminaux-portables-batch","9":"product_cat-terminaux-portables-batch-1d","11":"first","12":"instock","13":"taxable","14":"shipping-taxable","15":"purchasable","16":"product-type-simple"},"_links":{"self":[{"href":"https:\/\/barcodedata.ch\/en\/wp-json\/wp\/v2\/product\/17096","targetHints":{"allow":["GET"]}}],"collection":[{"href":"https:\/\/barcodedata.ch\/en\/wp-json\/wp\/v2\/product"}],"about":[{"href":"https:\/\/barcodedata.ch\/en\/wp-json\/wp\/v2\/types\/product"}],"version-history":[{"count":1,"href":"https:\/\/barcodedata.ch\/en\/wp-json\/wp\/v2\/product\/17096\/revisions"}],"predecessor-version":[{"id":17100,"href":"https:\/\/barcodedata.ch\/en\/wp-json\/wp\/v2\/product\/17096\/revisions\/17100"}],"wp:featuredmedia":[{"embeddable":true,"href":"https:\/\/barcodedata.ch\/en\/wp-json\/wp\/v2\/media\/17098"}],"wp:attachment":[{"href":"https:\/\/barcodedata.ch\/en\/wp-json\/wp\/v2\/media?parent=17096"}],"wp:term":[{"taxonomy":"product_brand","embeddable":true,"href":"https:\/\/barcodedata.ch\/en\/wp-json\/wp\/v2\/product_brand?post=17096"},{"taxonomy":"product_cat","embeddable":true,"href":"https:\/\/barcodedata.ch\/en\/wp-json\/wp\/v2\/product_cat?post=17096"},{"taxonomy":"product_tag","embeddable":true,"href":"https:\/\/barcodedata.ch\/en\/wp-json\/wp\/v2\/product_tag?post=17096"}],"curies":[{"name":"wp","href":"https:\/\/api.w.org\/{rel}","templated":true}]}}