{"id":17093,"date":"2026-02-21T12:12:45","date_gmt":"2026-02-21T11:12:45","guid":{"rendered":"https:\/\/barcodedata.ch\/?post_type=product&#038;p=17093"},"modified":"2026-02-21T12:16:00","modified_gmt":"2026-02-21T11:16:00","slug":"bumper","status":"publish","type":"product","link":"https:\/\/barcodedata.ch\/en\/product\/bumper\/","title":{"rendered":"Bumper"},"content":{"rendered":"<p data-start=\"281\" data-end=\"562\">Le <strong data-start=\"284\" data-end=\"307\">Bumper pour Opticon<\/strong> est une <strong data-start=\"316\" data-end=\"367\">coque de protection renforc\u00e9e en caoutchouc\/TPU<\/strong> sp\u00e9cialement con\u00e7ue pour <strong data-start=\"393\" data-end=\"435\">prot\u00e9ger les terminaux mobiles Opticon<\/strong> (comme les s\u00e9ries <strong data-start=\"454\" data-end=\"462\">H-35<\/strong>, <strong data-start=\"464\" data-end=\"478\">OPN-series<\/strong>, etc.) contre les chocs, les chutes accidentelles, les vibrations et les rayures.<\/p>\n<p data-start=\"564\" data-end=\"946\">Contrairement \u00e0 une simple coque, le <strong data-start=\"601\" data-end=\"611\">bumper<\/strong> enveloppe l\u2019appareil sur les tranches et les coins avec un <strong data-start=\"671\" data-end=\"705\">mat\u00e9riau absorbant les impacts<\/strong>, tout en conservant l\u2019acc\u00e8s \u00e0 l\u2019\u00e9cran, aux boutons, aux ports et aux zones de chargement. Il prot\u00e8ge aussi l\u2019appareil lors d\u2019une manipulation quotidienne, en particulier dans les environnements industriels ou logistiques les plus exigeants.<\/p>\n<p data-start=\"564\" data-end=\"946\">Le <strong data-start=\"4561\" data-end=\"4584\">Bumper pour Opticon<\/strong> combine <strong data-start=\"4593\" data-end=\"4629\">protection, confort et praticit\u00e9<\/strong> pour prolonger la dur\u00e9e de vie de ton terminal mobile, tout en garantissant un maintien s\u00e9curis\u00e9 dans toutes les conditions de travail.<\/p>","protected":false},"excerpt":{"rendered":"<p>Le <strong data-start=\"284\" data-end=\"307\">Bumper pour Opticon<\/strong> est une <strong data-start=\"316\" data-end=\"367\">coque de protection renforc\u00e9e en caoutchouc\/TPU<\/strong> sp\u00e9cialement con\u00e7ue pour <strong data-start=\"393\" data-end=\"435\">prot\u00e9ger les terminaux mobiles Opticon<\/strong> (comme les s\u00e9ries <strong data-start=\"454\" data-end=\"462\">H-35<\/strong>, <strong data-start=\"464\" data-end=\"478\">OPN-series<\/strong>, etc.) contre les chocs, les chutes accidentelles, les vibrations et les rayures.<\/p>","protected":false},"featured_media":16024,"template":"","meta":[],"product_brand":[],"product_cat":[195],"product_tag":[],"class_list":{"0":"post-17093","1":"product","2":"type-product","3":"status-publish","4":"has-post-thumbnail","6":"product_cat-accessoires","8":"first","9":"instock","10":"taxable","11":"shipping-taxable","12":"purchasable","13":"product-type-simple"},"_links":{"self":[{"href":"https:\/\/barcodedata.ch\/en\/wp-json\/wp\/v2\/product\/17093","targetHints":{"allow":["GET"]}}],"collection":[{"href":"https:\/\/barcodedata.ch\/en\/wp-json\/wp\/v2\/product"}],"about":[{"href":"https:\/\/barcodedata.ch\/en\/wp-json\/wp\/v2\/types\/product"}],"version-history":[{"count":2,"href":"https:\/\/barcodedata.ch\/en\/wp-json\/wp\/v2\/product\/17093\/revisions"}],"predecessor-version":[{"id":17095,"href":"https:\/\/barcodedata.ch\/en\/wp-json\/wp\/v2\/product\/17093\/revisions\/17095"}],"wp:featuredmedia":[{"embeddable":true,"href":"https:\/\/barcodedata.ch\/en\/wp-json\/wp\/v2\/media\/16024"}],"wp:attachment":[{"href":"https:\/\/barcodedata.ch\/en\/wp-json\/wp\/v2\/media?parent=17093"}],"wp:term":[{"taxonomy":"product_brand","embeddable":true,"href":"https:\/\/barcodedata.ch\/en\/wp-json\/wp\/v2\/product_brand?post=17093"},{"taxonomy":"product_cat","embeddable":true,"href":"https:\/\/barcodedata.ch\/en\/wp-json\/wp\/v2\/product_cat?post=17093"},{"taxonomy":"product_tag","embeddable":true,"href":"https:\/\/barcodedata.ch\/en\/wp-json\/wp\/v2\/product_tag?post=17093"}],"curies":[{"name":"wp","href":"https:\/\/api.w.org\/{rel}","templated":true}]}}