{"id":17086,"date":"2026-02-21T11:54:41","date_gmt":"2026-02-21T10:54:41","guid":{"rendered":"https:\/\/barcodedata.ch\/?post_type=product&#038;p=17086"},"modified":"2026-02-21T11:57:25","modified_gmt":"2026-02-21T10:57:25","slug":"rubber-boot-pin","status":"publish","type":"product","link":"https:\/\/barcodedata.ch\/en\/product\/rubber-boot-pin\/","title":{"rendered":"Rubber Boot Pin for Cradle"},"content":{"rendered":"<p data-start=\"346\" data-end=\"600\">Le <strong data-start=\"349\" data-end=\"380\">Rubber Boot Pin for Cradle<\/strong> est une <strong data-start=\"389\" data-end=\"426\">pi\u00e8ce de protection en caoutchouc<\/strong> con\u00e7ue pour les <strong data-start=\"443\" data-end=\"487\">broches de contact ou broches de support<\/strong> pr\u00e9sentes dans les <strong data-start=\"507\" data-end=\"538\">stations de charge (cradle)<\/strong> des terminaux Opticon (ex. <strong data-start=\"566\" data-end=\"576\">CRD-35<\/strong>, <strong data-start=\"578\" data-end=\"590\">CRD-3000<\/strong>, etc.).<\/p>\n<p data-start=\"602\" data-end=\"1021\">Cette <strong data-start=\"608\" data-end=\"660\">prot\u00e8ge-broche en \u00e9lastom\u00e8re \/ caoutchouc souple<\/strong> garantit une <strong data-start=\"674\" data-end=\"705\">protection m\u00e9canique fiable<\/strong> des points de contact lorsque le terminal ou l\u2019accessoire n\u2019est <strong data-start=\"770\" data-end=\"800\">pas en charge ou non mont\u00e9<\/strong>, \u00e9vitant l\u2019entr\u00e9e de poussi\u00e8re, de d\u00e9bris ou l\u2019usure des broches m\u00e9talliques. Elle contribue \u00e9galement \u00e0 une meilleure <strong data-start=\"920\" data-end=\"952\">long\u00e9vit\u00e9 du point de charge<\/strong> en r\u00e9duisant les risques de pliage, oxydation ou dommage accidentel.<\/p>\n<p data-start=\"1023\" data-end=\"1175\"><em data-start=\"1026\" data-end=\"1069\">Un petit accessoire simple mais essentiel<\/em> pour prot\u00e9ger ta station de recharge et assurer des cycles de charge durables et fiables jour apr\u00e8s jour.<\/p>","protected":false},"excerpt":{"rendered":"<p data-start=\"346\" data-end=\"600\">Le <strong data-start=\"349\" data-end=\"380\">Rubber Boot Pin for Cradle<\/strong> est une <strong data-start=\"389\" data-end=\"426\">pi\u00e8ce de protection en caoutchouc<\/strong> con\u00e7ue pour les <strong data-start=\"443\" data-end=\"487\">broches de contact ou broches de support<\/strong> pr\u00e9sentes dans les <strong data-start=\"507\" data-end=\"538\">stations de charge (cradle)<\/strong> des terminaux Opticon (ex. <strong data-start=\"566\" data-end=\"576\">CRD-35<\/strong>, <strong data-start=\"578\" data-end=\"590\">CRD-3000<\/strong>, et autres.).\u00a0Elle contribue \u00e9galement \u00e0 une meilleure <strong data-start=\"920\" data-end=\"952\">long\u00e9vit\u00e9 du point de charge<\/strong> en r\u00e9duisant les risques de pliage, oxydation ou dommage accidentel.<\/p>","protected":false},"featured_media":16023,"template":"","meta":[],"product_brand":[193],"product_cat":[195],"product_tag":[],"class_list":{"0":"post-17086","1":"product","2":"type-product","3":"status-publish","4":"has-post-thumbnail","6":"product_brand-opticon","7":"product_cat-accessoires","9":"first","10":"instock","11":"taxable","12":"shipping-taxable","13":"purchasable","14":"product-type-simple"},"_links":{"self":[{"href":"https:\/\/barcodedata.ch\/en\/wp-json\/wp\/v2\/product\/17086","targetHints":{"allow":["GET"]}}],"collection":[{"href":"https:\/\/barcodedata.ch\/en\/wp-json\/wp\/v2\/product"}],"about":[{"href":"https:\/\/barcodedata.ch\/en\/wp-json\/wp\/v2\/types\/product"}],"version-history":[{"count":3,"href":"https:\/\/barcodedata.ch\/en\/wp-json\/wp\/v2\/product\/17086\/revisions"}],"predecessor-version":[{"id":17089,"href":"https:\/\/barcodedata.ch\/en\/wp-json\/wp\/v2\/product\/17086\/revisions\/17089"}],"wp:featuredmedia":[{"embeddable":true,"href":"https:\/\/barcodedata.ch\/en\/wp-json\/wp\/v2\/media\/16023"}],"wp:attachment":[{"href":"https:\/\/barcodedata.ch\/en\/wp-json\/wp\/v2\/media?parent=17086"}],"wp:term":[{"taxonomy":"product_brand","embeddable":true,"href":"https:\/\/barcodedata.ch\/en\/wp-json\/wp\/v2\/product_brand?post=17086"},{"taxonomy":"product_cat","embeddable":true,"href":"https:\/\/barcodedata.ch\/en\/wp-json\/wp\/v2\/product_cat?post=17086"},{"taxonomy":"product_tag","embeddable":true,"href":"https:\/\/barcodedata.ch\/en\/wp-json\/wp\/v2\/product_tag?post=17086"}],"curies":[{"name":"wp","href":"https:\/\/api.w.org\/{rel}","templated":true}]}}