{"id":17083,"date":"2026-02-21T11:22:15","date_gmt":"2026-02-21T10:22:15","guid":{"rendered":"https:\/\/barcodedata.ch\/?post_type=product&#038;p=17083"},"modified":"2026-02-21T11:32:04","modified_gmt":"2026-02-21T10:32:04","slug":"holster","status":"publish","type":"product","link":"https:\/\/barcodedata.ch\/en\/product\/holster\/","title":{"rendered":"Holster"},"content":{"rendered":"<p data-start=\"281\" data-end=\"684\">Le <strong data-start=\"284\" data-end=\"303\">Holster Opticon<\/strong> est un <strong data-start=\"311\" data-end=\"355\">\u00e9tui de transport robuste et ergonomique<\/strong> sp\u00e9cialement con\u00e7u pour prot\u00e9ger et transporter ton terminal mobile Opticon (ex. <strong data-start=\"437\" data-end=\"445\">H-35<\/strong>, <strong data-start=\"447\" data-end=\"461\">H-35 EU V2<\/strong>, etc.) lorsqu\u2019il n\u2019est pas utilis\u00e9. Fabriqu\u00e9 dans des mat\u00e9riaux durables, il offre une <strong data-start=\"549\" data-end=\"616\">protection contre les chocs, les rayures et l\u2019usure quotidienne<\/strong>, tout en permettant un <strong data-start=\"640\" data-end=\"668\">acc\u00e8s rapide et s\u00e9curis\u00e9<\/strong> \u00e0 l\u2019appareil.<\/p>\n<p data-start=\"686\" data-end=\"1009\">Gr\u00e2ce \u00e0 son design bien pens\u00e9, le holster permet de porter le terminal \u00e0 la ceinture, au sac ou \u00e0 un autre support, facilitant les mouvements sur le terrain sans alourdir l\u2019utilisateur. C\u2019est l\u2019accessoire id\u00e9al pour les environnements o\u00f9 mobilit\u00e9 et s\u00e9curit\u00e9 se combinent : logistique, retail, services sur le terrain, etc.<\/p>","protected":false},"excerpt":{"rendered":"<p>Le <strong data-start=\"284\" data-end=\"303\">Holster Opticon<\/strong> est un <strong data-start=\"311\" data-end=\"355\">\u00e9tui de transport robuste et ergonomique<\/strong> sp\u00e9cialement con\u00e7u pour prot\u00e9ger et transporter ton terminal mobile Opticon (ex. <strong data-start=\"437\" data-end=\"445\">H-35<\/strong>, <strong data-start=\"447\" data-end=\"461\">H-35 EU V2<\/strong>, etc.) lorsqu\u2019il n\u2019est pas utilis\u00e9. Fabriqu\u00e9 dans des mat\u00e9riaux durables, il offre une <strong data-start=\"549\" data-end=\"616\">protection contre les chocs, les rayures et l\u2019usure quotidienne<\/strong>, tout en permettant un <strong data-start=\"640\" data-end=\"668\">acc\u00e8s rapide et s\u00e9curis\u00e9<\/strong> \u00e0 l\u2019appareil.<\/p>","protected":false},"featured_media":17084,"template":"","meta":[],"product_brand":[],"product_cat":[195],"product_tag":[],"class_list":{"0":"post-17083","1":"product","2":"type-product","3":"status-publish","4":"has-post-thumbnail","6":"product_cat-accessoires","8":"first","9":"instock","10":"taxable","11":"shipping-taxable","12":"purchasable","13":"product-type-simple"},"_links":{"self":[{"href":"https:\/\/barcodedata.ch\/en\/wp-json\/wp\/v2\/product\/17083","targetHints":{"allow":["GET"]}}],"collection":[{"href":"https:\/\/barcodedata.ch\/en\/wp-json\/wp\/v2\/product"}],"about":[{"href":"https:\/\/barcodedata.ch\/en\/wp-json\/wp\/v2\/types\/product"}],"version-history":[{"count":1,"href":"https:\/\/barcodedata.ch\/en\/wp-json\/wp\/v2\/product\/17083\/revisions"}],"predecessor-version":[{"id":17085,"href":"https:\/\/barcodedata.ch\/en\/wp-json\/wp\/v2\/product\/17083\/revisions\/17085"}],"wp:featuredmedia":[{"embeddable":true,"href":"https:\/\/barcodedata.ch\/en\/wp-json\/wp\/v2\/media\/17084"}],"wp:attachment":[{"href":"https:\/\/barcodedata.ch\/en\/wp-json\/wp\/v2\/media?parent=17083"}],"wp:term":[{"taxonomy":"product_brand","embeddable":true,"href":"https:\/\/barcodedata.ch\/en\/wp-json\/wp\/v2\/product_brand?post=17083"},{"taxonomy":"product_cat","embeddable":true,"href":"https:\/\/barcodedata.ch\/en\/wp-json\/wp\/v2\/product_cat?post=17083"},{"taxonomy":"product_tag","embeddable":true,"href":"https:\/\/barcodedata.ch\/en\/wp-json\/wp\/v2\/product_tag?post=17083"}],"curies":[{"name":"wp","href":"https:\/\/api.w.org\/{rel}","templated":true}]}}