{"id":17080,"date":"2026-02-21T11:00:50","date_gmt":"2026-02-21T10:00:50","guid":{"rendered":"https:\/\/barcodedata.ch\/?post_type=product&#038;p=17080"},"modified":"2026-02-21T11:00:50","modified_gmt":"2026-02-21T10:00:50","slug":"power-supply-crd","status":"publish","type":"product","link":"https:\/\/barcodedata.ch\/en\/product\/power-supply-crd\/","title":{"rendered":"Power Supply CRD"},"content":{"rendered":"<p data-start=\"206\" data-end=\"634\">Le <strong data-start=\"209\" data-end=\"245\">Power Supply pour Opticon CRD-35<\/strong> est <strong data-start=\"250\" data-end=\"283\">l\u2019adaptateur secteur officiel<\/strong> sp\u00e9cialement con\u00e7u pour alimenter les <strong data-start=\"322\" data-end=\"351\">stations de charge CRD-35<\/strong> (socles de charge pour terminals Opticon H-35, avec ou sans poign\u00e9e pistolet). Il transforme l\u2019\u00e9lectricit\u00e9 de r\u00e9seau (AC) en courant continu (DC) compatible avec ton socle de charge, pour une <strong data-start=\"544\" data-end=\"581\">recharge s\u00fbre, stable et conforme<\/strong> des appareils.<\/p>\n<p data-start=\"636\" data-end=\"836\"><em data-start=\"639\" data-end=\"648\">\u00c0 noter<\/em> : le <strong data-start=\"654\" data-end=\"672\">CRD-35 charger<\/strong> est souvent vendu <strong data-start=\"691\" data-end=\"712\">sans alimentation<\/strong>, ce qui rend l\u2019achat de ce Power Supply essentiel pour rendre le cradle op\u00e9rationnel.<\/p>","protected":false},"excerpt":{"rendered":"<p>Le <strong data-start=\"209\" data-end=\"245\">Power Supply pour Opticon CRD-35<\/strong> est <strong data-start=\"250\" data-end=\"283\">l\u2019adaptateur secteur officiel<\/strong> sp\u00e9cialement con\u00e7u pour alimenter les <strong data-start=\"322\" data-end=\"351\">stations de charge CRD-35<\/strong> (socles de charge pour terminals Opticon H-35, avec ou sans poign\u00e9e pistolet). Il transforme l\u2019\u00e9lectricit\u00e9 de r\u00e9seau (AC) en courant continu (DC) compatible avec ton socle de charge, pour une <strong data-start=\"544\" data-end=\"581\">recharge s\u00fbre, stable et conforme<\/strong> des appareils.<\/p>","protected":false},"featured_media":17081,"template":"","meta":[],"product_brand":[193],"product_cat":[195],"product_tag":[],"class_list":{"0":"post-17080","1":"product","2":"type-product","3":"status-publish","4":"has-post-thumbnail","6":"product_brand-opticon","7":"product_cat-accessoires","9":"first","10":"instock","11":"taxable","12":"shipping-taxable","13":"purchasable","14":"product-type-simple"},"_links":{"self":[{"href":"https:\/\/barcodedata.ch\/en\/wp-json\/wp\/v2\/product\/17080","targetHints":{"allow":["GET"]}}],"collection":[{"href":"https:\/\/barcodedata.ch\/en\/wp-json\/wp\/v2\/product"}],"about":[{"href":"https:\/\/barcodedata.ch\/en\/wp-json\/wp\/v2\/types\/product"}],"version-history":[{"count":1,"href":"https:\/\/barcodedata.ch\/en\/wp-json\/wp\/v2\/product\/17080\/revisions"}],"predecessor-version":[{"id":17082,"href":"https:\/\/barcodedata.ch\/en\/wp-json\/wp\/v2\/product\/17080\/revisions\/17082"}],"wp:featuredmedia":[{"embeddable":true,"href":"https:\/\/barcodedata.ch\/en\/wp-json\/wp\/v2\/media\/17081"}],"wp:attachment":[{"href":"https:\/\/barcodedata.ch\/en\/wp-json\/wp\/v2\/media?parent=17080"}],"wp:term":[{"taxonomy":"product_brand","embeddable":true,"href":"https:\/\/barcodedata.ch\/en\/wp-json\/wp\/v2\/product_brand?post=17080"},{"taxonomy":"product_cat","embeddable":true,"href":"https:\/\/barcodedata.ch\/en\/wp-json\/wp\/v2\/product_cat?post=17080"},{"taxonomy":"product_tag","embeddable":true,"href":"https:\/\/barcodedata.ch\/en\/wp-json\/wp\/v2\/product_tag?post=17080"}],"curies":[{"name":"wp","href":"https:\/\/api.w.org\/{rel}","templated":true}]}}