{"id":17074,"date":"2026-02-21T10:40:41","date_gmt":"2026-02-21T09:40:41","guid":{"rendered":"https:\/\/barcodedata.ch\/?post_type=product&#038;p=17074"},"modified":"2026-02-21T10:40:41","modified_gmt":"2026-02-21T09:40:41","slug":"crd-35-chargeur-poignet-pistolet","status":"publish","type":"product","link":"https:\/\/barcodedata.ch\/en\/product\/crd-35-chargeur-poignet-pistolet\/","title":{"rendered":"CRD-35 Chargeur poignet pistolet"},"content":{"rendered":"<p data-start=\"276\" data-end=\"725\">Le <strong data-start=\"279\" data-end=\"322\">Opticon CRD-35 Charger PG (Pistol Grip)<\/strong> est une <strong data-start=\"331\" data-end=\"361\">station de recharge d\u00e9di\u00e9e<\/strong> con\u00e7ue pour les terminaux <strong data-start=\"388\" data-end=\"404\">Opticon H-35<\/strong> lorsqu\u2019ils sont mont\u00e9s sur un <strong data-start=\"435\" data-end=\"453\">Pistol Grip V2<\/strong>. Ce socle combine \u00e0 la fois une <strong data-start=\"486\" data-end=\"511\">base de charge stable<\/strong>, une <strong data-start=\"517\" data-end=\"558\">connexion \u00e9lectrique propre et fiable<\/strong>, ainsi que l\u2019int\u00e9gration parfaite du <strong data-start=\"596\" data-end=\"625\">pistolet-grip du terminal<\/strong>, permettant de recharger facilement ton appareil mobile m\u00eame lorsqu\u2019il est utilis\u00e9 avec sa poign\u00e9e.<\/p>\n<p data-start=\"727\" data-end=\"1088\">Con\u00e7u pour les environnements professionnels exigeants, ce <strong data-start=\"786\" data-end=\"811\">charger \u201cPistol Grip\u201d<\/strong> simplifie le passage entre les sessions mobiles (sur poign\u00e9es) et les phases de recharge en poste fixe. Il offre un <strong data-start=\"928\" data-end=\"959\">point de charge ergonomique<\/strong> sans fil ou via contacts d\u00e9di\u00e9s, id\u00e9al pour optimiser le flux de travail et garantir une disponibilit\u00e9 maximale de l\u2019\u00e9quipement.<\/p>","protected":false},"excerpt":{"rendered":"<p>Le <strong data-start=\"279\" data-end=\"322\">Opticon CRD-35 Charger PG (Pistol Grip)<\/strong> est une <strong data-start=\"331\" data-end=\"361\">station de recharge d\u00e9di\u00e9e<\/strong> con\u00e7ue pour les terminaux <strong data-start=\"388\" data-end=\"404\">Opticon H-35<\/strong> lorsqu\u2019ils sont mont\u00e9s sur un <strong data-start=\"435\" data-end=\"453\">Pistol Grip V2<\/strong>. Ce socle combine \u00e0 la fois une <strong data-start=\"486\" data-end=\"511\">base de charge stable<\/strong>, une <strong data-start=\"517\" data-end=\"558\">connexion \u00e9lectrique propre et fiable<\/strong>, ainsi que l\u2019int\u00e9gration parfaite du <strong data-start=\"596\" data-end=\"625\">pistolet-grip du terminal<\/strong>, permettant de recharger facilement ton appareil mobile m\u00eame lorsqu\u2019il est utilis\u00e9 avec sa poign\u00e9e.<\/p>","protected":false},"featured_media":17078,"template":"","meta":[],"product_brand":[],"product_cat":[195],"product_tag":[],"class_list":{"0":"post-17074","1":"product","2":"type-product","3":"status-publish","4":"has-post-thumbnail","6":"product_cat-accessoires","8":"first","9":"instock","10":"taxable","11":"shipping-taxable","12":"purchasable","13":"product-type-simple"},"_links":{"self":[{"href":"https:\/\/barcodedata.ch\/en\/wp-json\/wp\/v2\/product\/17074","targetHints":{"allow":["GET"]}}],"collection":[{"href":"https:\/\/barcodedata.ch\/en\/wp-json\/wp\/v2\/product"}],"about":[{"href":"https:\/\/barcodedata.ch\/en\/wp-json\/wp\/v2\/types\/product"}],"version-history":[{"count":1,"href":"https:\/\/barcodedata.ch\/en\/wp-json\/wp\/v2\/product\/17074\/revisions"}],"predecessor-version":[{"id":17079,"href":"https:\/\/barcodedata.ch\/en\/wp-json\/wp\/v2\/product\/17074\/revisions\/17079"}],"wp:featuredmedia":[{"embeddable":true,"href":"https:\/\/barcodedata.ch\/en\/wp-json\/wp\/v2\/media\/17078"}],"wp:attachment":[{"href":"https:\/\/barcodedata.ch\/en\/wp-json\/wp\/v2\/media?parent=17074"}],"wp:term":[{"taxonomy":"product_brand","embeddable":true,"href":"https:\/\/barcodedata.ch\/en\/wp-json\/wp\/v2\/product_brand?post=17074"},{"taxonomy":"product_cat","embeddable":true,"href":"https:\/\/barcodedata.ch\/en\/wp-json\/wp\/v2\/product_cat?post=17074"},{"taxonomy":"product_tag","embeddable":true,"href":"https:\/\/barcodedata.ch\/en\/wp-json\/wp\/v2\/product_tag?post=17074"}],"curies":[{"name":"wp","href":"https:\/\/api.w.org\/{rel}","templated":true}]}}