{"id":17070,"date":"2026-02-19T10:07:45","date_gmt":"2026-02-19T09:07:45","guid":{"rendered":"https:\/\/barcodedata.ch\/?post_type=product&#038;p=17070"},"modified":"2026-02-19T10:07:45","modified_gmt":"2026-02-19T09:07:45","slug":"batterie-poignee-pistolet","status":"publish","type":"product","link":"https:\/\/barcodedata.ch\/en\/product\/batterie-poignee-pistolet\/","title":{"rendered":"Batterie poign\u00e9e pistolet"},"content":{"rendered":"<p style=\"padding-left: 40px;\" data-start=\"257\" data-end=\"582\">La <strong data-start=\"260\" data-end=\"291\">Batterie pour Pistol Grip V2<\/strong> est une <strong data-start=\"300\" data-end=\"353\">batterie rechargeable de remplacement \/ extension<\/strong> sp\u00e9cialement con\u00e7ue pour \u00eatre utilis\u00e9e avec le <strong data-start=\"401\" data-end=\"419\">Pistol Grip V2<\/strong> d\u2019Opticon. Elle apporte une <strong data-start=\"448\" data-end=\"476\">puissance suppl\u00e9mentaire<\/strong> \u00e0 ton terminal portable (ex. Opticon H-series) lorsqu\u2019il est mont\u00e9 dans la poign\u00e9e pistolet, permettant :<\/p>\n<p style=\"padding-left: 80px;\" data-start=\"584\" data-end=\"825\">\u2714 une <strong data-start=\"590\" data-end=\"613\">autonomie prolong\u00e9e<\/strong> lors d\u2019utilisations intensives<br data-start=\"644\" data-end=\"647\" \/>\u2714 de scanner plus longtemps sans recharger<br data-start=\"689\" data-end=\"692\" \/>\u2714 une <strong data-start=\"698\" data-end=\"732\">meilleure r\u00e9partition du poids<\/strong> (ergonomie)<br data-start=\"744\" data-end=\"747\" \/>\u2714 une solution pratique pour lieux sans acc\u00e8s fr\u00e9quent \u00e0 une station de charge<\/p>\n<p style=\"padding-left: 40px;\" data-start=\"827\" data-end=\"991\">Cette batterie est id\u00e9ale pour les professionnels qui effectuent des sessions de lecture longues ou continues, comme en logistique, inventaire, retail ou livraison.<\/p>","protected":false},"excerpt":{"rendered":"<p>La <strong data-start=\"260\" data-end=\"291\">Batterie pour Pistol Grip V2<\/strong> est une <strong data-start=\"300\" data-end=\"353\">batterie rechargeable de remplacement \/ extension<\/strong> sp\u00e9cialement con\u00e7ue pour \u00eatre utilis\u00e9e avec le <strong data-start=\"401\" data-end=\"419\">Pistol Grip V2<\/strong> d\u2019Opticon. Elle apporte une <strong data-start=\"448\" data-end=\"476\">puissance suppl\u00e9mentaire<\/strong> \u00e0 ton terminal portable (ex. Opticon H-series).<\/p>","protected":false},"featured_media":0,"template":"","meta":[],"product_brand":[193],"product_cat":[195],"product_tag":[],"class_list":{"0":"post-17070","1":"product","2":"type-product","3":"status-publish","5":"product_brand-opticon","6":"product_cat-accessoires","8":"first","9":"instock","10":"taxable","11":"shipping-taxable","12":"purchasable","13":"product-type-simple"},"_links":{"self":[{"href":"https:\/\/barcodedata.ch\/en\/wp-json\/wp\/v2\/product\/17070","targetHints":{"allow":["GET"]}}],"collection":[{"href":"https:\/\/barcodedata.ch\/en\/wp-json\/wp\/v2\/product"}],"about":[{"href":"https:\/\/barcodedata.ch\/en\/wp-json\/wp\/v2\/types\/product"}],"version-history":[{"count":1,"href":"https:\/\/barcodedata.ch\/en\/wp-json\/wp\/v2\/product\/17070\/revisions"}],"predecessor-version":[{"id":17071,"href":"https:\/\/barcodedata.ch\/en\/wp-json\/wp\/v2\/product\/17070\/revisions\/17071"}],"wp:attachment":[{"href":"https:\/\/barcodedata.ch\/en\/wp-json\/wp\/v2\/media?parent=17070"}],"wp:term":[{"taxonomy":"product_brand","embeddable":true,"href":"https:\/\/barcodedata.ch\/en\/wp-json\/wp\/v2\/product_brand?post=17070"},{"taxonomy":"product_cat","embeddable":true,"href":"https:\/\/barcodedata.ch\/en\/wp-json\/wp\/v2\/product_cat?post=17070"},{"taxonomy":"product_tag","embeddable":true,"href":"https:\/\/barcodedata.ch\/en\/wp-json\/wp\/v2\/product_tag?post=17070"}],"curies":[{"name":"wp","href":"https:\/\/api.w.org\/{rel}","templated":true}]}}