{"id":17060,"date":"2026-02-18T11:46:14","date_gmt":"2026-02-18T10:46:14","guid":{"rendered":"https:\/\/barcodedata.ch\/?post_type=product&#038;p=17060"},"modified":"2026-03-22T00:51:23","modified_gmt":"2026-03-21T23:51:23","slug":"crd-3000","status":"publish","type":"product","link":"https:\/\/barcodedata.ch\/en\/product\/crd-3000\/","title":{"rendered":"CRD-3000"},"content":{"rendered":"<p data-start=\"189\" data-end=\"679\">Le <strong data-start=\"192\" data-end=\"212\">Opticon CRD-3000<\/strong> est un <strong data-start=\"220\" data-end=\"266\">socle de charge sans fil (charging cradle)<\/strong> con\u00e7u pour <strong data-start=\"278\" data-end=\"318\">recharger facilement et sans contact<\/strong> les scanners portables de la s\u00e9rie <strong data-start=\"354\" data-end=\"366\">OPN-3102<\/strong>, notamment l\u2019<strong data-start=\"380\" data-end=\"393\">OPN-3102i<\/strong>. Il utilise la <strong data-start=\"409\" data-end=\"447\">technologie de charge inductive Qi<\/strong>, ce qui \u00e9limine la n\u00e9cessit\u00e9 de nettoyer ou entretenir des contacts m\u00e9talliques, et am\u00e9liore ainsi la fiabilit\u00e9 et la dur\u00e9e de vie du scanner en \u00e9vitant l\u2019usure li\u00e9e aux branchements fr\u00e9quents.<\/p>\n<p data-start=\"681\" data-end=\"980\">Le CRD-3000 offre une solution pratique pour garder ton scanner toujours pr\u00eat \u00e0 l\u2019emploi dans des environnements tels que les points de vente, la logistique l\u00e9g\u00e8re ou les zones de r\u00e9ception, o\u00f9 le maintien d\u2019une batterie charg\u00e9e est essentiel \u00e0 la productivit\u00e9.<\/p>","protected":false},"excerpt":{"rendered":"<p>Le <strong data-start=\"192\" data-end=\"212\">Opticon CRD-3000<\/strong> est un <strong data-start=\"220\" data-end=\"266\">socle de charge sans fil (charging cradle)<\/strong> con\u00e7u pour <strong data-start=\"278\" data-end=\"318\">recharger facilement et sans contact<\/strong> les scanners portables de la s\u00e9rie <strong data-start=\"354\" data-end=\"366\">OPN-3102<\/strong>, notamment l\u2019<strong data-start=\"380\" data-end=\"393\">OPN-3102i<\/strong>. Il utilise la <strong data-start=\"409\" data-end=\"447\">technologie de charge inductive Qi<\/strong>, ce qui \u00e9limine la n\u00e9cessit\u00e9 de nettoyer ou entretenir des contacts m\u00e9talliques, et am\u00e9liore ainsi la fiabilit\u00e9 et la dur\u00e9e de vie du scanner en \u00e9vitant l\u2019usure li\u00e9e aux branchements fr\u00e9quents.<\/p>\n<p><strong><span style=\"color: #ff0000;\">Quantit\u00e9 minimale de commande :\u00a0<\/span><\/strong><span style=\"color: #ff0000;\">\u00e0 confirmer. <\/span><span style=\"color: #ff0000;\">Veuillez nous contacter pour plus d&rsquo;informations<\/span><\/p>","protected":false},"featured_media":16412,"template":"","meta":[],"product_brand":[193],"product_cat":[195],"product_tag":[],"class_list":{"0":"post-17060","1":"product","2":"type-product","3":"status-publish","4":"has-post-thumbnail","6":"product_brand-opticon","7":"product_cat-accessoires","9":"first","10":"instock","11":"taxable","12":"shipping-taxable","13":"purchasable","14":"product-type-simple"},"_links":{"self":[{"href":"https:\/\/barcodedata.ch\/en\/wp-json\/wp\/v2\/product\/17060","targetHints":{"allow":["GET"]}}],"collection":[{"href":"https:\/\/barcodedata.ch\/en\/wp-json\/wp\/v2\/product"}],"about":[{"href":"https:\/\/barcodedata.ch\/en\/wp-json\/wp\/v2\/types\/product"}],"version-history":[{"count":4,"href":"https:\/\/barcodedata.ch\/en\/wp-json\/wp\/v2\/product\/17060\/revisions"}],"predecessor-version":[{"id":17670,"href":"https:\/\/barcodedata.ch\/en\/wp-json\/wp\/v2\/product\/17060\/revisions\/17670"}],"wp:featuredmedia":[{"embeddable":true,"href":"https:\/\/barcodedata.ch\/en\/wp-json\/wp\/v2\/media\/16412"}],"wp:attachment":[{"href":"https:\/\/barcodedata.ch\/en\/wp-json\/wp\/v2\/media?parent=17060"}],"wp:term":[{"taxonomy":"product_brand","embeddable":true,"href":"https:\/\/barcodedata.ch\/en\/wp-json\/wp\/v2\/product_brand?post=17060"},{"taxonomy":"product_cat","embeddable":true,"href":"https:\/\/barcodedata.ch\/en\/wp-json\/wp\/v2\/product_cat?post=17060"},{"taxonomy":"product_tag","embeddable":true,"href":"https:\/\/barcodedata.ch\/en\/wp-json\/wp\/v2\/product_tag?post=17060"}],"curies":[{"name":"wp","href":"https:\/\/api.w.org\/{rel}","templated":true}]}}