{"id":17054,"date":"2026-02-18T10:58:23","date_gmt":"2026-02-18T09:58:23","guid":{"rendered":"https:\/\/barcodedata.ch\/?post_type=product&#038;p=17054"},"modified":"2026-03-23T22:26:54","modified_gmt":"2026-03-23T21:26:54","slug":"opn-6000-hls","status":"publish","type":"product","link":"https:\/\/barcodedata.ch\/en\/product\/opn-6000-hls\/","title":{"rendered":"OPN-6000 HLS"},"content":{"rendered":"<p data-start=\"346\" data-end=\"914\">Le <strong data-start=\"349\" data-end=\"373\">Opticon OPN-6000 HLS<\/strong> est la <strong data-start=\"381\" data-end=\"418\">version Healthcare \/ Life Science<\/strong> du compagnon scanner <strong data-start=\"440\" data-end=\"452\">OPN-6000<\/strong>, sp\u00e9cialement con\u00e7ue pour les environnements o\u00f9 l\u2019<strong data-start=\"503\" data-end=\"566\">hygi\u00e8ne, la d\u00e9sinfection fr\u00e9quente et la s\u00e9curit\u00e9 sanitaire<\/strong> sont essentielles \u2014 comme les h\u00f4pitaux, cliniques, pharmacies ou laboratoires. Cette variante utilise un <strong data-start=\"672\" data-end=\"699\">plastique antimicrobien<\/strong> qui aide \u00e0 r\u00e9duire les risques de contamination bact\u00e9rienne sur la surface de l\u2019appareil, tout en conservant toutes les performances avanc\u00e9es de la version standard du scanner.<\/p>\n<p data-start=\"916\" data-end=\"1232\">Avec sa <strong data-start=\"924\" data-end=\"949\">taille ultra-compacte<\/strong>, son poids plume (~52 g) et sa connectivit\u00e9 <strong data-start=\"994\" data-end=\"1028\">Bluetooth 5.4 Low Energy (BLE)<\/strong> et <strong data-start=\"1032\" data-end=\"1041\">USB-C<\/strong>, il offre une exp\u00e9rience de lecture de codes-barres (1D &amp; 2D) <strong data-start=\"1104\" data-end=\"1132\">rapide, fiable et mobile<\/strong>, adaptable \u00e0 une multitude de flux de travail professionnels.<\/p>","protected":false},"excerpt":{"rendered":"<p>Le <strong data-start=\"349\" data-end=\"373\">Opticon OPN-6000 HLS<\/strong> est la <strong data-start=\"381\" data-end=\"418\">version Healthcare \/ Life Science<\/strong> du compagnon scanner <strong data-start=\"440\" data-end=\"452\">OPN-6000<\/strong>, sp\u00e9cialement con\u00e7ue pour les environnements o\u00f9 l\u2019<strong data-start=\"503\" data-end=\"566\">hygi\u00e8ne, la d\u00e9sinfection fr\u00e9quente et la s\u00e9curit\u00e9 sanitaire<\/strong> sont essentielles \u2014 comme les h\u00f4pitaux, cliniques, pharmacies ou laboratoires. Cette variante utilise un <strong data-start=\"672\" data-end=\"699\">plastique antimicrobien<\/strong> qui aide \u00e0 r\u00e9duire les risques de contamination bact\u00e9rienne sur la surface de l\u2019appareil, tout en conservant toutes les performances avanc\u00e9es de la version standard du scanner.<\/p>\n<p><strong><span style=\"color: #ff0000;\">Quantit\u00e9 minimale de commande :\u00a0<\/span><\/strong><span style=\"color: #ff0000;\">\u00e0 confirmer. Veuillez nous contacter pour plus d&rsquo;informations.<\/span><\/p>","protected":false},"featured_media":16429,"template":"","meta":[],"product_brand":[193],"product_cat":[168,177],"product_tag":[],"class_list":{"0":"post-17054","1":"product","2":"type-product","3":"status-publish","4":"has-post-thumbnail","6":"product_brand-opticon","7":"product_cat-connecteurs-donnees","8":"product_cat-collecteurs-de-donnees-2d","10":"first","11":"instock","12":"taxable","13":"shipping-taxable","14":"purchasable","15":"product-type-simple"},"_links":{"self":[{"href":"https:\/\/barcodedata.ch\/en\/wp-json\/wp\/v2\/product\/17054","targetHints":{"allow":["GET"]}}],"collection":[{"href":"https:\/\/barcodedata.ch\/en\/wp-json\/wp\/v2\/product"}],"about":[{"href":"https:\/\/barcodedata.ch\/en\/wp-json\/wp\/v2\/types\/product"}],"version-history":[{"count":2,"href":"https:\/\/barcodedata.ch\/en\/wp-json\/wp\/v2\/product\/17054\/revisions"}],"predecessor-version":[{"id":17667,"href":"https:\/\/barcodedata.ch\/en\/wp-json\/wp\/v2\/product\/17054\/revisions\/17667"}],"wp:featuredmedia":[{"embeddable":true,"href":"https:\/\/barcodedata.ch\/en\/wp-json\/wp\/v2\/media\/16429"}],"wp:attachment":[{"href":"https:\/\/barcodedata.ch\/en\/wp-json\/wp\/v2\/media?parent=17054"}],"wp:term":[{"taxonomy":"product_brand","embeddable":true,"href":"https:\/\/barcodedata.ch\/en\/wp-json\/wp\/v2\/product_brand?post=17054"},{"taxonomy":"product_cat","embeddable":true,"href":"https:\/\/barcodedata.ch\/en\/wp-json\/wp\/v2\/product_cat?post=17054"},{"taxonomy":"product_tag","embeddable":true,"href":"https:\/\/barcodedata.ch\/en\/wp-json\/wp\/v2\/product_tag?post=17054"}],"curies":[{"name":"wp","href":"https:\/\/api.w.org\/{rel}","templated":true}]}}