{"id":17050,"date":"2026-02-18T08:53:22","date_gmt":"2026-02-18T07:53:22","guid":{"rendered":"https:\/\/barcodedata.ch\/?post_type=product&#038;p=17050"},"modified":"2026-03-22T01:29:45","modified_gmt":"2026-03-22T00:29:45","slug":"opn-4000n","status":"publish","type":"product","link":"https:\/\/barcodedata.ch\/en\/product\/opn-4000n\/","title":{"rendered":"OPN-4000n"},"content":{"rendered":"<p data-start=\"287\" data-end=\"732\">Le <strong data-start=\"290\" data-end=\"311\">Opticon OPN-4000n<\/strong> est un <strong data-start=\"319\" data-end=\"382\">scanner de codes-barres 1D Bluetooth ultra-compact et l\u00e9ger<\/strong>, con\u00e7u pour offrir une solution de lecture mobile et flexible des codes lin\u00e9aires. Gr\u00e2ce \u00e0 son <strong data-start=\"478\" data-end=\"512\">moteur CCD lin\u00e9aire performant<\/strong>, il capture rapidement et pr\u00e9cis\u00e9ment les codes 1D, puis transmet les donn\u00e9es en <strong data-start=\"594\" data-end=\"608\">temps r\u00e9el<\/strong> \u00e0 n\u2019importe quel appareil compatible Bluetooth, sans n\u00e9cessit\u00e9 de c\u00e2bles encombrants.<\/p>\n<p data-start=\"734\" data-end=\"1104\">Orient\u00e9 mobilit\u00e9, ce scanner tient facilement dans une poche ou s\u2019accroche \u00e0 un <strong data-start=\"814\" data-end=\"828\">neck strap<\/strong>, ce qui le rend parfait pour une utilisation en <strong data-start=\"877\" data-end=\"936\">points de vente, gestion d\u2019inventaire ou suivi d\u2019actifs<\/strong>. Il est pr\u00eat \u00e0 fonctionner d\u00e8s la sortie de la bo\u00eete : il suffit de l\u2019appairer avec un appareil Bluetooth pour commencer le scan.<\/p>","protected":false},"excerpt":{"rendered":"<p>Le <strong data-start=\"290\" data-end=\"311\">Opticon OPN-4000n<\/strong> est un <strong data-start=\"319\" data-end=\"382\">scanner de codes-barres 1D Bluetooth ultra-compact et l\u00e9ger<\/strong>, con\u00e7u pour offrir une solution de lecture mobile et flexible des codes lin\u00e9aires. Gr\u00e2ce \u00e0 son <strong data-start=\"478\" data-end=\"512\">moteur CCD lin\u00e9aire performant<\/strong>, il capture rapidement et pr\u00e9cis\u00e9ment les codes 1D, puis transmet les donn\u00e9es en <strong data-start=\"594\" data-end=\"608\">temps r\u00e9el<\/strong> \u00e0 n\u2019importe quel appareil compatible Bluetooth, sans n\u00e9cessit\u00e9 de c\u00e2bles encombrants.<\/p>\n<p><span style=\"color: #ff0000;\"><strong>Quantit\u00e9 minimale de commande : <\/strong>\u00e0 confirmer, veuillez nous contacter pour plus d&rsquo;informations.<\/span><\/p>","protected":false},"featured_media":16422,"template":"","meta":[],"product_brand":[193],"product_cat":[168,178],"product_tag":[],"class_list":{"0":"post-17050","1":"product","2":"type-product","3":"status-publish","4":"has-post-thumbnail","6":"product_brand-opticon","7":"product_cat-connecteurs-donnees","8":"product_cat-collecteurs-de-donnees-1d","10":"first","11":"instock","12":"taxable","13":"shipping-taxable","14":"purchasable","15":"product-type-simple"},"_links":{"self":[{"href":"https:\/\/barcodedata.ch\/en\/wp-json\/wp\/v2\/product\/17050","targetHints":{"allow":["GET"]}}],"collection":[{"href":"https:\/\/barcodedata.ch\/en\/wp-json\/wp\/v2\/product"}],"about":[{"href":"https:\/\/barcodedata.ch\/en\/wp-json\/wp\/v2\/types\/product"}],"version-history":[{"count":2,"href":"https:\/\/barcodedata.ch\/en\/wp-json\/wp\/v2\/product\/17050\/revisions"}],"predecessor-version":[{"id":17666,"href":"https:\/\/barcodedata.ch\/en\/wp-json\/wp\/v2\/product\/17050\/revisions\/17666"}],"wp:featuredmedia":[{"embeddable":true,"href":"https:\/\/barcodedata.ch\/en\/wp-json\/wp\/v2\/media\/16422"}],"wp:attachment":[{"href":"https:\/\/barcodedata.ch\/en\/wp-json\/wp\/v2\/media?parent=17050"}],"wp:term":[{"taxonomy":"product_brand","embeddable":true,"href":"https:\/\/barcodedata.ch\/en\/wp-json\/wp\/v2\/product_brand?post=17050"},{"taxonomy":"product_cat","embeddable":true,"href":"https:\/\/barcodedata.ch\/en\/wp-json\/wp\/v2\/product_cat?post=17050"},{"taxonomy":"product_tag","embeddable":true,"href":"https:\/\/barcodedata.ch\/en\/wp-json\/wp\/v2\/product_tag?post=17050"}],"curies":[{"name":"wp","href":"https:\/\/api.w.org\/{rel}","templated":true}]}}