{"id":17045,"date":"2026-02-18T08:28:59","date_gmt":"2026-02-18T07:28:59","guid":{"rendered":"https:\/\/barcodedata.ch\/?post_type=product&#038;p=17045"},"modified":"2026-02-18T08:28:59","modified_gmt":"2026-02-18T07:28:59","slug":"silicone-cover-opn","status":"publish","type":"product","link":"https:\/\/barcodedata.ch\/en\/product\/silicone-cover-opn\/","title":{"rendered":"Silicone Cover OPN"},"content":{"rendered":"<p data-start=\"287\" data-end=\"646\">La <strong data-start=\"290\" data-end=\"325\">silicone cover pour Opticon OPN<\/strong> est une <strong data-start=\"334\" data-end=\"378\">coque de protection souple et r\u00e9sistante<\/strong>, sp\u00e9cialement con\u00e7ue pour les scanners de la s\u00e9rie <strong data-start=\"430\" data-end=\"445\">Opticon OPN<\/strong>. Fabriqu\u00e9e en <strong data-start=\"475\" data-end=\"504\">silicone de haute qualit\u00e9<\/strong>, elle entoure parfaitement le scanner pour <strong data-start=\"548\" data-end=\"643\">prot\u00e9ger l\u2019appareil contre les chocs, les rayures, les \u00e9claboussures et l\u2019usure quotidienne<\/strong>.<\/p>\n<p data-start=\"648\" data-end=\"888\">Sa texture antid\u00e9rapante am\u00e9liore la prise en main, r\u00e9duit les risques de glissement accidentel et aide \u00e0 prolonger la dur\u00e9e de vie de ton scanner, tout en maintenant l\u2019acc\u00e8s <strong data-start=\"823\" data-end=\"887\">facile aux boutons, aux connecteurs USB-C et aux voyants LED<\/strong>. Cette coque combine confort, style et protection professionnelle.<\/p>","protected":false},"excerpt":{"rendered":"<p>La <strong data-start=\"290\" data-end=\"325\">silicone cover pour Opticon OPN<\/strong> est une <strong data-start=\"334\" data-end=\"378\">coque de protection souple et r\u00e9sistante<\/strong>, sp\u00e9cialement con\u00e7ue pour les scanners de la s\u00e9rie <strong data-start=\"430\" data-end=\"445\">Opticon OPN<\/strong>. Fabriqu\u00e9e en <strong data-start=\"475\" data-end=\"504\">silicone de haute qualit\u00e9<\/strong>, elle entoure parfaitement le scanner pour <strong data-start=\"548\" data-end=\"643\">prot\u00e9ger l\u2019appareil contre les chocs, les rayures, les \u00e9claboussures et l\u2019usure quotidienne<\/strong>.<\/p>","protected":false},"featured_media":17046,"template":"","meta":[],"product_brand":[],"product_cat":[195],"product_tag":[],"class_list":{"0":"post-17045","1":"product","2":"type-product","3":"status-publish","4":"has-post-thumbnail","6":"product_cat-accessoires","8":"first","9":"instock","10":"taxable","11":"shipping-taxable","12":"purchasable","13":"product-type-simple"},"_links":{"self":[{"href":"https:\/\/barcodedata.ch\/en\/wp-json\/wp\/v2\/product\/17045","targetHints":{"allow":["GET"]}}],"collection":[{"href":"https:\/\/barcodedata.ch\/en\/wp-json\/wp\/v2\/product"}],"about":[{"href":"https:\/\/barcodedata.ch\/en\/wp-json\/wp\/v2\/types\/product"}],"version-history":[{"count":1,"href":"https:\/\/barcodedata.ch\/en\/wp-json\/wp\/v2\/product\/17045\/revisions"}],"predecessor-version":[{"id":17047,"href":"https:\/\/barcodedata.ch\/en\/wp-json\/wp\/v2\/product\/17045\/revisions\/17047"}],"wp:featuredmedia":[{"embeddable":true,"href":"https:\/\/barcodedata.ch\/en\/wp-json\/wp\/v2\/media\/17046"}],"wp:attachment":[{"href":"https:\/\/barcodedata.ch\/en\/wp-json\/wp\/v2\/media?parent=17045"}],"wp:term":[{"taxonomy":"product_brand","embeddable":true,"href":"https:\/\/barcodedata.ch\/en\/wp-json\/wp\/v2\/product_brand?post=17045"},{"taxonomy":"product_cat","embeddable":true,"href":"https:\/\/barcodedata.ch\/en\/wp-json\/wp\/v2\/product_cat?post=17045"},{"taxonomy":"product_tag","embeddable":true,"href":"https:\/\/barcodedata.ch\/en\/wp-json\/wp\/v2\/product_tag?post=17045"}],"curies":[{"name":"wp","href":"https:\/\/api.w.org\/{rel}","templated":true}]}}