{"id":17019,"date":"2026-02-17T21:20:42","date_gmt":"2026-02-17T20:20:42","guid":{"rendered":"https:\/\/barcodedata.ch\/?post_type=product&#038;p=17019"},"modified":"2026-03-29T21:48:04","modified_gmt":"2026-03-29T19:48:04","slug":"bracket-strap","status":"publish","type":"product","link":"https:\/\/barcodedata.ch\/en\/product\/bracket-strap\/","title":{"rendered":"Bracket &#038; Strap"},"content":{"rendered":"<p data-start=\"275\" data-end=\"547\">Le <strong data-start=\"278\" data-end=\"297\">Bracket &amp; Strap<\/strong> est un <strong data-start=\"305\" data-end=\"346\">accessoire ergonomique et fonctionnel<\/strong> con\u00e7u pour <strong data-start=\"358\" data-end=\"450\">fixer solidement un scanner de type <em data-start=\"396\" data-end=\"402\">ring<\/em> ou portable au doigt, \u00e0 la main ou au poignet<\/strong> de l\u2019utilisateur, tout en offrant un <strong data-start=\"488\" data-end=\"544\">confort optimal et une libert\u00e9 de mouvement maximale<\/strong>.<\/p>\n<p data-start=\"549\" data-end=\"928\">Cet ensemble combine un <strong data-start=\"573\" data-end=\"594\">bracket (support)<\/strong> sp\u00e9cialement moul\u00e9 et une <strong data-start=\"621\" data-end=\"649\">sangle ajustable (strap)<\/strong> \u2014 permettant au scanner d\u2019\u00eatre port\u00e9 de mani\u00e8re <strong data-start=\"698\" data-end=\"716\">stable et s\u00fbre<\/strong> sans \u00eatre tenu en permanence \u00e0 la main. Il est particuli\u00e8rement utile dans les environnements de <strong data-start=\"814\" data-end=\"882\">logistique, d\u2019entrep\u00f4t, de retail ou de pr\u00e9paration de commandes<\/strong>, o\u00f9 un mouvement rapide et fluide est requis.<\/p>","protected":false},"excerpt":{"rendered":"<p>Le <strong data-start=\"278\" data-end=\"297\">Bracket &amp; Strap<\/strong> est un <strong data-start=\"305\" data-end=\"346\">accessoire ergonomique et fonctionnel<\/strong> con\u00e7u pour <strong data-start=\"358\" data-end=\"450\">fixer solidement un scanner de type <em data-start=\"396\" data-end=\"402\">ring<\/em> ou portable au doigt, \u00e0 la main ou au poignet<\/strong> de l\u2019utilisateur, tout en offrant un <strong data-start=\"488\" data-end=\"544\">confort optimal et une libert\u00e9 de mouvement maximale<\/strong>.<\/p>","protected":false},"featured_media":16435,"template":"","meta":[],"product_brand":[193],"product_cat":[195],"product_tag":[],"class_list":{"0":"post-17019","1":"product","2":"type-product","3":"status-publish","4":"has-post-thumbnail","6":"product_brand-opticon","7":"product_cat-accessoires","9":"first","10":"instock","11":"taxable","12":"shipping-taxable","13":"purchasable","14":"product-type-simple"},"_links":{"self":[{"href":"https:\/\/barcodedata.ch\/en\/wp-json\/wp\/v2\/product\/17019","targetHints":{"allow":["GET"]}}],"collection":[{"href":"https:\/\/barcodedata.ch\/en\/wp-json\/wp\/v2\/product"}],"about":[{"href":"https:\/\/barcodedata.ch\/en\/wp-json\/wp\/v2\/types\/product"}],"version-history":[{"count":1,"href":"https:\/\/barcodedata.ch\/en\/wp-json\/wp\/v2\/product\/17019\/revisions"}],"predecessor-version":[{"id":17020,"href":"https:\/\/barcodedata.ch\/en\/wp-json\/wp\/v2\/product\/17019\/revisions\/17020"}],"wp:featuredmedia":[{"embeddable":true,"href":"https:\/\/barcodedata.ch\/en\/wp-json\/wp\/v2\/media\/16435"}],"wp:attachment":[{"href":"https:\/\/barcodedata.ch\/en\/wp-json\/wp\/v2\/media?parent=17019"}],"wp:term":[{"taxonomy":"product_brand","embeddable":true,"href":"https:\/\/barcodedata.ch\/en\/wp-json\/wp\/v2\/product_brand?post=17019"},{"taxonomy":"product_cat","embeddable":true,"href":"https:\/\/barcodedata.ch\/en\/wp-json\/wp\/v2\/product_cat?post=17019"},{"taxonomy":"product_tag","embeddable":true,"href":"https:\/\/barcodedata.ch\/en\/wp-json\/wp\/v2\/product_tag?post=17019"}],"curies":[{"name":"wp","href":"https:\/\/api.w.org\/{rel}","templated":true}]}}