{"id":17016,"date":"2026-02-17T21:08:55","date_gmt":"2026-02-17T20:08:55","guid":{"rendered":"https:\/\/barcodedata.ch\/?post_type=product&#038;p=17016"},"modified":"2026-02-17T21:11:26","modified_gmt":"2026-02-17T20:11:26","slug":"cable-usb-c","status":"publish","type":"product","link":"https:\/\/barcodedata.ch\/en\/product\/cable-usb-c\/","title":{"rendered":"C\u00e2ble USB-C"},"content":{"rendered":"<p data-start=\"301\" data-end=\"544\">Le <strong data-start=\"304\" data-end=\"319\">c\u00e2ble USB-C<\/strong> est un <strong data-start=\"327\" data-end=\"371\">cordon de connexion universel et moderne<\/strong> con\u00e7u pour relier des appareils \u00e9lectroniques \u00e9quip\u00e9s d\u2019un port <strong data-start=\"436\" data-end=\"450\">USB Type-C<\/strong> \u00e0 un ordinateur, une source d\u2019alimentation, une station de charge ou un autre p\u00e9riph\u00e9rique.<\/p>\n<p data-start=\"546\" data-end=\"949\">Gr\u00e2ce \u00e0 sa <strong data-start=\"557\" data-end=\"587\">connexion r\u00e9versible USB-C<\/strong> (les deux sens possibles), il facilite les branchements sans erreurs, offre une <strong data-start=\"668\" data-end=\"712\">transmission de donn\u00e9es rapide et stable<\/strong>, ainsi qu\u2019une <strong data-start=\"727\" data-end=\"754\">alimentation \u00e9lectrique<\/strong> conforme aux standards modernes. L\u00e9ger, robuste et compatible avec une large gamme d\u2019appareils r\u00e9cents, il constitue un accessoire essentiel pour les environnements professionnels et personnels.<\/p>","protected":false},"excerpt":{"rendered":"<p>Le <strong data-start=\"304\" data-end=\"319\">c\u00e2ble USB-C<\/strong> est un <strong data-start=\"327\" data-end=\"371\">cordon de connexion universel et moderne<\/strong> con\u00e7u pour relier des appareils \u00e9lectroniques \u00e9quip\u00e9s d\u2019un port <strong data-start=\"436\" data-end=\"450\">USB Type-C<\/strong> \u00e0 un ordinateur, une source d\u2019alimentation, une station de charge ou un autre p\u00e9riph\u00e9rique.<\/p>","protected":false},"featured_media":17017,"template":"","meta":[],"product_brand":[],"product_cat":[195],"product_tag":[],"class_list":{"0":"post-17016","1":"product","2":"type-product","3":"status-publish","4":"has-post-thumbnail","6":"product_cat-accessoires","8":"first","9":"instock","10":"taxable","11":"shipping-taxable","12":"purchasable","13":"product-type-simple"},"_links":{"self":[{"href":"https:\/\/barcodedata.ch\/en\/wp-json\/wp\/v2\/product\/17016","targetHints":{"allow":["GET"]}}],"collection":[{"href":"https:\/\/barcodedata.ch\/en\/wp-json\/wp\/v2\/product"}],"about":[{"href":"https:\/\/barcodedata.ch\/en\/wp-json\/wp\/v2\/types\/product"}],"version-history":[{"count":1,"href":"https:\/\/barcodedata.ch\/en\/wp-json\/wp\/v2\/product\/17016\/revisions"}],"predecessor-version":[{"id":17018,"href":"https:\/\/barcodedata.ch\/en\/wp-json\/wp\/v2\/product\/17016\/revisions\/17018"}],"wp:featuredmedia":[{"embeddable":true,"href":"https:\/\/barcodedata.ch\/en\/wp-json\/wp\/v2\/media\/17017"}],"wp:attachment":[{"href":"https:\/\/barcodedata.ch\/en\/wp-json\/wp\/v2\/media?parent=17016"}],"wp:term":[{"taxonomy":"product_brand","embeddable":true,"href":"https:\/\/barcodedata.ch\/en\/wp-json\/wp\/v2\/product_brand?post=17016"},{"taxonomy":"product_cat","embeddable":true,"href":"https:\/\/barcodedata.ch\/en\/wp-json\/wp\/v2\/product_cat?post=17016"},{"taxonomy":"product_tag","embeddable":true,"href":"https:\/\/barcodedata.ch\/en\/wp-json\/wp\/v2\/product_tag?post=17016"}],"curies":[{"name":"wp","href":"https:\/\/api.w.org\/{rel}","templated":true}]}}