{"id":16986,"date":"2026-02-17T17:16:02","date_gmt":"2026-02-17T16:16:02","guid":{"rendered":"https:\/\/barcodedata.ch\/?post_type=product&#038;p=16986"},"modified":"2026-03-22T01:30:40","modified_gmt":"2026-03-22T00:30:40","slug":"opi-3301i","status":"publish","type":"product","link":"https:\/\/barcodedata.ch\/en\/product\/opi-3301i\/","title":{"rendered":"OPI-3301i"},"content":{"rendered":"<p data-start=\"276\" data-end=\"716\">Le <strong data-start=\"279\" data-end=\"304\">Opticon OPI-3301i <\/strong>est un <strong data-start=\"312\" data-end=\"363\">scanner de codes-barres 2D sans fil ultra-l\u00e9ger<\/strong> avec un design <strong data-start=\"379\" data-end=\"415\">ergonomique en forme de pistolet<\/strong> qui facilite la prise en main et r\u00e9duit la fatigue lors d\u2019une utilisation prolong\u00e9e. Il est \u00e9quip\u00e9 d\u2019un <strong data-start=\"520\" data-end=\"558\">capteur d\u2019imagerie CMOS performant<\/strong> qui permet de lire rapidement et pr\u00e9cis\u00e9ment les codes-barres <strong data-start=\"621\" data-end=\"633\">1D et 2D<\/strong>, y compris sur \u00e9crans ou documents imprim\u00e9s.<\/p>\n<p data-start=\"718\" data-end=\"1096\">La connexion <strong data-start=\"731\" data-end=\"749\">Bluetooth\u00ae 2.1<\/strong> offre une <strong data-start=\"760\" data-end=\"813\">transmission de donn\u00e9es sans fil fluide et stable<\/strong> jusqu\u2019\u00e0 environ 10 m, sans c\u00e2ble encombrant, tandis que la certification <strong data-start=\"887\" data-end=\"900\">Apple MFi<\/strong> garantit une compatibilit\u00e9 sans friction avec les appareils Apple (iPhone, iPad, iPod) ainsi qu\u2019avec Android, Windows et d\u2019autres host Bluetooth compatibles.<\/p>\n<p data-start=\"1098\" data-end=\"1342\">Ce scanner est id\u00e9al pour les environnements o\u00f9 mobilit\u00e9, flexibilit\u00e9 et confort sont essentiels, tout en conservant une excellente robustesse gr\u00e2ce \u00e0 une conception r\u00e9sistante \u00e0 la poussi\u00e8re et aux chutes.<\/p>","protected":false},"excerpt":{"rendered":"<p>Le <strong data-start=\"279\" data-end=\"304\">Opticon OPI-3301i <\/strong>est un <strong data-start=\"312\" data-end=\"363\">scanner de codes-barres 2D sans fil ultra-l\u00e9ger<\/strong> avec un design <strong data-start=\"379\" data-end=\"415\">ergonomique en forme de pistolet<\/strong> qui facilite la prise en main et r\u00e9duit la fatigue lors d\u2019une utilisation prolong\u00e9e.<\/p>","protected":false},"featured_media":16399,"template":"","meta":[],"product_brand":[193],"product_cat":[167,176],"product_tag":[],"class_list":{"0":"post-16986","1":"product","2":"type-product","3":"status-publish","4":"has-post-thumbnail","6":"product_brand-opticon","7":"product_cat-lecteurs-sans-fils","8":"product_cat-lecteurs-sans-fils-2d","10":"first","11":"instock","12":"taxable","13":"shipping-taxable","14":"purchasable","15":"product-type-simple"},"_links":{"self":[{"href":"https:\/\/barcodedata.ch\/en\/wp-json\/wp\/v2\/product\/16986","targetHints":{"allow":["GET"]}}],"collection":[{"href":"https:\/\/barcodedata.ch\/en\/wp-json\/wp\/v2\/product"}],"about":[{"href":"https:\/\/barcodedata.ch\/en\/wp-json\/wp\/v2\/types\/product"}],"version-history":[{"count":1,"href":"https:\/\/barcodedata.ch\/en\/wp-json\/wp\/v2\/product\/16986\/revisions"}],"predecessor-version":[{"id":16987,"href":"https:\/\/barcodedata.ch\/en\/wp-json\/wp\/v2\/product\/16986\/revisions\/16987"}],"wp:featuredmedia":[{"embeddable":true,"href":"https:\/\/barcodedata.ch\/en\/wp-json\/wp\/v2\/media\/16399"}],"wp:attachment":[{"href":"https:\/\/barcodedata.ch\/en\/wp-json\/wp\/v2\/media?parent=16986"}],"wp:term":[{"taxonomy":"product_brand","embeddable":true,"href":"https:\/\/barcodedata.ch\/en\/wp-json\/wp\/v2\/product_brand?post=16986"},{"taxonomy":"product_cat","embeddable":true,"href":"https:\/\/barcodedata.ch\/en\/wp-json\/wp\/v2\/product_cat?post=16986"},{"taxonomy":"product_tag","embeddable":true,"href":"https:\/\/barcodedata.ch\/en\/wp-json\/wp\/v2\/product_tag?post=16986"}],"curies":[{"name":"wp","href":"https:\/\/api.w.org\/{rel}","templated":true}]}}