{"id":16980,"date":"2026-02-17T16:58:22","date_gmt":"2026-02-17T15:58:22","guid":{"rendered":"https:\/\/barcodedata.ch\/?post_type=product&#038;p=16980"},"modified":"2026-02-17T16:58:54","modified_gmt":"2026-02-17T15:58:54","slug":"opa-3201-usb-dongle","status":"publish","type":"product","link":"https:\/\/barcodedata.ch\/en\/product\/opa-3201-usb-dongle\/","title":{"rendered":"OPA 3201 USB DONGLE"},"content":{"rendered":"<p>Le <strong data-start=\"286\" data-end=\"317\">Opticon OPA-3201-USB Dongle<\/strong> est un <strong data-start=\"325\" data-end=\"362\">adaptateur Bluetooth USB compact<\/strong> sp\u00e9cialement con\u00e7u pour permettre \u00e0 certains scanners <strong data-start=\"417\" data-end=\"437\">sans fil Opticon<\/strong> (comme les mod\u00e8les <strong data-start=\"457\" data-end=\"470\">OPC-3301i<\/strong> et <strong data-start=\"474\" data-end=\"487\">OPI-3301i<\/strong>) de communiquer <strong data-start=\"504\" data-end=\"550\">sans fil avec un ordinateur ou un terminal<\/strong> via une connexion USB. Ce dongle sert de <strong data-start=\"592\" data-end=\"610\">pont Bluetooth<\/strong> entre le scanner et l\u2019h\u00f4te, offrant une solution simple pour connecter facilement ton scanner sans n\u00e9cessiter de configuration complexe ou de pilotes sp\u00e9cifiques.<\/p>","protected":false},"excerpt":{"rendered":"<p>Le <strong data-start=\"286\" data-end=\"317\">Opticon OPA-3201-USB Dongle<\/strong> est un <strong data-start=\"325\" data-end=\"362\">adaptateur Bluetooth USB compact<\/strong> sp\u00e9cialement con\u00e7u pour permettre \u00e0 certains scanners <strong data-start=\"417\" data-end=\"437\">sans fil Opticon<\/strong> (comme les mod\u00e8les <strong data-start=\"457\" data-end=\"470\">OPC-3301i<\/strong> et <strong data-start=\"474\" data-end=\"487\">OPI-3301i<\/strong>) de communiquer <strong data-start=\"504\" data-end=\"550\">sans fil avec un ordinateur ou un terminal<\/strong> via une connexion USB.<\/p>","protected":false},"featured_media":16983,"template":"","meta":[],"product_brand":[193],"product_cat":[195],"product_tag":[],"class_list":{"0":"post-16980","1":"product","2":"type-product","3":"status-publish","4":"has-post-thumbnail","6":"product_brand-opticon","7":"product_cat-accessoires","9":"first","10":"instock","11":"taxable","12":"shipping-taxable","13":"purchasable","14":"product-type-simple"},"_links":{"self":[{"href":"https:\/\/barcodedata.ch\/en\/wp-json\/wp\/v2\/product\/16980","targetHints":{"allow":["GET"]}}],"collection":[{"href":"https:\/\/barcodedata.ch\/en\/wp-json\/wp\/v2\/product"}],"about":[{"href":"https:\/\/barcodedata.ch\/en\/wp-json\/wp\/v2\/types\/product"}],"version-history":[{"count":2,"href":"https:\/\/barcodedata.ch\/en\/wp-json\/wp\/v2\/product\/16980\/revisions"}],"predecessor-version":[{"id":16985,"href":"https:\/\/barcodedata.ch\/en\/wp-json\/wp\/v2\/product\/16980\/revisions\/16985"}],"wp:featuredmedia":[{"embeddable":true,"href":"https:\/\/barcodedata.ch\/en\/wp-json\/wp\/v2\/media\/16983"}],"wp:attachment":[{"href":"https:\/\/barcodedata.ch\/en\/wp-json\/wp\/v2\/media?parent=16980"}],"wp:term":[{"taxonomy":"product_brand","embeddable":true,"href":"https:\/\/barcodedata.ch\/en\/wp-json\/wp\/v2\/product_brand?post=16980"},{"taxonomy":"product_cat","embeddable":true,"href":"https:\/\/barcodedata.ch\/en\/wp-json\/wp\/v2\/product_cat?post=16980"},{"taxonomy":"product_tag","embeddable":true,"href":"https:\/\/barcodedata.ch\/en\/wp-json\/wp\/v2\/product_tag?post=16980"}],"curies":[{"name":"wp","href":"https:\/\/api.w.org\/{rel}","templated":true}]}}