{"id":16977,"date":"2026-02-17T16:47:22","date_gmt":"2026-02-17T15:47:22","guid":{"rendered":"https:\/\/barcodedata.ch\/?post_type=product&#038;p=16977"},"modified":"2026-02-28T17:46:55","modified_gmt":"2026-02-28T16:46:55","slug":"batterie-rechargeable","status":"publish","type":"product","link":"https:\/\/barcodedata.ch\/en\/product\/batterie-rechargeable\/","title":{"rendered":"Batterie rechargeable"},"content":{"rendered":"<p data-start=\"304\" data-end=\"717\">La <strong data-start=\"307\" data-end=\"368\">batterie rechargeable <\/strong>est une <strong data-start=\"377\" data-end=\"419\">batterie lithium-ion 3,7 V de 1100 mAh<\/strong> con\u00e7ue pour alimenter les scanners sans fil Opticon. Elle est <strong data-start=\"482\" data-end=\"519\">l\u2019alimentation interne principale<\/strong> de ces mod\u00e8les de scanner, permettant une <strong data-start=\"562\" data-end=\"602\">autonomie prolong\u00e9e en mode sans fil<\/strong> sans avoir \u00e0 \u00eatre constamment connect\u00e9e \u00e0 une source d\u2019alimentation externe.<\/p>\n<p data-start=\"719\" data-end=\"1152\">Con\u00e7ue pour une utilisation intensive dans des environnements professionnels, cette batterie est id\u00e9ale pour les applications o\u00f9 <strong data-start=\"848\" data-end=\"891\">mobilit\u00e9, dur\u00e9e de service et fiabilit\u00e9<\/strong> sont essentielles. Lorsque la batterie est faible, une LED sur le scanner peut avertir l\u2019utilisateur qu\u2019une recharge est n\u00e9cessaire, ce qui peut \u00eatre effectu\u00e9e rapidement via une station de charge recommand\u00e9e (ex. cradle).<\/p>","protected":false},"excerpt":{"rendered":"<p>La <strong data-start=\"307\" data-end=\"368\">batterie rechargeable pour Opticon OPC-3301i \/ OPI-3301i<\/strong> est une <strong data-start=\"377\" data-end=\"419\">batterie lithium-ion 3,7 V de 1100 mAh<\/strong> con\u00e7ue pour alimenter les scanners sans fil Opticon.<\/p>","protected":false},"featured_media":17153,"template":"","meta":[],"product_brand":[193],"product_cat":[195],"product_tag":[],"class_list":{"0":"post-16977","1":"product","2":"type-product","3":"status-publish","4":"has-post-thumbnail","6":"product_brand-opticon","7":"product_cat-accessoires","9":"first","10":"instock","11":"taxable","12":"shipping-taxable","13":"purchasable","14":"product-type-simple"},"_links":{"self":[{"href":"https:\/\/barcodedata.ch\/en\/wp-json\/wp\/v2\/product\/16977","targetHints":{"allow":["GET"]}}],"collection":[{"href":"https:\/\/barcodedata.ch\/en\/wp-json\/wp\/v2\/product"}],"about":[{"href":"https:\/\/barcodedata.ch\/en\/wp-json\/wp\/v2\/types\/product"}],"version-history":[{"count":1,"href":"https:\/\/barcodedata.ch\/en\/wp-json\/wp\/v2\/product\/16977\/revisions"}],"predecessor-version":[{"id":16979,"href":"https:\/\/barcodedata.ch\/en\/wp-json\/wp\/v2\/product\/16977\/revisions\/16979"}],"wp:featuredmedia":[{"embeddable":true,"href":"https:\/\/barcodedata.ch\/en\/wp-json\/wp\/v2\/media\/17153"}],"wp:attachment":[{"href":"https:\/\/barcodedata.ch\/en\/wp-json\/wp\/v2\/media?parent=16977"}],"wp:term":[{"taxonomy":"product_brand","embeddable":true,"href":"https:\/\/barcodedata.ch\/en\/wp-json\/wp\/v2\/product_brand?post=16977"},{"taxonomy":"product_cat","embeddable":true,"href":"https:\/\/barcodedata.ch\/en\/wp-json\/wp\/v2\/product_cat?post=16977"},{"taxonomy":"product_tag","embeddable":true,"href":"https:\/\/barcodedata.ch\/en\/wp-json\/wp\/v2\/product_tag?post=16977"}],"curies":[{"name":"wp","href":"https:\/\/api.w.org\/{rel}","templated":true}]}}