{"id":16962,"date":"2026-02-17T14:35:34","date_gmt":"2026-02-17T13:35:34","guid":{"rendered":"https:\/\/barcodedata.ch\/?post_type=product&#038;p=16962"},"modified":"2026-03-22T01:30:57","modified_gmt":"2026-03-22T00:30:57","slug":"l-46r-usb-std","status":"publish","type":"product","link":"https:\/\/barcodedata.ch\/en\/product\/l-46r-usb-std\/","title":{"rendered":"L-46R STD"},"content":{"rendered":"<p data-start=\"233\" data-end=\"727\">Le <strong data-start=\"236\" data-end=\"277\"><span class=\"hover:entity-accent entity-underline inline cursor-pointer align-baseline\"><span class=\"whitespace-normal\">Opticon L\u201146R STD<\/span><\/span><\/strong> est un <strong data-start=\"285\" data-end=\"329\">scanner de codes-barres laser 1D filaire<\/strong> fiable et performant, livr\u00e9 avec son <strong data-start=\"367\" data-end=\"386\">support (stand)<\/strong> pour utilisation mains libres. Il combine une <strong data-start=\"433\" data-end=\"473\">lecture rapide (jusqu\u2019\u00e0 100 scans\/s)<\/strong>, un <strong data-start=\"478\" data-end=\"500\">design ergonomique<\/strong> de type \u201cpistolet\u201d et une construction robuste adapt\u00e9e \u00e0 un usage quotidien intensif dans des environnements vari\u00e9s tels que <strong data-start=\"626\" data-end=\"688\">commerces, points de vente, entrep\u00f4ts, sant\u00e9 ou logistique<\/strong>.<\/p>\n<p data-start=\"729\" data-end=\"1007\">Ce lecteur permet une <strong data-start=\"751\" data-end=\"798\">installation USB simple en mode Plug &amp; Play<\/strong>, sans besoin de pilotes complexes, ainsi qu\u2019une grande flexibilit\u00e9 d\u2019usage gr\u00e2ce au stand inclus qui permet de passer facilement d\u2019un mode manuel \u00e0 un usage mains libres.<\/p>","protected":false},"excerpt":{"rendered":"<p data-start=\"233\" data-end=\"727\">Le <span class=\"hover:entity-accent entity-underline inline cursor-pointer align-baseline\"><span class=\"whitespace-normal\">Opticon L\u201146R STD<\/span><\/span> est un scanner de codes-barres laser 1D filaire fiable et performant, livr\u00e9 avec son support (stand) pour utilisation mains libres. Il combine une lecture rapide (jusqu\u2019\u00e0 100 scans\/s), un design ergonomique de type \u201cpistolet\u201d et une construction robuste adapt\u00e9e \u00e0 un usage quotidien intensif dans des environnements vari\u00e9s tels que commerces, points de vente, entrep\u00f4ts, sant\u00e9 ou logistique.<\/p>","protected":false},"featured_media":16014,"template":"","meta":[],"product_brand":[193],"product_cat":[166,173],"product_tag":[],"class_list":{"0":"post-16962","1":"product","2":"type-product","3":"status-publish","4":"has-post-thumbnail","6":"product_brand-opticon","7":"product_cat-lecteurs-filaires","8":"product_cat-lecteurs-filaires-1d","10":"first","11":"instock","12":"taxable","13":"shipping-taxable","14":"purchasable","15":"product-type-variable"},"_links":{"self":[{"href":"https:\/\/barcodedata.ch\/en\/wp-json\/wp\/v2\/product\/16962","targetHints":{"allow":["GET"]}}],"collection":[{"href":"https:\/\/barcodedata.ch\/en\/wp-json\/wp\/v2\/product"}],"about":[{"href":"https:\/\/barcodedata.ch\/en\/wp-json\/wp\/v2\/types\/product"}],"version-history":[{"count":6,"href":"https:\/\/barcodedata.ch\/en\/wp-json\/wp\/v2\/product\/16962\/revisions"}],"predecessor-version":[{"id":17660,"href":"https:\/\/barcodedata.ch\/en\/wp-json\/wp\/v2\/product\/16962\/revisions\/17660"}],"wp:featuredmedia":[{"embeddable":true,"href":"https:\/\/barcodedata.ch\/en\/wp-json\/wp\/v2\/media\/16014"}],"wp:attachment":[{"href":"https:\/\/barcodedata.ch\/en\/wp-json\/wp\/v2\/media?parent=16962"}],"wp:term":[{"taxonomy":"product_brand","embeddable":true,"href":"https:\/\/barcodedata.ch\/en\/wp-json\/wp\/v2\/product_brand?post=16962"},{"taxonomy":"product_cat","embeddable":true,"href":"https:\/\/barcodedata.ch\/en\/wp-json\/wp\/v2\/product_cat?post=16962"},{"taxonomy":"product_tag","embeddable":true,"href":"https:\/\/barcodedata.ch\/en\/wp-json\/wp\/v2\/product_tag?post=16962"}],"curies":[{"name":"wp","href":"https:\/\/api.w.org\/{rel}","templated":true}]}}