{"id":16882,"date":"2025-12-22T21:30:05","date_gmt":"2025-12-22T20:30:05","guid":{"rendered":"https:\/\/barcodedata.ch\/?post_type=product&#038;p=16882"},"modified":"2026-03-22T01:31:16","modified_gmt":"2026-03-22T00:31:16","slug":"l-46r-usb-black","status":"publish","type":"product","link":"https:\/\/barcodedata.ch\/en\/product\/l-46r-usb-black\/","title":{"rendered":"L-46R"},"content":{"rendered":"<p data-start=\"231\" data-end=\"687\">Le <strong data-start=\"234\" data-end=\"259\">Opticon L-46R<\/strong>\u00a0est un <strong data-start=\"267\" data-end=\"323\">scanner de codes-barres 1D filaire haute performance<\/strong>, con\u00e7u pour offrir <strong data-start=\"343\" data-end=\"384\">une lecture rapide, pr\u00e9cise et fiable<\/strong> des codes-barres monochromatiques. Avec une <strong data-start=\"429\" data-end=\"458\">connexion USB Plug &amp; Play<\/strong>, il s\u2019int\u00e8gre imm\u00e9diatement \u00e0 ton syst\u00e8me sans installation de pilotes complexe, ce qui en fait une solution id\u00e9ale pour les <strong data-start=\"584\" data-end=\"686\">comptoirs de vente, caisses, points de service, logistique l\u00e9g\u00e8re et environnements professionnels<\/strong>.<\/p>\n<p data-start=\"689\" data-end=\"893\">Son design ergonomique de type \u201cpistolet\u201d facilite l\u2019utilisation lors de sessions de scanning prolong\u00e9es, tandis que sa robustesse garantit une durabilit\u00e9 adapt\u00e9e \u00e0 une utilisation quotidienne intensive.<\/p>","protected":false},"excerpt":{"rendered":"<p>Le <strong data-start=\"2803\" data-end=\"2828\">Opticon L-46R<\/strong>\u00a0est un <strong data-start=\"2836\" data-end=\"2915\">scanner de codes-barres laser 1D filaire performant, robuste et ergonomique<\/strong>, dot\u00e9 d\u2019une <strong data-start=\"2928\" data-end=\"2960\">lecture rapide (100 scans\/s)<\/strong>, d\u2019un <strong data-start=\"2967\" data-end=\"2983\">stand non inclus<\/strong>, et d\u2019une <strong data-start=\"2994\" data-end=\"3021\">connectivit\u00e9 USB facile<\/strong> pour r\u00e9pondre \u00e0 vos besoins professionnels quotidiens.<\/p>","protected":false},"featured_media":16014,"template":"","meta":[],"product_brand":[193],"product_cat":[166,173],"product_tag":[],"class_list":{"0":"post-16882","1":"product","2":"type-product","3":"status-publish","4":"has-post-thumbnail","6":"product_brand-opticon","7":"product_cat-lecteurs-filaires","8":"product_cat-lecteurs-filaires-1d","10":"first","11":"instock","12":"taxable","13":"shipping-taxable","14":"purchasable","15":"product-type-variable"},"_links":{"self":[{"href":"https:\/\/barcodedata.ch\/en\/wp-json\/wp\/v2\/product\/16882","targetHints":{"allow":["GET"]}}],"collection":[{"href":"https:\/\/barcodedata.ch\/en\/wp-json\/wp\/v2\/product"}],"about":[{"href":"https:\/\/barcodedata.ch\/en\/wp-json\/wp\/v2\/types\/product"}],"version-history":[{"count":6,"href":"https:\/\/barcodedata.ch\/en\/wp-json\/wp\/v2\/product\/16882\/revisions"}],"predecessor-version":[{"id":17321,"href":"https:\/\/barcodedata.ch\/en\/wp-json\/wp\/v2\/product\/16882\/revisions\/17321"}],"wp:featuredmedia":[{"embeddable":true,"href":"https:\/\/barcodedata.ch\/en\/wp-json\/wp\/v2\/media\/16014"}],"wp:attachment":[{"href":"https:\/\/barcodedata.ch\/en\/wp-json\/wp\/v2\/media?parent=16882"}],"wp:term":[{"taxonomy":"product_brand","embeddable":true,"href":"https:\/\/barcodedata.ch\/en\/wp-json\/wp\/v2\/product_brand?post=16882"},{"taxonomy":"product_cat","embeddable":true,"href":"https:\/\/barcodedata.ch\/en\/wp-json\/wp\/v2\/product_cat?post=16882"},{"taxonomy":"product_tag","embeddable":true,"href":"https:\/\/barcodedata.ch\/en\/wp-json\/wp\/v2\/product_tag?post=16882"}],"curies":[{"name":"wp","href":"https:\/\/api.w.org\/{rel}","templated":true}]}}