{"id":16877,"date":"2025-12-22T20:10:14","date_gmt":"2025-12-22T19:10:14","guid":{"rendered":"https:\/\/barcodedata.ch\/?post_type=product&#038;p=16877"},"modified":"2026-02-17T11:31:56","modified_gmt":"2026-02-17T10:31:56","slug":"cable-spirale","status":"publish","type":"product","link":"https:\/\/barcodedata.ch\/en\/product\/cable-spirale\/","title":{"rendered":"C\u00e2ble spiral\u00e9"},"content":{"rendered":"<p data-start=\"206\" data-end=\"513\">Le <strong data-start=\"209\" data-end=\"226\">c\u00e2ble spiral\u00e9<\/strong> (ou <strong data-start=\"231\" data-end=\"248\">c\u00e2ble enroul\u00e9<\/strong> \/ <strong data-start=\"251\" data-end=\"267\">spiral cable<\/strong>) est un <strong data-start=\"276\" data-end=\"309\">cordon flexible et extensible<\/strong>, con\u00e7u pour offrir une <strong data-start=\"333\" data-end=\"353\">connexion fiable<\/strong> entre un appareil (comme un scanner ou un p\u00e9riph\u00e9rique) et son port USB ou s\u00e9rie, tout en <strong data-start=\"444\" data-end=\"467\">optimisant l\u2019espace<\/strong> et <strong data-start=\"471\" data-end=\"510\">r\u00e9duisant l\u2019encombrement des c\u00e2bles<\/strong>.<\/p>\n<p data-start=\"515\" data-end=\"795\">Sa forme en spirale permet au c\u00e2ble de s\u2019<strong data-start=\"556\" data-end=\"599\">\u00e9tirer facilement lors de l\u2019utilisation<\/strong>, puis de <strong data-start=\"609\" data-end=\"641\">se r\u00e9tracter automatiquement<\/strong> lorsqu\u2019il n\u2019est pas utilis\u00e9 \u2014 ce qui en fait une <strong data-start=\"691\" data-end=\"736\">solution pratique, ergonomique et durable<\/strong> pour les environnements professionnels \u00e0 usage fr\u00e9quent.<\/p>\n<p data-start=\"797\" data-end=\"1005\">Ce type de c\u00e2ble est particuli\u00e8rement adapt\u00e9 aux <strong data-start=\"846\" data-end=\"874\">scanners de codes-barres<\/strong>, aux <strong data-start=\"880\" data-end=\"897\">terminaux POS<\/strong>, aux <strong data-start=\"903\" data-end=\"923\">postes de caisse<\/strong>, ou \u00e0 toute application n\u00e9cessitant un mouvement fr\u00e9quent sans cr\u00e9er de d\u00e9sordre.<\/p>","protected":false},"excerpt":{"rendered":"<p>Le c\u00e2ble spiral\u00e9 est la solution id\u00e9ale pour allier libert\u00e9 de mouvement, organisation et durabilit\u00e9, garantissant une connexion fiable tout en maintenant un espace de travail propre et efficace.<\/p>","protected":false},"featured_media":16878,"template":"","meta":[],"product_brand":[],"product_cat":[195],"product_tag":[],"class_list":{"0":"post-16877","1":"product","2":"type-product","3":"status-publish","4":"has-post-thumbnail","6":"product_cat-accessoires","8":"first","9":"instock","10":"taxable","11":"shipping-taxable","12":"purchasable","13":"product-type-simple"},"_links":{"self":[{"href":"https:\/\/barcodedata.ch\/en\/wp-json\/wp\/v2\/product\/16877","targetHints":{"allow":["GET"]}}],"collection":[{"href":"https:\/\/barcodedata.ch\/en\/wp-json\/wp\/v2\/product"}],"about":[{"href":"https:\/\/barcodedata.ch\/en\/wp-json\/wp\/v2\/types\/product"}],"version-history":[{"count":4,"href":"https:\/\/barcodedata.ch\/en\/wp-json\/wp\/v2\/product\/16877\/revisions"}],"predecessor-version":[{"id":16957,"href":"https:\/\/barcodedata.ch\/en\/wp-json\/wp\/v2\/product\/16877\/revisions\/16957"}],"wp:featuredmedia":[{"embeddable":true,"href":"https:\/\/barcodedata.ch\/en\/wp-json\/wp\/v2\/media\/16878"}],"wp:attachment":[{"href":"https:\/\/barcodedata.ch\/en\/wp-json\/wp\/v2\/media?parent=16877"}],"wp:term":[{"taxonomy":"product_brand","embeddable":true,"href":"https:\/\/barcodedata.ch\/en\/wp-json\/wp\/v2\/product_brand?post=16877"},{"taxonomy":"product_cat","embeddable":true,"href":"https:\/\/barcodedata.ch\/en\/wp-json\/wp\/v2\/product_cat?post=16877"},{"taxonomy":"product_tag","embeddable":true,"href":"https:\/\/barcodedata.ch\/en\/wp-json\/wp\/v2\/product_tag?post=16877"}],"curies":[{"name":"wp","href":"https:\/\/api.w.org\/{rel}","templated":true}]}}