{"id":16865,"date":"2025-12-22T18:34:15","date_gmt":"2025-12-22T17:34:15","guid":{"rendered":"https:\/\/barcodedata.ch\/?post_type=product&#038;p=16865"},"modified":"2026-03-22T00:27:19","modified_gmt":"2026-03-21T23:27:19","slug":"usb-cable-black-2m","status":"publish","type":"product","link":"https:\/\/barcodedata.ch\/en\/product\/usb-cable-black-2m\/","title":{"rendered":"C\u00e2ble USB"},"content":{"rendered":"<p data-start=\"237\" data-end=\"507\">Le <strong data-start=\"240\" data-end=\"267\">Cable <\/strong><strong data-start=\"240\" data-end=\"267\">USB <\/strong>est un <strong data-start=\"275\" data-end=\"305\">c\u00e2ble USB de haute qualit\u00e9<\/strong> d\u2019une longueur de <strong data-start=\"324\" data-end=\"336\">2 m\u00e8tres<\/strong>, con\u00e7u pour assurer une <strong data-start=\"361\" data-end=\"391\">connexion fiable et stable<\/strong> entre ton scanner (ou tout autre appareil USB) et un ordinateur, terminal POS ou autre dispositif compatible USB.<\/p>\n<p data-start=\"509\" data-end=\"785\">Son design <strong data-start=\"520\" data-end=\"536\">noir discret<\/strong> lui permet de s\u2019int\u00e9grer parfaitement \u00e0 tous types d\u2019environnements professionnels \u2014 commerces, bureaux, entrep\u00f4ts, points de caisse ou installations industrielles \u2014 tout en offrant <strong data-start=\"719\" data-end=\"754\">une grande libert\u00e9 de mouvement<\/strong> gr\u00e2ce \u00e0 sa longueur g\u00e9n\u00e9reuse.<\/p>","protected":false},"excerpt":{"rendered":"<p>Le<strong>\u00a0C\u00e2ble USB\u00a0 <\/strong>est un <strong data-start=\"2926\" data-end=\"2957\">c\u00e2ble USB polyvalent<\/strong>\u00a0en <strong data-start=\"2961\" data-end=\"2969\">noir<\/strong>, pratique pour connecter, synchroniser ou charger une grande vari\u00e9t\u00e9 d\u2019appareils via USB avec une <strong data-start=\"3068\" data-end=\"3101\">installation simple et fiable<\/strong> \u2014 parfait pour un usage quotidien au bureau, \u00e0 la maison ou dans un environnement professionnel.<\/p>","protected":false},"featured_media":16867,"template":"","meta":[],"product_brand":[],"product_cat":[195],"product_tag":[],"class_list":{"0":"post-16865","1":"product","2":"type-product","3":"status-publish","4":"has-post-thumbnail","6":"product_cat-accessoires","8":"first","9":"instock","10":"taxable","11":"shipping-taxable","12":"purchasable","13":"product-type-variable"},"_links":{"self":[{"href":"https:\/\/barcodedata.ch\/en\/wp-json\/wp\/v2\/product\/16865","targetHints":{"allow":["GET"]}}],"collection":[{"href":"https:\/\/barcodedata.ch\/en\/wp-json\/wp\/v2\/product"}],"about":[{"href":"https:\/\/barcodedata.ch\/en\/wp-json\/wp\/v2\/types\/product"}],"version-history":[{"count":5,"href":"https:\/\/barcodedata.ch\/en\/wp-json\/wp\/v2\/product\/16865\/revisions"}],"predecessor-version":[{"id":17664,"href":"https:\/\/barcodedata.ch\/en\/wp-json\/wp\/v2\/product\/16865\/revisions\/17664"}],"wp:featuredmedia":[{"embeddable":true,"href":"https:\/\/barcodedata.ch\/en\/wp-json\/wp\/v2\/media\/16867"}],"wp:attachment":[{"href":"https:\/\/barcodedata.ch\/en\/wp-json\/wp\/v2\/media?parent=16865"}],"wp:term":[{"taxonomy":"product_brand","embeddable":true,"href":"https:\/\/barcodedata.ch\/en\/wp-json\/wp\/v2\/product_brand?post=16865"},{"taxonomy":"product_cat","embeddable":true,"href":"https:\/\/barcodedata.ch\/en\/wp-json\/wp\/v2\/product_cat?post=16865"},{"taxonomy":"product_tag","embeddable":true,"href":"https:\/\/barcodedata.ch\/en\/wp-json\/wp\/v2\/product_tag?post=16865"}],"curies":[{"name":"wp","href":"https:\/\/api.w.org\/{rel}","templated":true}]}}