{"id":16861,"date":"2025-12-22T18:15:15","date_gmt":"2025-12-22T17:15:15","guid":{"rendered":"https:\/\/barcodedata.ch\/?post_type=product&#038;p=16861"},"modified":"2026-02-17T10:32:38","modified_gmt":"2026-02-17T09:32:38","slug":"stand-mural","status":"publish","type":"product","link":"https:\/\/barcodedata.ch\/en\/product\/stand-mural\/","title":{"rendered":"Stand Mural"},"content":{"rendered":"<p data-start=\"177\" data-end=\"353\">Le <strong data-start=\"180\" data-end=\"195\">stand mural<\/strong> est un <strong data-start=\"203\" data-end=\"350\">support robuste et discret con\u00e7u pour fixer solidement un scanner ou un appareil \u00e9lectronique \u00e0 une surface verticale (mur, cloison ou colonne)<\/strong>.<\/p>\n<p style=\"padding-left: 40px;\" data-start=\"355\" data-end=\"578\">Il permet de :<br \/>\n\u2714 optimiser l\u2019espace au sol ou sur un comptoir<br data-start=\"416\" data-end=\"419\" \/>\u2714 positionner l\u2019appareil \u00e0 une hauteur ergonomique<br data-start=\"469\" data-end=\"472\" \/>\u2714 lib\u00e9rer les mains pour les t\u00e2ches r\u00e9p\u00e9titives<br data-start=\"519\" data-end=\"522\" \/>\u2714 augmenter le confort et la productivit\u00e9 des op\u00e9rateurs<\/p>\n<p data-start=\"580\" data-end=\"829\">Ce type de support est particuli\u00e8rement appr\u00e9ci\u00e9 dans les environnements professionnels tels que les <strong data-start=\"681\" data-end=\"744\">points de vente, entrep\u00f4ts, ateliers, pharmacies ou bureaux<\/strong>, o\u00f9 l\u2019espace au sol est pr\u00e9cieux et l\u2019acc\u00e8s \u00e0 l\u2019appareil doit \u00eatre rapide et fiable.<\/p>","protected":false},"excerpt":{"rendered":"<p>Un <strong data-start=\"2534\" data-end=\"2549\">stand mural<\/strong> est un support pratique, robuste et peu encombrant qui permet de <strong data-start=\"2615\" data-end=\"2667\">fixer solidement un scanner ou appareil \u00e0 un mur<\/strong>, optimisant l\u2019espace tout en facilitant l\u2019acc\u00e8s et la productivit\u00e9 dans tous types d\u2019environnements professionnels.<\/p>","protected":false},"featured_media":16862,"template":"","meta":[],"product_brand":[],"product_cat":[195],"product_tag":[],"class_list":{"0":"post-16861","1":"product","2":"type-product","3":"status-publish","4":"has-post-thumbnail","6":"product_cat-accessoires","8":"first","9":"instock","10":"taxable","11":"shipping-taxable","12":"purchasable","13":"product-type-simple"},"_links":{"self":[{"href":"https:\/\/barcodedata.ch\/en\/wp-json\/wp\/v2\/product\/16861","targetHints":{"allow":["GET"]}}],"collection":[{"href":"https:\/\/barcodedata.ch\/en\/wp-json\/wp\/v2\/product"}],"about":[{"href":"https:\/\/barcodedata.ch\/en\/wp-json\/wp\/v2\/types\/product"}],"version-history":[{"count":3,"href":"https:\/\/barcodedata.ch\/en\/wp-json\/wp\/v2\/product\/16861\/revisions"}],"predecessor-version":[{"id":16952,"href":"https:\/\/barcodedata.ch\/en\/wp-json\/wp\/v2\/product\/16861\/revisions\/16952"}],"wp:featuredmedia":[{"embeddable":true,"href":"https:\/\/barcodedata.ch\/en\/wp-json\/wp\/v2\/media\/16862"}],"wp:attachment":[{"href":"https:\/\/barcodedata.ch\/en\/wp-json\/wp\/v2\/media?parent=16861"}],"wp:term":[{"taxonomy":"product_brand","embeddable":true,"href":"https:\/\/barcodedata.ch\/en\/wp-json\/wp\/v2\/product_brand?post=16861"},{"taxonomy":"product_cat","embeddable":true,"href":"https:\/\/barcodedata.ch\/en\/wp-json\/wp\/v2\/product_cat?post=16861"},{"taxonomy":"product_tag","embeddable":true,"href":"https:\/\/barcodedata.ch\/en\/wp-json\/wp\/v2\/product_tag?post=16861"}],"curies":[{"name":"wp","href":"https:\/\/api.w.org\/{rel}","templated":true}]}}