{"id":16852,"date":"2025-12-22T00:48:43","date_gmt":"2025-12-21T23:48:43","guid":{"rendered":"https:\/\/barcodedata.ch\/?post_type=product&#038;p=16852"},"modified":"2026-03-23T22:27:07","modified_gmt":"2026-03-23T21:27:07","slug":"l-46xs","status":"publish","type":"product","link":"https:\/\/barcodedata.ch\/en\/product\/l-46xs\/","title":{"rendered":"L-46XS"},"content":{"rendered":"<p data-start=\"193\" data-end=\"625\">Le <strong data-start=\"196\" data-end=\"222\">Opticon L-46XS <\/strong>est un <strong data-start=\"230\" data-end=\"281\">lecteur de codes-barres 2D filaire ultra-fiable<\/strong>, con\u00e7u pour offrir une <strong data-start=\"305\" data-end=\"342\">lecture rapide, pr\u00e9cise et facile<\/strong> dans une grande vari\u00e9t\u00e9 d\u2019environnements professionnels : <strong data-start=\"401\" data-end=\"466\">commerce de d\u00e9tail, logistique, sant\u00e9, entrep\u00f4ts et industrie<\/strong>. Gr\u00e2ce \u00e0 sa technologie d\u2019imagerie avanc\u00e9e et \u00e0 sa robustesse, ce scanner r\u00e9pond aux besoins des utilisateurs exigeants.<\/p>\n<h3 data-start=\"627\" data-end=\"673\"><strong data-start=\"634\" data-end=\"673\">Performances de lecture sup\u00e9rieures:<\/strong><\/h3>\n<ul>\n<li data-start=\"675\" data-end=\"1436\"><strong data-start=\"677\" data-end=\"697\">Lecture 1D et 2D<\/strong> : capture instantan\u00e9ment tous les codes-barres courants (1D, QR code, DataMatrix, PDF417, etc.).<\/li>\n<li data-start=\"675\" data-end=\"1436\"><strong data-start=\"837\" data-end=\"862\">Imagerie CMOS avanc\u00e9e<\/strong> : technologie de d\u00e9tection puissante pour un point-and-shoot simple et efficace.<\/li>\n<li data-start=\"675\" data-end=\"1436\"><strong data-start=\"986\" data-end=\"1027\">Tol\u00e9rance au mouvement exceptionnelle<\/strong> : continue de lire m\u00eame lorsque les codes bougent rapidement, jusqu\u2019\u00e0 environ <strong data-start=\"1106\" data-end=\"1116\">10 m\/s<\/strong>.<\/li>\n<li data-start=\"675\" data-end=\"1436\"><strong data-start=\"1160\" data-end=\"1191\">Profondeur de champ \u00e9tendue<\/strong> : fiable pour les lectures proches comme \u00e0 distance.<\/li>\n<li data-start=\"675\" data-end=\"1436\"><strong data-start=\"1287\" data-end=\"1318\">Lecture MRZ pour passeports<\/strong> : supporte la lecture des zones de lecture automatique des documents de voyage.<\/li>\n<\/ul>\n<h3 data-start=\"1438\" data-end=\"1480\"><strong data-start=\"1445\" data-end=\"1480\">Connectivit\u00e9 simple et flexible<\/strong><\/h3>\n<ul>\n<li data-start=\"1482\" data-end=\"1852\"><strong data-start=\"1485\" data-end=\"1512\">Interface USB (HID\/COM)<\/strong> : connexion directe via USB-A pour une installation rapide sur PC ou syst\u00e8me de caisse sans configuration complexe.<\/li>\n<li data-start=\"1482\" data-end=\"1852\"><strong data-start=\"1672\" data-end=\"1699\">C\u00e2bles interchangeables<\/strong> : possibilit\u00e9 de remplacer le c\u00e2ble par une version RS-232 ou spiral\u00e9e selon vos besoins (accessoires optionnels).<\/li>\n<\/ul>\n<h3 data-start=\"1854\" data-end=\"1898\"><strong data-start=\"1862\" data-end=\"1898\">Conception ergonomique &amp; robuste<\/strong><\/h3>\n<ul>\n<li data-start=\"1900\" data-end=\"2506\"><strong data-start=\"1903\" data-end=\"1932\">Design noir professionnel<\/strong> : esth\u00e9tique moderne et discr\u00e8te qui s\u2019int\u00e8gre parfaitement \u00e0 tous les points de vente ou postes de travail.<\/li>\n<li data-start=\"1900\" data-end=\"2506\"><strong data-start=\"2085\" data-end=\"2109\">Construction durable<\/strong> : r\u00e9siste \u00e0 des chutes jusqu\u2019\u00e0 <strong data-start=\"2141\" data-end=\"2150\">1,8 m<\/strong> et offre une protection contre la poussi\u00e8re et les \u00e9claboussures (indice <strong data-start=\"2224\" data-end=\"2232\">IP42<\/strong>).<\/li>\n<li data-start=\"1900\" data-end=\"2506\"><strong data-start=\"2278\" data-end=\"2312\">Coating antimicrobien de s\u00e9rie<\/strong> : surface trait\u00e9e pour r\u00e9duire la prolif\u00e9ration des microbes, excellent pour les environnements partag\u00e9s ou sensibles \u00e0 l\u2019hygi\u00e8ne (sant\u00e9, accueil, etc.).<\/li>\n<\/ul>","protected":false},"excerpt":{"rendered":"<p>Le <strong data-start=\"3228\" data-end=\"3254\">Opticon L-46XS<\/strong>\u00a0est un <strong data-start=\"3262\" data-end=\"3305\">scanner de codes-barres 2D filaire noir<\/strong> <strong data-start=\"3306\" data-end=\"3339\">rapide, robuste et polyvalent<\/strong>, avec une technologie d\u2019imagerie avanc\u00e9e, une tol\u00e9rance au mouvement \u00e9lev\u00e9e et une connectivit\u00e9 USB simple <strong data-start=\"3447\" data-end=\"3493\">pour une utilisation imm\u00e9diate et efficace<\/strong> dans de nombreux contextes professionnels.<\/p>","protected":false},"featured_media":16013,"template":"","meta":[],"product_brand":[193],"product_cat":[166,174],"product_tag":[],"class_list":{"0":"post-16852","1":"product","2":"type-product","3":"status-publish","4":"has-post-thumbnail","6":"product_brand-opticon","7":"product_cat-lecteurs-filaires","8":"product_cat-lecteurs-filaires-2d","10":"first","11":"instock","12":"taxable","13":"shipping-taxable","14":"purchasable","15":"product-type-variable"},"_links":{"self":[{"href":"https:\/\/barcodedata.ch\/en\/wp-json\/wp\/v2\/product\/16852","targetHints":{"allow":["GET"]}}],"collection":[{"href":"https:\/\/barcodedata.ch\/en\/wp-json\/wp\/v2\/product"}],"about":[{"href":"https:\/\/barcodedata.ch\/en\/wp-json\/wp\/v2\/types\/product"}],"version-history":[{"count":5,"href":"https:\/\/barcodedata.ch\/en\/wp-json\/wp\/v2\/product\/16852\/revisions"}],"predecessor-version":[{"id":17317,"href":"https:\/\/barcodedata.ch\/en\/wp-json\/wp\/v2\/product\/16852\/revisions\/17317"}],"wp:featuredmedia":[{"embeddable":true,"href":"https:\/\/barcodedata.ch\/en\/wp-json\/wp\/v2\/media\/16013"}],"wp:attachment":[{"href":"https:\/\/barcodedata.ch\/en\/wp-json\/wp\/v2\/media?parent=16852"}],"wp:term":[{"taxonomy":"product_brand","embeddable":true,"href":"https:\/\/barcodedata.ch\/en\/wp-json\/wp\/v2\/product_brand?post=16852"},{"taxonomy":"product_cat","embeddable":true,"href":"https:\/\/barcodedata.ch\/en\/wp-json\/wp\/v2\/product_cat?post=16852"},{"taxonomy":"product_tag","embeddable":true,"href":"https:\/\/barcodedata.ch\/en\/wp-json\/wp\/v2\/product_tag?post=16852"}],"curies":[{"name":"wp","href":"https:\/\/api.w.org\/{rel}","templated":true}]}}