{"id":16843,"date":"2025-12-21T23:33:49","date_gmt":"2025-12-21T22:33:49","guid":{"rendered":"https:\/\/barcodedata.ch\/?post_type=product&#038;p=16843"},"modified":"2026-02-17T10:05:06","modified_gmt":"2026-02-17T09:05:06","slug":"stand-for-l-250-l-46-blk","status":"publish","type":"product","link":"https:\/\/barcodedata.ch\/en\/product\/stand-for-l-250-l-46-blk\/","title":{"rendered":"Stand L-250\/L-46"},"content":{"rendered":"<p data-start=\"195\" data-end=\"674\">Le<strong data-start=\"198\" data-end=\"234\"> Stand pour Opticon L-250\/L-46<\/strong>\u00a0est un <strong data-start=\"242\" data-end=\"273\">support robuste et pratique<\/strong> sp\u00e9cialement con\u00e7u pour accueillir et maintenir vos scanners <strong data-start=\"335\" data-end=\"352\">Opticon L-250<\/strong> ou <strong data-start=\"356\" data-end=\"364\">L-46<\/strong> de mani\u00e8re stable et ergonomique sur un <strong data-start=\"405\" data-end=\"445\">comptoir, bureau ou poste de travail<\/strong>. Il offre une solution id\u00e9ale pour ceux qui souhaitent utiliser leur scanner en <strong data-start=\"526\" data-end=\"547\">mode mains libres<\/strong> ou simplement garder l\u2019appareil \u00e0 port\u00e9e tout en lib\u00e9rant une main pour d\u2019autres t\u00e2ches.<\/p>\n<h3 data-start=\"676\" data-end=\"705\">Points forts du support<\/h3>\n<ul>\n<li data-start=\"707\" data-end=\"732\"><strong data-start=\"710\" data-end=\"730\">Couleur &amp; design<\/strong>\n<ul>\n<li data-start=\"733\" data-end=\"820\">\n<p data-start=\"735\" data-end=\"820\">Finition <strong data-start=\"744\" data-end=\"762\">noire \u00e9l\u00e9gante<\/strong>, assortie au design des scanners Opticon L-250 et L-46.<\/p>\n<\/li>\n<li data-start=\"821\" data-end=\"952\">\n<p data-start=\"823\" data-end=\"952\">Design <strong data-start=\"830\" data-end=\"852\">compact et discret<\/strong> qui s\u2019int\u00e8gre facilement \u00e0 diff\u00e9rents espaces professionnels.<\/p>\n<\/li>\n<\/ul>\n<\/li>\n<li data-start=\"954\" data-end=\"985\"><strong data-start=\"957\" data-end=\"983\">Compatibilit\u00e9 parfaite<\/strong>\n<ul>\n<li data-start=\"986\" data-end=\"1068\">\n<p data-start=\"988\" data-end=\"1068\">Con\u00e7u pour fonctionner avec les mod\u00e8les <strong data-start=\"1028\" data-end=\"1045\">Opticon L-250<\/strong> et <strong data-start=\"1049\" data-end=\"1065\">Opticon L-46<\/strong>.<\/p>\n<\/li>\n<li data-start=\"1069\" data-end=\"1197\">\n<p data-start=\"1071\" data-end=\"1197\">Assure une tenue stable et s\u00e9curis\u00e9e de l\u2019appareil lors de l\u2019utilisation ou du stockage.<\/p>\n<\/li>\n<\/ul>\n<\/li>\n<li data-start=\"1199\" data-end=\"1233\"><strong data-start=\"1202\" data-end=\"1231\">Dimensions &amp; construction<\/strong>\n<ul>\n<li data-start=\"1234\" data-end=\"1357\">\n<p data-start=\"1236\" data-end=\"1357\">Structure suffisamment <strong data-start=\"1259\" data-end=\"1299\">l\u00e9g\u00e8re pour \u00eatre d\u00e9plac\u00e9e facilement<\/strong>, mais assez <strong data-start=\"1312\" data-end=\"1354\">solide pour garder le scanner en place<\/strong>.<\/p>\n<\/li>\n<li data-start=\"1358\" data-end=\"1472\">\n<p data-start=\"1360\" data-end=\"1472\">Facile \u00e0 installer et \u00e0 positionner selon les besoins du poste de travail.<\/p>\n<\/li>\n<\/ul>\n<\/li>\n<li data-start=\"1474\" data-end=\"1503\"><strong data-start=\"1477\" data-end=\"1501\">Utilisation pratique<\/strong>\n<ul>\n<li data-start=\"1504\" data-end=\"1610\">\n<p data-start=\"1506\" data-end=\"1610\">Id\u00e9al pour le <strong data-start=\"1520\" data-end=\"1545\">scanning mains libres<\/strong> ou semi-automatique \u00e0 un point de service, caisse ou comptoir.<\/p>\n<\/li>\n<li data-start=\"1611\" data-end=\"1783\">\n<p data-start=\"1613\" data-end=\"1783\">Permet d\u2019optimiser <strong data-start=\"1632\" data-end=\"1654\">le flux de travail<\/strong>, surtout dans des environnements exigeant une lecture rapide et fr\u00e9quente de codes-barres.<\/p>\n<\/li>\n<\/ul>\n<\/li>\n<li data-start=\"1785\" data-end=\"1811\"><strong data-start=\"1788\" data-end=\"1809\">Accessoire fiable<\/strong>\n<ul>\n<li data-start=\"1812\" data-end=\"2004\">\n<p data-start=\"1814\" data-end=\"2004\">Produit <strong data-start=\"1822\" data-end=\"1842\">original Opticon<\/strong> (r\u00e9f. <strong data-start=\"1849\" data-end=\"1858\">15068<\/strong> \/ EAN : 8719982150680), garantissant une compatibilit\u00e9 et une qualit\u00e9 conformes aux standards de la marque.<\/p>\n<\/li>\n<\/ul>\n<\/li>\n<\/ul>","protected":false},"excerpt":{"rendered":"<p>Le <strong data-start=\"2035\" data-end=\"2071\">\u00a0Stand pour Opticon L-250\/L-46<\/strong>\u00a0est un <strong data-start=\"2079\" data-end=\"2141\">support con\u00e7u pour les scanners Opticon L-250 et L-46<\/strong>, permettant un <strong data-start=\"2157\" data-end=\"2176\">maintien stable<\/strong>, une <strong data-start=\"2182\" data-end=\"2217\">utilisation mains libres facile<\/strong> et une int\u00e9gration propre sur votre poste de travail \u2014 parfait pour les environnements professionnels \u00e0 fort trafic ou n\u00e9cessitant une ergonomie accrue.<\/p>","protected":false},"featured_media":16359,"template":"","meta":[],"product_brand":[],"product_cat":[195],"product_tag":[],"class_list":{"0":"post-16843","1":"product","2":"type-product","3":"status-publish","4":"has-post-thumbnail","6":"product_cat-accessoires","7":"pa_brand-opticon","9":"first","10":"instock","11":"taxable","12":"shipping-taxable","13":"purchasable","14":"product-type-simple"},"_links":{"self":[{"href":"https:\/\/barcodedata.ch\/en\/wp-json\/wp\/v2\/product\/16843","targetHints":{"allow":["GET"]}}],"collection":[{"href":"https:\/\/barcodedata.ch\/en\/wp-json\/wp\/v2\/product"}],"about":[{"href":"https:\/\/barcodedata.ch\/en\/wp-json\/wp\/v2\/types\/product"}],"version-history":[{"count":5,"href":"https:\/\/barcodedata.ch\/en\/wp-json\/wp\/v2\/product\/16843\/revisions"}],"predecessor-version":[{"id":16945,"href":"https:\/\/barcodedata.ch\/en\/wp-json\/wp\/v2\/product\/16843\/revisions\/16945"}],"wp:featuredmedia":[{"embeddable":true,"href":"https:\/\/barcodedata.ch\/en\/wp-json\/wp\/v2\/media\/16359"}],"wp:attachment":[{"href":"https:\/\/barcodedata.ch\/en\/wp-json\/wp\/v2\/media?parent=16843"}],"wp:term":[{"taxonomy":"product_brand","embeddable":true,"href":"https:\/\/barcodedata.ch\/en\/wp-json\/wp\/v2\/product_brand?post=16843"},{"taxonomy":"product_cat","embeddable":true,"href":"https:\/\/barcodedata.ch\/en\/wp-json\/wp\/v2\/product_cat?post=16843"},{"taxonomy":"product_tag","embeddable":true,"href":"https:\/\/barcodedata.ch\/en\/wp-json\/wp\/v2\/product_tag?post=16843"}],"curies":[{"name":"wp","href":"https:\/\/api.w.org\/{rel}","templated":true}]}}