{"id":16836,"date":"2025-12-21T21:00:47","date_gmt":"2025-12-21T20:00:47","guid":{"rendered":"https:\/\/barcodedata.ch\/?post_type=product&#038;p=16836"},"modified":"2026-03-02T05:26:42","modified_gmt":"2026-03-02T04:26:42","slug":"power-supply-rs232","status":"publish","type":"product","link":"https:\/\/barcodedata.ch\/en\/product\/power-supply-rs232\/","title":{"rendered":"Power Supply RS232"},"content":{"rendered":"<div class=\"relative basis-auto flex-col -mb-(--composer-overlap-px) [--composer-overlap-px:28px] grow flex\">\n<div class=\"flex flex-col text-sm pb-25\">\n<article class=\"text-token-text-primary w-full focus:outline-none [--shadow-height:45px] has-data-writing-block:pointer-events-none has-data-writing-block:-mt-(--shadow-height) has-data-writing-block:pt-(--shadow-height) [&amp;:has([data-writing-block])&gt;*]:pointer-events-auto scroll-mt-[calc(var(--header-height)+min(200px,max(70px,20svh)))]\" dir=\"auto\" tabindex=\"-1\" data-turn-id=\"request-WEB:bdf93946-140b-4017-a65e-ca4978fb0a4d-10\" data-testid=\"conversation-turn-22\" data-scroll-anchor=\"true\" data-turn=\"assistant\">\n<div class=\"text-base my-auto mx-auto pb-10 [--thread-content-margin:--spacing(4)] @w-sm\/main:[--thread-content-margin:--spacing(6)] @w-lg\/main:[--thread-content-margin:--spacing(16)] px-(--thread-content-margin)\">\n<div class=\"[--thread-content-max-width:40rem] @w-lg\/main:[--thread-content-max-width:48rem] mx-auto max-w-(--thread-content-max-width) flex-1 group\/turn-messages focus-visible:outline-hidden relative flex w-full min-w-0 flex-col agent-turn\" tabindex=\"-1\">\n<div class=\"flex max-w-full flex-col grow\">\n<div class=\"min-h-8 text-message relative flex w-full flex-col items-end gap-2 text-start break-words whitespace-normal [.text-message+&amp;]:mt-1\" dir=\"auto\" data-message-author-role=\"assistant\" data-message-id=\"6837c973-9283-49ea-b695-6b98e28057b4\" data-message-model-slug=\"gpt-5-2\">\n<div class=\"flex w-full flex-col gap-1 empty:hidden first:pt-[1px]\">\n<div class=\"markdown prose dark:prose-invert w-full break-words dark markdown-new-styling\">\n<p data-start=\"200\" data-end=\"501\">Le <strong data-start=\"203\" data-end=\"225\">Power Supply RS232<\/strong> est une <strong data-start=\"234\" data-end=\"276\">alimentation externe robuste et fiable<\/strong> con\u00e7ue pour fournir l\u2019\u00e9nergie n\u00e9cessaire aux appareils qui utilisent une <strong data-start=\"350\" data-end=\"376\">interface s\u00e9rie RS-232<\/strong>, notamment les scanners de codes-barres, terminaux industriels, \u00e9quipements de point de vente ou autres p\u00e9riph\u00e9riques s\u00e9rie.<\/p>\n<p data-start=\"503\" data-end=\"850\">Contrairement aux interfaces <strong data-start=\"532\" data-end=\"539\">USB<\/strong>, qui peuvent fournir de l\u2019\u00e9nergie directement, les ports <strong data-start=\"597\" data-end=\"639\">RS-232 ne d\u00e9livrent pas d\u2019alimentation<\/strong>. Le Power Supply RS232 permet donc d\u2019alimenter ces appareils de mani\u00e8re stable et s\u00e9curis\u00e9e, garantissant un fonctionnement optimal m\u00eame dans les environnements professionnels ou industriels les plus exigeants.<\/p>\n<\/div>\n<\/div>\n<\/div>\n<\/div>\n<\/div>\n<\/div>\n<\/article>\n<\/div>\n<\/div>\n","protected":false},"excerpt":{"rendered":"<p>Un <strong data-start=\"195\" data-end=\"217\">Power Supply RS232<\/strong> est une <strong data-start=\"226\" data-end=\"261\">alimentation \u00e9lectrique externe<\/strong> con\u00e7ue pour fournir l\u2019\u00e9nergie n\u00e9cessaire \u00e0 un <strong data-start=\"308\" data-end=\"356\">appareil \u00e9quip\u00e9 d\u2019une interface s\u00e9rie RS-232<\/strong> (comme certains scanners, terminaux ou \u00e9quipements industriels) lorsque <strong data-start=\"429\" data-end=\"486\">le port s\u00e9rie ne peut pas fournir l\u2019alimentation seul<\/strong>.<\/p>","protected":false},"featured_media":16839,"template":"","meta":[],"product_brand":[193],"product_cat":[195],"product_tag":[],"class_list":{"0":"post-16836","1":"product","2":"type-product","3":"status-publish","4":"has-post-thumbnail","6":"product_brand-opticon","7":"product_cat-accessoires","8":"pa_brand-zebra","10":"first","11":"instock","12":"taxable","13":"shipping-taxable","14":"purchasable","15":"product-type-simple"},"_links":{"self":[{"href":"https:\/\/barcodedata.ch\/en\/wp-json\/wp\/v2\/product\/16836","targetHints":{"allow":["GET"]}}],"collection":[{"href":"https:\/\/barcodedata.ch\/en\/wp-json\/wp\/v2\/product"}],"about":[{"href":"https:\/\/barcodedata.ch\/en\/wp-json\/wp\/v2\/types\/product"}],"version-history":[{"count":3,"href":"https:\/\/barcodedata.ch\/en\/wp-json\/wp\/v2\/product\/16836\/revisions"}],"predecessor-version":[{"id":16941,"href":"https:\/\/barcodedata.ch\/en\/wp-json\/wp\/v2\/product\/16836\/revisions\/16941"}],"wp:featuredmedia":[{"embeddable":true,"href":"https:\/\/barcodedata.ch\/en\/wp-json\/wp\/v2\/media\/16839"}],"wp:attachment":[{"href":"https:\/\/barcodedata.ch\/en\/wp-json\/wp\/v2\/media?parent=16836"}],"wp:term":[{"taxonomy":"product_brand","embeddable":true,"href":"https:\/\/barcodedata.ch\/en\/wp-json\/wp\/v2\/product_brand?post=16836"},{"taxonomy":"product_cat","embeddable":true,"href":"https:\/\/barcodedata.ch\/en\/wp-json\/wp\/v2\/product_cat?post=16836"},{"taxonomy":"product_tag","embeddable":true,"href":"https:\/\/barcodedata.ch\/en\/wp-json\/wp\/v2\/product_tag?post=16836"}],"curies":[{"name":"wp","href":"https:\/\/api.w.org\/{rel}","templated":true}]}}