{"id":16831,"date":"2025-12-21T19:25:09","date_gmt":"2025-12-21T18:25:09","guid":{"rendered":"https:\/\/barcodedata.ch\/?post_type=product&#038;p=16831"},"modified":"2026-03-22T00:20:12","modified_gmt":"2026-03-21T23:20:12","slug":"rs232-cable-2m","status":"publish","type":"product","link":"https:\/\/barcodedata.ch\/en\/product\/rs232-cable-2m\/","title":{"rendered":"C\u00c2BLE RS232"},"content":{"rendered":"<p data-start=\"207\" data-end=\"494\">Le <strong data-start=\"210\" data-end=\"231\">C\u00e2ble RS232<\/strong>\u00a0est un <strong data-start=\"239\" data-end=\"289\">cordon de communication s\u00e9rie de haute qualit\u00e9<\/strong> con\u00e7u pour assurer une <strong data-start=\"313\" data-end=\"348\">transmission fiable des donn\u00e9es<\/strong> entre des appareils \u00e9quip\u00e9s d\u2019interfaces <strong data-start=\"390\" data-end=\"400\">RS-232<\/strong> (ports s\u00e9rie) et des ordinateurs, syst\u00e8mes de caisse, terminaux industriels ou contr\u00f4leurs.<\/p>\n<p data-start=\"496\" data-end=\"701\">Avec une longueur de <strong data-start=\"517\" data-end=\"529\">2 m\u00e8tres<\/strong>, ce c\u00e2ble offre <strong data-start=\"546\" data-end=\"583\">une port\u00e9e suffisante et flexible<\/strong> pour relier des \u00e9quipements m\u00eame espac\u00e9s, tout en maintenant une transmission stable et r\u00e9sistante aux interf\u00e9rences.<\/p>\n<p data-start=\"703\" data-end=\"918\">Ce type de c\u00e2ble est particuli\u00e8rement recommand\u00e9 pour les environnements <strong data-start=\"776\" data-end=\"809\">professionnels et industriels<\/strong> o\u00f9 la communication s\u00e9rie reste une norme \u00e9prouv\u00e9e.<\/p>","protected":false},"excerpt":{"rendered":"<p>Le <strong data-start=\"2224\" data-end=\"2246\">\u00a0CABLE RS232<\/strong>\u00a0est un <strong data-start=\"2254\" data-end=\"2288\">c\u00e2ble\u00a0 de 2 m<\/strong> avec connecteurs <strong data-start=\"2306\" data-end=\"2330\">DB-9 m\u00e2le et femelle<\/strong>, parfait pour \u00e9tablir une liaison s\u00e9rie fiable entre votre \u00e9quipement professionnel. Il est robuste, bien blind\u00e9 contre les interf\u00e9rences et adapt\u00e9 \u00e0 de nombreuses applications s\u00e9rie classiques.<\/p>","protected":false},"featured_media":16832,"template":"","meta":[],"product_brand":[],"product_cat":[195],"product_tag":[],"class_list":{"0":"post-16831","1":"product","2":"type-product","3":"status-publish","4":"has-post-thumbnail","6":"product_cat-accessoires","8":"first","9":"instock","10":"taxable","11":"shipping-taxable","12":"purchasable","13":"product-type-variable"},"_links":{"self":[{"href":"https:\/\/barcodedata.ch\/en\/wp-json\/wp\/v2\/product\/16831","targetHints":{"allow":["GET"]}}],"collection":[{"href":"https:\/\/barcodedata.ch\/en\/wp-json\/wp\/v2\/product"}],"about":[{"href":"https:\/\/barcodedata.ch\/en\/wp-json\/wp\/v2\/types\/product"}],"version-history":[{"count":4,"href":"https:\/\/barcodedata.ch\/en\/wp-json\/wp\/v2\/product\/16831\/revisions"}],"predecessor-version":[{"id":16936,"href":"https:\/\/barcodedata.ch\/en\/wp-json\/wp\/v2\/product\/16831\/revisions\/16936"}],"wp:featuredmedia":[{"embeddable":true,"href":"https:\/\/barcodedata.ch\/en\/wp-json\/wp\/v2\/media\/16832"}],"wp:attachment":[{"href":"https:\/\/barcodedata.ch\/en\/wp-json\/wp\/v2\/media?parent=16831"}],"wp:term":[{"taxonomy":"product_brand","embeddable":true,"href":"https:\/\/barcodedata.ch\/en\/wp-json\/wp\/v2\/product_brand?post=16831"},{"taxonomy":"product_cat","embeddable":true,"href":"https:\/\/barcodedata.ch\/en\/wp-json\/wp\/v2\/product_cat?post=16831"},{"taxonomy":"product_tag","embeddable":true,"href":"https:\/\/barcodedata.ch\/en\/wp-json\/wp\/v2\/product_tag?post=16831"}],"curies":[{"name":"wp","href":"https:\/\/api.w.org\/{rel}","templated":true}]}}