{"id":16767,"date":"2025-12-21T11:30:16","date_gmt":"2025-12-21T10:30:16","guid":{"rendered":"https:\/\/barcodedata.ch\/?post_type=product&#038;p=16767"},"modified":"2026-03-22T00:15:56","modified_gmt":"2026-03-21T23:15:56","slug":"c-37-usb","status":"publish","type":"product","link":"https:\/\/barcodedata.ch\/en\/product\/c-37-usb\/","title":{"rendered":"C-37"},"content":{"rendered":"<p data-start=\"211\" data-end=\"581\">Le <strong data-start=\"214\" data-end=\"230\">Opticon C-37<\/strong> est un <strong data-start=\"238\" data-end=\"282\">scanner de codes-barres filaire portable<\/strong> dot\u00e9 d\u2019un <strong data-start=\"293\" data-end=\"333\">capteur CCD lin\u00e9aire haute fiabilit\u00e9<\/strong>. Con\u00e7u pour des usages quotidiens dans des environnements commerciaux, bureaux, sant\u00e9 ou logistique, il offre une <strong data-start=\"448\" data-end=\"486\">lecture rapide des codes-barres 1D<\/strong> gr\u00e2ce \u00e0 un moteur de <strong data-start=\"508\" data-end=\"543\">scan \u00e0 200 lectures par seconde<\/strong>.<\/p>\n<p data-start=\"583\" data-end=\"809\">Ce mod\u00e8le prend en charge les <strong data-start=\"613\" data-end=\"652\">interfaces USB et RS-232 classiques<\/strong>, ce qui permet de le connecter facilement \u00e0 une grande vari\u00e9t\u00e9 de syst\u00e8mes h\u00f4tes (PC, terminaux, automates ou caisses).<\/p>","protected":false},"excerpt":{"rendered":"<p><strong data-start=\"4507\" data-end=\"4537\">Opticon C-37 (USB | RS232)<\/strong> : <em data-start=\"4540\" data-end=\"4740\">scanner filaire CCD 1D compact, rapide (200 scans\/s), avec interfaces USB et RS-232, robuste (IP42, chute 1,5 m), adapt\u00e9 aux points de vente, administration, logistique et applications industrielles<\/em>.<\/p>","protected":false},"featured_media":16195,"template":"","meta":[],"product_brand":[193],"product_cat":[166,173],"product_tag":[],"class_list":{"0":"post-16767","1":"product","2":"type-product","3":"status-publish","4":"has-post-thumbnail","6":"product_brand-opticon","7":"product_cat-lecteurs-filaires","8":"product_cat-lecteurs-filaires-1d","10":"first","11":"instock","12":"taxable","13":"shipping-taxable","14":"purchasable","15":"product-type-variable"},"_links":{"self":[{"href":"https:\/\/barcodedata.ch\/en\/wp-json\/wp\/v2\/product\/16767","targetHints":{"allow":["GET"]}}],"collection":[{"href":"https:\/\/barcodedata.ch\/en\/wp-json\/wp\/v2\/product"}],"about":[{"href":"https:\/\/barcodedata.ch\/en\/wp-json\/wp\/v2\/types\/product"}],"version-history":[{"count":16,"href":"https:\/\/barcodedata.ch\/en\/wp-json\/wp\/v2\/product\/16767\/revisions"}],"predecessor-version":[{"id":17310,"href":"https:\/\/barcodedata.ch\/en\/wp-json\/wp\/v2\/product\/16767\/revisions\/17310"}],"wp:featuredmedia":[{"embeddable":true,"href":"https:\/\/barcodedata.ch\/en\/wp-json\/wp\/v2\/media\/16195"}],"wp:attachment":[{"href":"https:\/\/barcodedata.ch\/en\/wp-json\/wp\/v2\/media?parent=16767"}],"wp:term":[{"taxonomy":"product_brand","embeddable":true,"href":"https:\/\/barcodedata.ch\/en\/wp-json\/wp\/v2\/product_brand?post=16767"},{"taxonomy":"product_cat","embeddable":true,"href":"https:\/\/barcodedata.ch\/en\/wp-json\/wp\/v2\/product_cat?post=16767"},{"taxonomy":"product_tag","embeddable":true,"href":"https:\/\/barcodedata.ch\/en\/wp-json\/wp\/v2\/product_tag?post=16767"}],"curies":[{"name":"wp","href":"https:\/\/api.w.org\/{rel}","templated":true}]}}