{"id":16612,"date":"2025-07-31T14:43:31","date_gmt":"2025-07-31T12:43:31","guid":{"rendered":"https:\/\/barcodedata.ch\/?post_type=product&#038;p=16612"},"modified":"2026-03-22T01:39:47","modified_gmt":"2026-03-22T00:39:47","slug":"poignee-pistolet-h-35","status":"publish","type":"product","link":"https:\/\/barcodedata.ch\/en\/product\/poignee-pistolet-h-35\/","title":{"rendered":"Poign\u00e9e Pistolet H-35"},"content":{"rendered":"<p data-start=\"284\" data-end=\"797\">La <strong data-start=\"287\" data-end=\"318\">Poign\u00e9e pistolet (pistol Grip) pour Opticon<\/strong> est un <strong data-start=\"326\" data-end=\"381\">accessoire en forme de poign\u00e9e pistolet ergonomique<\/strong> con\u00e7u pour am\u00e9liorer le confort, la stabilit\u00e9 et l\u2019efficacit\u00e9 des scanners portables et terminaux mobiles (notamment les mod\u00e8les compatibles avec grips Opticon). Gr\u00e2ce \u00e0 sa forme <strong data-start=\"561\" data-end=\"589\">angul\u00e9e et antid\u00e9rapante<\/strong>, il transforme un scanner standard en un appareil de type <em data-start=\"648\" data-end=\"658\">pistolet<\/em>, permettant une <strong data-start=\"675\" data-end=\"760\">prise en main naturelle, une posture plus d\u00e9tendue et une r\u00e9duction de la fatigue<\/strong> lors de sessions de scan intensives.<\/p>\n<p data-start=\"799\" data-end=\"1124\">Ce grip est une version <strong data-start=\"823\" data-end=\"839\">am\u00e9lior\u00e9e V2<\/strong>, pens\u00e9e pour \u00eatre robuste tout en restant l\u00e9g\u00e8re, avec un design adapt\u00e9 aux environnements professionnels exigeants. Il permet d\u2019<strong data-start=\"969\" data-end=\"1020\">int\u00e9grer ou fixer le terminal en toute s\u00e9curit\u00e9<\/strong>, am\u00e9liorant la productivit\u00e9 lors de longues p\u00e9riodes de scanning.<\/p>\n<p data-start=\"1126\" data-end=\"1314\"><em data-start=\"1129\" data-end=\"1276\">Ce type de grip est particuli\u00e8rement appr\u00e9ci\u00e9 en logistique, commerce et tous les secteurs o\u00f9 les scanners portables sont utilis\u00e9s intensivement.<\/em><\/p>","protected":false},"excerpt":{"rendered":"<p data-start=\"126\" data-end=\"468\">Optimisez votre prise en main avec cette poign\u00e9e pistolet ergonomique sp\u00e9cialement con\u00e7ue pour le H-35. Facile \u00e0 installer, elle assure une meilleure stabilit\u00e9, un confort accru lors de l&rsquo;utilisation prolong\u00e9e, et une pr\u00e9cision am\u00e9lior\u00e9e. L\u2019accessoire id\u00e9al pour un contr\u00f4le total et une performance optimale.<\/p>","protected":false},"featured_media":16608,"template":"","meta":[],"product_brand":[193],"product_cat":[195],"product_tag":[],"class_list":{"0":"post-16612","1":"product","2":"type-product","3":"status-publish","4":"has-post-thumbnail","6":"product_brand-opticon","7":"product_cat-accessoires","9":"first","10":"instock","11":"taxable","12":"shipping-taxable","13":"purchasable","14":"product-type-simple"},"_links":{"self":[{"href":"https:\/\/barcodedata.ch\/en\/wp-json\/wp\/v2\/product\/16612","targetHints":{"allow":["GET"]}}],"collection":[{"href":"https:\/\/barcodedata.ch\/en\/wp-json\/wp\/v2\/product"}],"about":[{"href":"https:\/\/barcodedata.ch\/en\/wp-json\/wp\/v2\/types\/product"}],"version-history":[{"count":4,"href":"https:\/\/barcodedata.ch\/en\/wp-json\/wp\/v2\/product\/16612\/revisions"}],"predecessor-version":[{"id":17069,"href":"https:\/\/barcodedata.ch\/en\/wp-json\/wp\/v2\/product\/16612\/revisions\/17069"}],"wp:featuredmedia":[{"embeddable":true,"href":"https:\/\/barcodedata.ch\/en\/wp-json\/wp\/v2\/media\/16608"}],"wp:attachment":[{"href":"https:\/\/barcodedata.ch\/en\/wp-json\/wp\/v2\/media?parent=16612"}],"wp:term":[{"taxonomy":"product_brand","embeddable":true,"href":"https:\/\/barcodedata.ch\/en\/wp-json\/wp\/v2\/product_brand?post=16612"},{"taxonomy":"product_cat","embeddable":true,"href":"https:\/\/barcodedata.ch\/en\/wp-json\/wp\/v2\/product_cat?post=16612"},{"taxonomy":"product_tag","embeddable":true,"href":"https:\/\/barcodedata.ch\/en\/wp-json\/wp\/v2\/product_tag?post=16612"}],"curies":[{"name":"wp","href":"https:\/\/api.w.org\/{rel}","templated":true}]}}