{"id":16512,"date":"2026-03-08T22:35:35","date_gmt":"2026-03-08T21:35:35","guid":{"rendered":"https:\/\/barcodedata.ch\/?post_type=product&#038;p=16512"},"modified":"2026-03-25T00:52:15","modified_gmt":"2026-03-24T23:52:15","slug":"esl-web-server-software","status":"publish","type":"product","link":"https:\/\/barcodedata.ch\/en\/product\/esl-web-server-software\/","title":{"rendered":"ESL Web Server Software"},"content":{"rendered":"<p data-start=\"184\" data-end=\"399\">Le <strong data-start=\"187\" data-end=\"222\">Opticon ESL Web Server Software<\/strong> est une plateforme de gestion <strong data-start=\"253\" data-end=\"266\">web-based<\/strong> permettant de contr\u00f4ler et administrer un r\u00e9seau complet d\u2019<strong data-start=\"326\" data-end=\"371\">\u00e9tiquettes \u00e9lectroniques de gondole (ESL)<\/strong> depuis un navigateur web.<\/p>\n<p data-start=\"401\" data-end=\"657\">Le logiciel permet de <strong data-start=\"423\" data-end=\"510\">connecter les \u00e9tiquettes ESL \u00e0 une base de donn\u00e9es produits via une station de base<\/strong> et d\u2019assurer la mise \u00e0 jour automatique des informations affich\u00e9es (prix, promotions, descriptions, etc.).<\/p>\n<p data-start=\"659\" data-end=\"896\">Gr\u00e2ce \u00e0 son interface web, n\u2019importe quel appareil connect\u00e9 au m\u00eame r\u00e9seau (ordinateur, tablette ou smartphone) peut acc\u00e9der au syst\u00e8me et g\u00e9rer les \u00e9tiquettes sans installation locale de logiciel.<\/p>","protected":false},"excerpt":{"rendered":"<p data-start=\"3630\" data-end=\"3679\">Le logiciel est utilis\u00e9 dans plusieurs secteurs :<\/p>\n<p style=\"padding-left: 40px;\" data-start=\"3681\" data-end=\"3994\">\u2714 <strong data-start=\"3683\" data-end=\"3708\">Retail &amp; supermarch\u00e9s<\/strong> \u2013 mise \u00e0 jour automatique des prix<br data-start=\"3743\" data-end=\"3746\" \/>\u2714 <strong data-start=\"3748\" data-end=\"3772\">Magasins multi-sites<\/strong> \u2013 gestion centralis\u00e9e des \u00e9tiquettes<br data-start=\"3809\" data-end=\"3812\" \/>\u2714 <strong data-start=\"3814\" data-end=\"3852\">Pharmacies et magasins sp\u00e9cialis\u00e9s<\/strong><br data-start=\"3852\" data-end=\"3855\" \/>\u2714 <strong data-start=\"3857\" data-end=\"3884\">Logistique et entrep\u00f4ts<\/strong> \u2013 affichage dynamique d\u2019informations<br data-start=\"3921\" data-end=\"3924\" \/>\u2714 <strong data-start=\"3926\" data-end=\"3939\">Industrie<\/strong> \u2013 affichage de donn\u00e9es op\u00e9rationnelles en temps r\u00e9el<\/p>\n<p data-start=\"3996\" data-end=\"4140\">L\u2019utilisation d\u2019ESL permet de <strong data-start=\"4026\" data-end=\"4097\">r\u00e9duire les erreurs humaines et automatiser les changements de prix<\/strong>.<\/p>","protected":false},"featured_media":16516,"template":"","meta":[],"product_brand":[193],"product_cat":[189],"product_tag":[],"class_list":{"0":"post-16512","1":"product","2":"type-product","3":"status-publish","4":"has-post-thumbnail","6":"product_brand-opticon","7":"product_cat-communication","9":"first","10":"instock","11":"taxable","12":"shipping-taxable","13":"purchasable","14":"product-type-simple"},"_links":{"self":[{"href":"https:\/\/barcodedata.ch\/en\/wp-json\/wp\/v2\/product\/16512","targetHints":{"allow":["GET"]}}],"collection":[{"href":"https:\/\/barcodedata.ch\/en\/wp-json\/wp\/v2\/product"}],"about":[{"href":"https:\/\/barcodedata.ch\/en\/wp-json\/wp\/v2\/types\/product"}],"version-history":[{"count":2,"href":"https:\/\/barcodedata.ch\/en\/wp-json\/wp\/v2\/product\/16512\/revisions"}],"predecessor-version":[{"id":17374,"href":"https:\/\/barcodedata.ch\/en\/wp-json\/wp\/v2\/product\/16512\/revisions\/17374"}],"wp:featuredmedia":[{"embeddable":true,"href":"https:\/\/barcodedata.ch\/en\/wp-json\/wp\/v2\/media\/16516"}],"wp:attachment":[{"href":"https:\/\/barcodedata.ch\/en\/wp-json\/wp\/v2\/media?parent=16512"}],"wp:term":[{"taxonomy":"product_brand","embeddable":true,"href":"https:\/\/barcodedata.ch\/en\/wp-json\/wp\/v2\/product_brand?post=16512"},{"taxonomy":"product_cat","embeddable":true,"href":"https:\/\/barcodedata.ch\/en\/wp-json\/wp\/v2\/product_cat?post=16512"},{"taxonomy":"product_tag","embeddable":true,"href":"https:\/\/barcodedata.ch\/en\/wp-json\/wp\/v2\/product_tag?post=16512"}],"curies":[{"name":"wp","href":"https:\/\/api.w.org\/{rel}","templated":true}]}}