{"id":16508,"date":"2026-03-08T22:10:26","date_gmt":"2026-03-08T21:10:26","guid":{"rendered":"https:\/\/barcodedata.ch\/?post_type=product&#038;p=16508"},"modified":"2026-03-25T00:53:06","modified_gmt":"2026-03-24T23:53:06","slug":"esl-server-software","status":"publish","type":"product","link":"https:\/\/barcodedata.ch\/en\/product\/esl-server-software\/","title":{"rendered":"ESL Server Software"},"content":{"rendered":"<p data-start=\"173\" data-end=\"502\">Le <strong data-start=\"176\" data-end=\"217\"><span class=\"hover:entity-accent entity-underline inline cursor-pointer align-baseline\"><span class=\"whitespace-normal\">Opticon ESL Server Software<\/span><\/span><\/strong> est le logiciel central de gestion des <strong data-start=\"257\" data-end=\"302\">\u00e9tiquettes \u00e9lectroniques de gondole (ESL)<\/strong> d\u2019Opticon. Il permet de <strong data-start=\"327\" data-end=\"421\">contr\u00f4ler, configurer et mettre \u00e0 jour automatiquement toutes les \u00e9tiquettes \u00e9lectroniques<\/strong> connect\u00e9es via les stations de base ESL.<\/p>\n<p data-start=\"504\" data-end=\"769\">Le logiciel connecte les <strong data-start=\"529\" data-end=\"547\">\u00e9tiquettes ESL<\/strong>, les <strong data-start=\"553\" data-end=\"573\">stations de base<\/strong> et la <strong data-start=\"580\" data-end=\"608\">base de donn\u00e9es produits<\/strong>, ce qui garantit que les <strong data-start=\"634\" data-end=\"728\">prix, promotions et informations produits affich\u00e9s sur les \u00e9tiquettes sont toujours \u00e0 jour<\/strong>.<\/p>\n<p data-start=\"771\" data-end=\"944\">Il est utilis\u00e9 dans les solutions <strong data-start=\"805\" data-end=\"830\">retail et logistiques<\/strong> pour automatiser la mise \u00e0 jour des prix et r\u00e9duire les erreurs humaines.<\/p>","protected":false},"excerpt":{"rendered":"<p data-start=\"3932\" data-end=\"4061\"><strong data-start=\"3935\" data-end=\"3966\">Opticon ESL Server Software<\/strong> est le <strong data-start=\"3974\" data-end=\"4042\">logiciel central de gestion des \u00e9tiquettes \u00e9lectroniques Opticon<\/strong>, permettant de :<\/p>\n<ul data-start=\"4063\" data-end=\"4311\">\n<li data-section-id=\"8gcklo\" data-start=\"4063\" data-end=\"4114\">\n<p data-start=\"4065\" data-end=\"4114\">connecter les ESL aux bases de donn\u00e9es produits<\/p>\n<\/li>\n<li data-section-id=\"1yyvate\" data-start=\"4115\" data-end=\"4163\">\n<p data-start=\"4117\" data-end=\"4163\">g\u00e9rer les prix et informations en temps r\u00e9el<\/p>\n<\/li>\n<li data-section-id=\"1l6cmrb\" data-start=\"4164\" data-end=\"4212\">\n<p data-start=\"4166\" data-end=\"4212\">cr\u00e9er des templates graphiques personnalis\u00e9s<\/p>\n<\/li>\n<li data-section-id=\"1cpqb1p\" data-start=\"4213\" data-end=\"4252\">\n<p data-start=\"4215\" data-end=\"4252\">surveiller l\u2019ensemble du r\u00e9seau ESL<\/p>\n<\/li>\n<li data-section-id=\"nm18jo\" data-start=\"4253\" data-end=\"4311\">\n<p data-start=\"4255\" data-end=\"4311\">int\u00e9grer facilement le syst\u00e8me avec ERP ou POS via API<\/p>\n<\/li>\n<\/ul>","protected":false},"featured_media":16510,"template":"","meta":[],"product_brand":[193],"product_cat":[189],"product_tag":[],"class_list":{"0":"post-16508","1":"product","2":"type-product","3":"status-publish","4":"has-post-thumbnail","6":"product_brand-opticon","7":"product_cat-communication","9":"first","10":"instock","11":"taxable","12":"shipping-taxable","13":"purchasable","14":"product-type-simple"},"_links":{"self":[{"href":"https:\/\/barcodedata.ch\/en\/wp-json\/wp\/v2\/product\/16508","targetHints":{"allow":["GET"]}}],"collection":[{"href":"https:\/\/barcodedata.ch\/en\/wp-json\/wp\/v2\/product"}],"about":[{"href":"https:\/\/barcodedata.ch\/en\/wp-json\/wp\/v2\/types\/product"}],"version-history":[{"count":2,"href":"https:\/\/barcodedata.ch\/en\/wp-json\/wp\/v2\/product\/16508\/revisions"}],"predecessor-version":[{"id":17373,"href":"https:\/\/barcodedata.ch\/en\/wp-json\/wp\/v2\/product\/16508\/revisions\/17373"}],"wp:featuredmedia":[{"embeddable":true,"href":"https:\/\/barcodedata.ch\/en\/wp-json\/wp\/v2\/media\/16510"}],"wp:attachment":[{"href":"https:\/\/barcodedata.ch\/en\/wp-json\/wp\/v2\/media?parent=16508"}],"wp:term":[{"taxonomy":"product_brand","embeddable":true,"href":"https:\/\/barcodedata.ch\/en\/wp-json\/wp\/v2\/product_brand?post=16508"},{"taxonomy":"product_cat","embeddable":true,"href":"https:\/\/barcodedata.ch\/en\/wp-json\/wp\/v2\/product_cat?post=16508"},{"taxonomy":"product_tag","embeddable":true,"href":"https:\/\/barcodedata.ch\/en\/wp-json\/wp\/v2\/product_tag?post=16508"}],"curies":[{"name":"wp","href":"https:\/\/api.w.org\/{rel}","templated":true}]}}